{"id":6687,"date":"2024-08-24T05:43:04","date_gmt":"2024-08-24T05:43:04","guid":{"rendered":"https:\/\/boxwall.com\/sobre-nos\/"},"modified":"2026-05-04T13:43:26","modified_gmt":"2026-05-04T13:43:26","slug":"sobre-nos","status":"publish","type":"page","link":"https:\/\/boxwall.com\/pt-pt\/sobre-nos\/","title":{"rendered":"Sobre N\u00f3s"},"content":{"rendered":"\t\t<div data-elementor-type=\"wp-page\" data-elementor-id=\"6687\" class=\"elementor elementor-6687 elementor-119\">\n\t\t\t\t<div class=\"elementor-element elementor-element-6293501 e-flex e-con-boxed e-con e-parent\" data-id=\"6293501\" data-element_type=\"container\" data-e-type=\"container\" data-settings=\"{&quot;background_background&quot;:&quot;classic&quot;}\">\n\t\t\t\t\t<div class=\"e-con-inner\">\n\t\t<div class=\"elementor-element elementor-element-60f23af e-con-full e-flex e-con e-child\" data-id=\"60f23af\" data-element_type=\"container\" data-e-type=\"container\">\n\t\t\t\t<div class=\"elementor-element elementor-element-8b67591 elementor-widget elementor-widget-heading\" data-id=\"8b67591\" data-element_type=\"widget\" data-e-type=\"widget\" data-widget_type=\"heading.default\">\n\t\t\t\t<div class=\"elementor-widget-container\">\n\t\t\t\t\t<h1 class=\"elementor-heading-title elementor-size-default\">Sobre N\u00f3s<\/h1>\t\t\t\t<\/div>\n\t\t\t\t<\/div>\n\t\t\t\t<div class=\"elementor-element elementor-element-8d29c6c elementor-widget elementor-widget-text-editor\" data-id=\"8d29c6c\" data-element_type=\"widget\" data-e-type=\"widget\" data-widget_type=\"text-editor.default\">\n\t\t\t\t<div class=\"elementor-widget-container\">\n\t\t\t\t\t\t\t\t\tEspecializamo-nos na cria\u00e7\u00e3o de solu\u00e7\u00f5es inovadoras para prote\u00e7\u00e3o tempor\u00e1ria contra cheias, projetos de constru\u00e7\u00e3o em meio aqu\u00e1tico e armazenamento tempor\u00e1rio de l\u00edquidos.\t\t\t\t\t\t\t\t<\/div>\n\t\t\t\t<\/div>\n\t\t\t\t<\/div>\n\t\t\t\t\t<\/div>\n\t\t\t\t<\/div>\n\t\t<div class=\"elementor-element elementor-element-1df73b1 e-flex e-con-boxed e-con e-parent\" data-id=\"1df73b1\" data-element_type=\"container\" data-e-type=\"container\" data-settings=\"{&quot;background_background&quot;:&quot;classic&quot;}\">\n\t\t\t\t\t<div class=\"e-con-inner\">\n\t\t<div class=\"elementor-element elementor-element-c002b61 e-con-full e-flex e-con e-child\" data-id=\"c002b61\" data-element_type=\"container\" data-e-type=\"container\" data-settings=\"{&quot;background_background&quot;:&quot;classic&quot;}\">\n\t\t\t\t<div class=\"elementor-element elementor-element-b97116c elementor-widget elementor-widget-image\" data-id=\"b97116c\" data-element_type=\"widget\" data-e-type=\"widget\" data-widget_type=\"image.default\">\n\t\t\t\t<div class=\"elementor-widget-container\">\n\t\t\t\t\t\t\t\t\t\t\t\t\t\t\t<img fetchpriority=\"high\" decoding=\"async\" width=\"640\" height=\"480\" src=\"https:\/\/boxwall.com\/wp-content\/uploads\/2025\/03\/image0-1.webp\" class=\"attachment-full size-full wp-image-6693\" alt=\"\" srcset=\"https:\/\/boxwall.com\/wp-content\/uploads\/2025\/03\/image0-1.webp 640w, https:\/\/boxwall.com\/wp-content\/uploads\/2025\/03\/image0-1-300x225.webp 300w\" sizes=\"(max-width: 640px) 100vw, 640px\" \/>\t\t\t\t\t\t\t\t\t\t\t\t\t\t\t<\/div>\n\t\t\t\t<\/div>\n\t\t\t\t<\/div>\n\t\t<div class=\"elementor-element elementor-element-eeb1dd2 e-con-full e-flex e-con e-child\" data-id=\"eeb1dd2\" data-element_type=\"container\" data-e-type=\"container\">\n\t\t\t\t<div class=\"elementor-element elementor-element-e703ad7 elementor-widget elementor-widget-text-editor\" data-id=\"e703ad7\" data-element_type=\"widget\" data-e-type=\"widget\" data-widget_type=\"text-editor.default\">\n\t\t\t\t<div class=\"elementor-widget-container\">\n\t\t\t\t\t\t\t\t\t<p><span style=\"font-size: 12pt; font-family: \"Calibri Light\", sans-serif; background-image: initial; background-position: initial; background-size: initial; background-repeat: initial; background-attachment: initial; background-origin: initial; background-clip: initial;\">Especializamo-nos no desenvolvimento e fabrico de solu\u00e7\u00f5es inovadoras para prote\u00e7\u00e3o tempor\u00e1ria contra cheias, projetos de constru\u00e7\u00e3o em meio aqu\u00e1tico e armazenamento tempor\u00e1rio de l\u00edquidos. Com uma forte dedica\u00e7\u00e3o \u00e0 excel\u00eancia e um compromisso com a qualidade, oferecemos uma gama diversificada de barreiras concebidas para satisfazer os requisitos dos nossos clientes. A nossa per\u00edcia reside na entrega de solu\u00e7\u00f5es inovadoras que superam consistentemente as expectativas, quer se trate da salvaguarda contra cheias, do armazenamento tempor\u00e1rio de l\u00edquidos ou do apoio a projetos de constru\u00e7\u00e3o em meio aqu\u00e1tico.   &nbsp;Cada produto \u00e9 concebido com precis\u00e3o e fiabilidade, garantindo um desempenho de alto n\u00edvel mesmo nas condi\u00e7\u00f5es mais desafiantes.<\/span><span style=\"color: rgb(0, 0, 0); font-size: medium;\"><\/span><br><\/p>\t\t\t\t\t\t\t\t<\/div>\n\t\t\t\t<\/div>\n\t\t\t\t<\/div>\n\t\t\t\t\t<\/div>\n\t\t\t\t<\/div>\n\t\t<div class=\"elementor-element elementor-element-090c4cd e-flex e-con-boxed e-con e-parent\" data-id=\"090c4cd\" data-element_type=\"container\" data-e-type=\"container\" data-settings=\"{&quot;background_background&quot;:&quot;classic&quot;}\">\n\t\t\t\t\t<div class=\"e-con-inner\">\n\t\t<div class=\"elementor-element elementor-element-35cfc79 e-con-full e-flex e-con e-child\" data-id=\"35cfc79\" data-element_type=\"container\" data-e-type=\"container\">\n\t\t<div class=\"elementor-element elementor-element-649a74b e-flex e-con-boxed e-con e-child\" data-id=\"649a74b\" data-element_type=\"container\" data-e-type=\"container\">\n\t\t\t\t\t<div class=\"e-con-inner\">\n\t\t<div class=\"elementor-element elementor-element-22f442e e-con-full e-flex e-con e-child\" data-id=\"22f442e\" data-element_type=\"container\" data-e-type=\"container\">\n\t\t\t\t<div class=\"elementor-element elementor-element-a0263fc elementor-widget elementor-widget-heading\" data-id=\"a0263fc\" data-element_type=\"widget\" data-e-type=\"widget\" data-widget_type=\"heading.default\">\n\t\t\t\t<div class=\"elementor-widget-container\">\n\t\t\t\t\t<h3 class=\"elementor-heading-title elementor-size-default\">O Que Fazemos<\/h3>\t\t\t\t<\/div>\n\t\t\t\t<\/div>\n\t\t\t\t<\/div>\n\t\t<div class=\"elementor-element elementor-element-f8f492f e-con-full e-flex e-con e-child\" data-id=\"f8f492f\" data-element_type=\"container\" data-e-type=\"container\">\n\t\t\t\t<div class=\"elementor-element elementor-element-297a0ce elementor-widget elementor-widget-text-editor\" data-id=\"297a0ce\" data-element_type=\"widget\" data-e-type=\"widget\" data-widget_type=\"text-editor.default\">\n\t\t\t\t<div class=\"elementor-widget-container\">\n\t\t\t\t\t\t\t\t\tCom um foco na inova\u00e7\u00e3o e na satisfa\u00e7\u00e3o do cliente, trabalhamos para desenvolver e colocar no mercado novas solu\u00e7\u00f5es que abordem os desafios crescentes enfrentados pelos nossos clientes.\t\t\t\t\t\t\t\t<\/div>\n\t\t\t\t<\/div>\n\t\t\t\t<\/div>\n\t\t\t\t\t<\/div>\n\t\t\t\t<\/div>\n\t\t<div class=\"elementor-element elementor-element-bcae62d e-flex e-con-boxed e-con e-child\" data-id=\"bcae62d\" data-element_type=\"container\" data-e-type=\"container\">\n\t\t\t\t\t<div class=\"e-con-inner\">\n\t\t<div class=\"elementor-element elementor-element-851ace2 e-con-full e-flex e-con e-child\" data-id=\"851ace2\" data-element_type=\"container\" data-e-type=\"container\">\n\t\t\t\t<div class=\"elementor-element elementor-element-ad63d72 elementor-widget elementor-widget-heading\" data-id=\"ad63d72\" data-element_type=\"widget\" data-e-type=\"widget\" data-widget_type=\"heading.default\">\n\t\t\t\t<div class=\"elementor-widget-container\">\n\t\t\t\t\t<h3 class=\"elementor-heading-title elementor-size-default\">Descubra os Benef\u00edcios<\/h3>\t\t\t\t<\/div>\n\t\t\t\t<\/div>\n\t\t\t\t<\/div>\n\t\t<div class=\"elementor-element elementor-element-d2d53df e-con-full e-flex e-con e-child\" data-id=\"d2d53df\" data-element_type=\"container\" data-e-type=\"container\">\n\t\t\t\t<div class=\"elementor-element elementor-element-bdb4298 elementor-widget elementor-widget-text-editor\" data-id=\"bdb4298\" data-element_type=\"widget\" data-e-type=\"widget\" data-widget_type=\"text-editor.default\">\n\t\t\t\t<div class=\"elementor-widget-container\">\n\t\t\t\t\t\t\t\t\tIndependentemente do \u00e2mbito ou da complexidade do seu projeto, oferecemos solu\u00e7\u00f5es personalizadas para satisfazer as suas necessidades. Descubra as vantagens que as solu\u00e7\u00f5es NoFloods podem trazer ao seu projeto. Contacte-nos hoje para saber mais sobre a nossa vasta gama de barreiras e como podemos fornecer uma abordagem personalizada para se adequar aos seus requisitos espec\u00edficos.  \t\t\t\t\t\t\t\t<\/div>\n\t\t\t\t<\/div>\n\t\t\t\t<\/div>\n\t\t\t\t\t<\/div>\n\t\t\t\t<\/div>\n\t\t<div class=\"elementor-element elementor-element-7f7ef02 e-con-full e-flex e-con e-child\" data-id=\"7f7ef02\" data-element_type=\"container\" data-e-type=\"container\">\n\t\t<div class=\"elementor-element elementor-element-202a353 e-con-full e-flex e-con e-child\" data-id=\"202a353\" data-element_type=\"container\" data-e-type=\"container\">\n\t\t\t\t<div class=\"elementor-element elementor-element-aa0547e elementor-widget elementor-widget-heading\" data-id=\"aa0547e\" data-element_type=\"widget\" data-e-type=\"widget\" data-widget_type=\"heading.default\">\n\t\t\t\t<div class=\"elementor-widget-container\">\n\t\t\t\t\t<h3 class=\"elementor-heading-title elementor-size-default\">Explore<br \/> as Nossas Solu\u00e7\u00f5es<\/h3>\t\t\t\t<\/div>\n\t\t\t\t<\/div>\n\t\t\t\t<\/div>\n\t\t<div class=\"elementor-element elementor-element-3eb3d36 e-con-full e-flex e-con e-child\" data-id=\"3eb3d36\" data-element_type=\"container\" data-e-type=\"container\">\n\t\t\t\t<div class=\"elementor-element elementor-element-cc0418b elementor-widget elementor-widget-text-editor\" data-id=\"cc0418b\" data-element_type=\"widget\" data-e-type=\"widget\" data-widget_type=\"text-editor.default\">\n\t\t\t\t<div class=\"elementor-widget-container\">\n\t\t\t\t\t\t\t\t\t<p>Para explorar a nossa gama completa de produtos e saber como estes podem apoiar os seus requisitos espec\u00edficos, visite o nosso s\u00edtio Web em <a href=\"https:\/\/nofloods.com\/\" target=\"_blank\" rel=\"noopener\">nofloods.com<\/a>. A nossa equipa est\u00e1 empenhada em ajud\u00e1-lo a proteger o que \u00e9 mais importante. <\/p>\t\t\t\t\t\t\t\t<\/div>\n\t\t\t\t<\/div>\n\t\t\t\t<\/div>\n\t\t\t\t<\/div>\n\t\t\t\t<\/div>\n\t\t\t\t\t<\/div>\n\t\t\t\t<\/div>\n\t\t\t\t<\/div>\n\t\t","protected":false},"excerpt":{"rendered":"<p>Sobre N\u00f3s Especializamo-nos na cria\u00e7\u00e3o de solu\u00e7\u00f5es inovadoras para prote\u00e7\u00e3o tempor\u00e1ria contra cheias, projetos de constru\u00e7\u00e3o em meio aqu\u00e1tico e [&hellip;]<\/p>\n","protected":false},"author":3,"featured_media":0,"parent":0,"menu_order":0,"comment_status":"closed","ping_status":"closed","template":"","meta":{"site-sidebar-layout":"no-sidebar","site-content-layout":"page-builder","ast-site-content-layout":"full-width-container","site-content-style":"unboxed","site-sidebar-style":"default","ast-global-header-display":"","ast-banner-title-visibility":"","ast-main-header-display":"","ast-hfb-above-header-display":"","ast-hfb-below-header-display":"","ast-hfb-mobile-header-display":"","site-post-title":"disabled","ast-breadcrumbs-content":"","ast-featured-img":"disabled","footer-sml-layout":"","ast-disable-related-posts":"","theme-transparent-header-meta":"enabled","adv-header-id-meta":"","stick-header-meta":"","header-above-stick-meta":"","header-main-stick-meta":"","header-below-stick-meta":"","astra-migrate-meta-layouts":"default","ast-page-background-enabled":"default","ast-page-background-meta":{"desktop":{"background-color":"","background-image":"","background-repeat":"repeat","background-position":"center center","background-size":"auto","background-attachment":"scroll","background-type":"","background-media":"","overlay-type":"","overlay-color":"","overlay-opacity":"","overlay-gradient":""},"tablet":{"background-color":"","background-image":"","background-repeat":"repeat","background-position":"center center","background-size":"auto","background-attachment":"scroll","background-type":"","background-media":"","overlay-type":"","overlay-color":"","overlay-opacity":"","overlay-gradient":""},"mobile":{"background-color":"","background-image":"","background-repeat":"repeat","background-position":"center center","background-size":"auto","background-attachment":"scroll","background-type":"","background-media":"","overlay-type":"","overlay-color":"","overlay-opacity":"","overlay-gradient":""}},"ast-content-background-meta":{"desktop":{"background-color":"var(--ast-global-color-5)","background-image":"","background-repeat":"repeat","background-position":"center center","background-size":"auto","background-attachment":"scroll","background-type":"","background-media":"","overlay-type":"","overlay-color":"","overlay-opacity":"","overlay-gradient":""},"tablet":{"background-color":"var(--ast-global-color-5)","background-image":"","background-repeat":"repeat","background-position":"center center","background-size":"auto","background-attachment":"scroll","background-type":"","background-media":"","overlay-type":"","overlay-color":"","overlay-opacity":"","overlay-gradient":""},"mobile":{"background-color":"var(--ast-global-color-5)","background-image":"","background-repeat":"repeat","background-position":"center center","background-size":"auto","background-attachment":"scroll","background-type":"","background-media":"","overlay-type":"","overlay-color":"","overlay-opacity":"","overlay-gradient":""}},"footnotes":""},"class_list":["post-6687","page","type-page","status-publish","hentry"],"yoast_head":"<!-- This site is optimized with the Yoast SEO plugin v27.5 - https:\/\/yoast.com\/product\/yoast-seo-wordpress\/ -->\n<title>Sobre a BoxWall - Solu\u00e7\u00f5es inovadoras para prote\u00e7\u00e3o tempor\u00e1ria contra cheias<\/title>\n<meta name=\"description\" content=\"Sobre a BoxWall - Especializamo-nos em solu\u00e7\u00f5es inovadoras para prote\u00e7\u00e3o tempor\u00e1ria contra cheias, constru\u00e7\u00e3o em meio aqu\u00e1tico e projetos de armazenamento de l\u00edquidos.\" \/>\n<meta name=\"robots\" content=\"index, follow, max-snippet:-1, max-image-preview:large, max-video-preview:-1\" \/>\n<link rel=\"canonical\" href=\"https:\/\/boxwall.com\/pt-pt\/sobre-nos\/\" \/>\n<meta property=\"og:locale\" content=\"pt_PT\" \/>\n<meta property=\"og:type\" content=\"article\" \/>\n<meta property=\"og:title\" content=\"Sobre a BoxWall - Solu\u00e7\u00f5es inovadoras para prote\u00e7\u00e3o tempor\u00e1ria contra cheias\" \/>\n<meta property=\"og:description\" content=\"Sobre a BoxWall - Especializamo-nos em solu\u00e7\u00f5es inovadoras para prote\u00e7\u00e3o tempor\u00e1ria contra cheias, constru\u00e7\u00e3o em meio aqu\u00e1tico e projetos de armazenamento de l\u00edquidos.\" \/>\n<meta property=\"og:url\" content=\"https:\/\/boxwall.com\/pt-pt\/sobre-nos\/\" \/>\n<meta property=\"og:site_name\" content=\"EasyWall Flood Barrier\" \/>\n<meta property=\"article:modified_time\" content=\"2026-05-04T13:43:26+00:00\" \/>\n<meta property=\"og:image\" content=\"https:\/\/boxwall.com\/wp-content\/uploads\/2025\/03\/image0-1.webp\" \/>\n\t<meta property=\"og:image:width\" content=\"640\" \/>\n\t<meta property=\"og:image:height\" content=\"480\" \/>\n\t<meta property=\"og:image:type\" content=\"image\/webp\" \/>\n<meta name=\"twitter:card\" content=\"summary_large_image\" \/>\n<meta name=\"twitter:label1\" content=\"Tempo estimado de leitura\" \/>\n\t<meta name=\"twitter:data1\" content=\"1 minuto\" \/>\n<script type=\"application\/ld+json\" class=\"yoast-schema-graph\">{\"@context\":\"https:\\\/\\\/schema.org\",\"@graph\":[{\"@type\":\"WebPage\",\"@id\":\"https:\\\/\\\/boxwall.com\\\/pt-pt\\\/sobre-nos\\\/\",\"url\":\"https:\\\/\\\/boxwall.com\\\/pt-pt\\\/sobre-nos\\\/\",\"name\":\"Sobre a BoxWall - Solu\u00e7\u00f5es inovadoras para prote\u00e7\u00e3o tempor\u00e1ria contra cheias\",\"isPartOf\":{\"@id\":\"https:\\\/\\\/boxwall.com\\\/pt-pt\\\/#website\"},\"primaryImageOfPage\":{\"@id\":\"https:\\\/\\\/boxwall.com\\\/pt-pt\\\/sobre-nos\\\/#primaryimage\"},\"image\":{\"@id\":\"https:\\\/\\\/boxwall.com\\\/pt-pt\\\/sobre-nos\\\/#primaryimage\"},\"thumbnailUrl\":\"https:\\\/\\\/boxwall.com\\\/wp-content\\\/uploads\\\/2025\\\/03\\\/image0-1.webp\",\"datePublished\":\"2024-08-24T05:43:04+00:00\",\"dateModified\":\"2026-05-04T13:43:26+00:00\",\"description\":\"Sobre a BoxWall - Especializamo-nos em solu\u00e7\u00f5es inovadoras para prote\u00e7\u00e3o tempor\u00e1ria contra cheias, constru\u00e7\u00e3o em meio aqu\u00e1tico e projetos de armazenamento de l\u00edquidos.\",\"breadcrumb\":{\"@id\":\"https:\\\/\\\/boxwall.com\\\/pt-pt\\\/sobre-nos\\\/#breadcrumb\"},\"inLanguage\":\"pt-PT\",\"potentialAction\":[{\"@type\":\"ReadAction\",\"target\":[\"https:\\\/\\\/boxwall.com\\\/pt-pt\\\/sobre-nos\\\/\"]}]},{\"@type\":\"ImageObject\",\"inLanguage\":\"pt-PT\",\"@id\":\"https:\\\/\\\/boxwall.com\\\/pt-pt\\\/sobre-nos\\\/#primaryimage\",\"url\":\"https:\\\/\\\/boxwall.com\\\/wp-content\\\/uploads\\\/2025\\\/03\\\/image0-1.webp\",\"contentUrl\":\"https:\\\/\\\/boxwall.com\\\/wp-content\\\/uploads\\\/2025\\\/03\\\/image0-1.webp\"},{\"@type\":\"BreadcrumbList\",\"@id\":\"https:\\\/\\\/boxwall.com\\\/pt-pt\\\/sobre-nos\\\/#breadcrumb\",\"itemListElement\":[{\"@type\":\"ListItem\",\"position\":1,\"name\":\"In\u00edcio\",\"item\":\"https:\\\/\\\/boxwall.com\\\/pt-pt\\\/inicio\\\/\"},{\"@type\":\"ListItem\",\"position\":2,\"name\":\"Sobre N\u00f3s\"}]},{\"@type\":\"WebSite\",\"@id\":\"https:\\\/\\\/boxwall.com\\\/pt-pt\\\/#website\",\"url\":\"https:\\\/\\\/boxwall.com\\\/pt-pt\\\/\",\"name\":\"EasyWall Flood Barrier\",\"description\":\"By Environment Solutions\",\"publisher\":{\"@id\":\"https:\\\/\\\/boxwall.com\\\/pt-pt\\\/#organization\"},\"potentialAction\":[{\"@type\":\"SearchAction\",\"target\":{\"@type\":\"EntryPoint\",\"urlTemplate\":\"https:\\\/\\\/boxwall.com\\\/pt-pt\\\/?s={search_term_string}\"},\"query-input\":{\"@type\":\"PropertyValueSpecification\",\"valueRequired\":true,\"valueName\":\"search_term_string\"}}],\"inLanguage\":\"pt-PT\"},{\"@type\":\"Organization\",\"@id\":\"https:\\\/\\\/boxwall.com\\\/pt-pt\\\/#organization\",\"name\":\"EasyWall Flood Barrier\",\"url\":\"https:\\\/\\\/boxwall.com\\\/pt-pt\\\/\",\"logo\":{\"@type\":\"ImageObject\",\"inLanguage\":\"pt-PT\",\"@id\":\"https:\\\/\\\/boxwall.com\\\/pt-pt\\\/#\\\/schema\\\/logo\\\/image\\\/\",\"url\":\"https:\\\/\\\/boxwall.com\\\/wp-content\\\/uploads\\\/2025\\\/04\\\/NoFloods-by-ES-New-TM-1.webp\",\"contentUrl\":\"https:\\\/\\\/boxwall.com\\\/wp-content\\\/uploads\\\/2025\\\/04\\\/NoFloods-by-ES-New-TM-1.webp\",\"width\":338,\"height\":70,\"caption\":\"EasyWall Flood Barrier\"},\"image\":{\"@id\":\"https:\\\/\\\/boxwall.com\\\/pt-pt\\\/#\\\/schema\\\/logo\\\/image\\\/\"}}]}<\/script>\n<!-- \/ Yoast SEO plugin. -->","yoast_head_json":{"title":"Sobre a BoxWall - Solu\u00e7\u00f5es inovadoras para prote\u00e7\u00e3o tempor\u00e1ria contra cheias","description":"Sobre a BoxWall - Especializamo-nos em solu\u00e7\u00f5es inovadoras para prote\u00e7\u00e3o tempor\u00e1ria contra cheias, constru\u00e7\u00e3o em meio aqu\u00e1tico e projetos de armazenamento de l\u00edquidos.","robots":{"index":"index","follow":"follow","max-snippet":"max-snippet:-1","max-image-preview":"max-image-preview:large","max-video-preview":"max-video-preview:-1"},"canonical":"https:\/\/boxwall.com\/pt-pt\/sobre-nos\/","og_locale":"pt_PT","og_type":"article","og_title":"Sobre a BoxWall - Solu\u00e7\u00f5es inovadoras para prote\u00e7\u00e3o tempor\u00e1ria contra cheias","og_description":"Sobre a BoxWall - Especializamo-nos em solu\u00e7\u00f5es inovadoras para prote\u00e7\u00e3o tempor\u00e1ria contra cheias, constru\u00e7\u00e3o em meio aqu\u00e1tico e projetos de armazenamento de l\u00edquidos.","og_url":"https:\/\/boxwall.com\/pt-pt\/sobre-nos\/","og_site_name":"EasyWall Flood Barrier","article_modified_time":"2026-05-04T13:43:26+00:00","og_image":[{"width":640,"height":480,"url":"https:\/\/boxwall.com\/wp-content\/uploads\/2025\/03\/image0-1.webp","type":"image\/webp"}],"twitter_card":"summary_large_image","twitter_misc":{"Tempo estimado de leitura":"1 minuto"},"schema":{"@context":"https:\/\/schema.org","@graph":[{"@type":"WebPage","@id":"https:\/\/boxwall.com\/pt-pt\/sobre-nos\/","url":"https:\/\/boxwall.com\/pt-pt\/sobre-nos\/","name":"Sobre a BoxWall - Solu\u00e7\u00f5es inovadoras para prote\u00e7\u00e3o tempor\u00e1ria contra cheias","isPartOf":{"@id":"https:\/\/boxwall.com\/pt-pt\/#website"},"primaryImageOfPage":{"@id":"https:\/\/boxwall.com\/pt-pt\/sobre-nos\/#primaryimage"},"image":{"@id":"https:\/\/boxwall.com\/pt-pt\/sobre-nos\/#primaryimage"},"thumbnailUrl":"https:\/\/boxwall.com\/wp-content\/uploads\/2025\/03\/image0-1.webp","datePublished":"2024-08-24T05:43:04+00:00","dateModified":"2026-05-04T13:43:26+00:00","description":"Sobre a BoxWall - Especializamo-nos em solu\u00e7\u00f5es inovadoras para prote\u00e7\u00e3o tempor\u00e1ria contra cheias, constru\u00e7\u00e3o em meio aqu\u00e1tico e projetos de armazenamento de l\u00edquidos.","breadcrumb":{"@id":"https:\/\/boxwall.com\/pt-pt\/sobre-nos\/#breadcrumb"},"inLanguage":"pt-PT","potentialAction":[{"@type":"ReadAction","target":["https:\/\/boxwall.com\/pt-pt\/sobre-nos\/"]}]},{"@type":"ImageObject","inLanguage":"pt-PT","@id":"https:\/\/boxwall.com\/pt-pt\/sobre-nos\/#primaryimage","url":"https:\/\/boxwall.com\/wp-content\/uploads\/2025\/03\/image0-1.webp","contentUrl":"https:\/\/boxwall.com\/wp-content\/uploads\/2025\/03\/image0-1.webp"},{"@type":"BreadcrumbList","@id":"https:\/\/boxwall.com\/pt-pt\/sobre-nos\/#breadcrumb","itemListElement":[{"@type":"ListItem","position":1,"name":"In\u00edcio","item":"https:\/\/boxwall.com\/pt-pt\/inicio\/"},{"@type":"ListItem","position":2,"name":"Sobre N\u00f3s"}]},{"@type":"WebSite","@id":"https:\/\/boxwall.com\/pt-pt\/#website","url":"https:\/\/boxwall.com\/pt-pt\/","name":"EasyWall Flood Barrier","description":"By Environment Solutions","publisher":{"@id":"https:\/\/boxwall.com\/pt-pt\/#organization"},"potentialAction":[{"@type":"SearchAction","target":{"@type":"EntryPoint","urlTemplate":"https:\/\/boxwall.com\/pt-pt\/?s={search_term_string}"},"query-input":{"@type":"PropertyValueSpecification","valueRequired":true,"valueName":"search_term_string"}}],"inLanguage":"pt-PT"},{"@type":"Organization","@id":"https:\/\/boxwall.com\/pt-pt\/#organization","name":"EasyWall Flood Barrier","url":"https:\/\/boxwall.com\/pt-pt\/","logo":{"@type":"ImageObject","inLanguage":"pt-PT","@id":"https:\/\/boxwall.com\/pt-pt\/#\/schema\/logo\/image\/","url":"https:\/\/boxwall.com\/wp-content\/uploads\/2025\/04\/NoFloods-by-ES-New-TM-1.webp","contentUrl":"https:\/\/boxwall.com\/wp-content\/uploads\/2025\/04\/NoFloods-by-ES-New-TM-1.webp","width":338,"height":70,"caption":"EasyWall Flood Barrier"},"image":{"@id":"https:\/\/boxwall.com\/pt-pt\/#\/schema\/logo\/image\/"}}]}},"_links":{"self":[{"href":"https:\/\/boxwall.com\/pt-pt\/wp-json\/wp\/v2\/pages\/6687","targetHints":{"allow":["GET"]}}],"collection":[{"href":"https:\/\/boxwall.com\/pt-pt\/wp-json\/wp\/v2\/pages"}],"about":[{"href":"https:\/\/boxwall.com\/pt-pt\/wp-json\/wp\/v2\/types\/page"}],"author":[{"embeddable":true,"href":"https:\/\/boxwall.com\/pt-pt\/wp-json\/wp\/v2\/users\/3"}],"replies":[{"embeddable":true,"href":"https:\/\/boxwall.com\/pt-pt\/wp-json\/wp\/v2\/comments?post=6687"}],"version-history":[{"count":1,"href":"https:\/\/boxwall.com\/pt-pt\/wp-json\/wp\/v2\/pages\/6687\/revisions"}],"predecessor-version":[{"id":6696,"href":"https:\/\/boxwall.com\/pt-pt\/wp-json\/wp\/v2\/pages\/6687\/revisions\/6696"}],"wp:attachment":[{"href":"https:\/\/boxwall.com\/pt-pt\/wp-json\/wp\/v2\/media?parent=6687"}],"curies":[{"name":"wp","href":"https:\/\/api.w.org\/{rel}","templated":true}]}}