{"id":6680,"date":"2024-08-24T05:43:04","date_gmt":"2024-08-24T05:43:04","guid":{"rendered":"https:\/\/boxwall.com\/guia-de-instalacao\/"},"modified":"2026-05-04T13:43:25","modified_gmt":"2026-05-04T13:43:25","slug":"guia-de-instalacao","status":"publish","type":"page","link":"https:\/\/boxwall.com\/pt-pt\/guia-de-instalacao\/","title":{"rendered":"Guia de Instala\u00e7\u00e3o"},"content":{"rendered":"\t\t<div data-elementor-type=\"wp-page\" data-elementor-id=\"6680\" class=\"elementor elementor-6680 elementor-147\">\n\t\t\t\t<div class=\"elementor-element elementor-element-90f8eb1 e-flex e-con-boxed e-con e-parent\" data-id=\"90f8eb1\" data-element_type=\"container\" data-e-type=\"container\" data-settings=\"{&quot;background_background&quot;:&quot;video&quot;,&quot;background_video_link&quot;:&quot;https:\\\/\\\/boxwall.com\\\/wp-content\\\/uploads\\\/2025\\\/04\\\/Edited_with_sound-1.mp4&quot;,&quot;background_video_start&quot;:0,&quot;background_play_on_mobile&quot;:&quot;yes&quot;}\">\n\t\t\t\t\t<div class=\"e-con-inner\">\n\t\t<div class=\"elementor-background-video-container\">\n\t\t\t\t\t\t\t<video class=\"elementor-background-video-hosted\" role=\"presentation\" autoplay muted playsinline loop><\/video>\n\t\t\t\t\t<\/div><div class=\"elementor-element elementor-element-856adab e-con-full e-flex e-con e-child\" data-id=\"856adab\" data-element_type=\"container\" data-e-type=\"container\">\n\t\t\t\t<div class=\"elementor-element elementor-element-99936b1 elementor-widget elementor-widget-heading\" data-id=\"99936b1\" data-element_type=\"widget\" data-e-type=\"widget\" data-widget_type=\"heading.default\">\n\t\t\t\t<div class=\"elementor-widget-container\">\n\t\t\t\t\t<h1 class=\"elementor-heading-title elementor-size-default\">Guia de Instala\u00e7\u00e3o<\/h1>\t\t\t\t<\/div>\n\t\t\t\t<\/div>\n\t\t\t\t<div class=\"elementor-element elementor-element-324a8a5 elementor-widget__width-initial elementor-widget-tablet__width-inherit elementor-widget-mobile__width-inherit elementor-widget elementor-widget-text-editor\" data-id=\"324a8a5\" data-element_type=\"widget\" data-e-type=\"widget\" data-widget_type=\"text-editor.default\">\n\t\t\t\t<div class=\"elementor-widget-container\">\n\t\t\t\t\t\t\t\t\tA instala\u00e7\u00e3o da NoFloods EasyWall envolve o posicionamento e a montagem cuidadosa das unidades modulares para garantir uma prote\u00e7\u00e3o contra cheias fi\u00e1vel e eficaz.\t\t\t\t\t\t\t\t<\/div>\n\t\t\t\t<\/div>\n\t\t\t\t<\/div>\n\t\t\t\t\t<\/div>\n\t\t\t\t<\/div>\n\t\t<div class=\"elementor-element elementor-element-913a746 e-con-full e-flex e-con e-parent\" data-id=\"913a746\" data-element_type=\"container\" data-e-type=\"container\">\n\t\t\t\t<div class=\"elementor-element elementor-element-4184985 elementor-widget elementor-widget-heading\" data-id=\"4184985\" data-element_type=\"widget\" data-e-type=\"widget\" data-widget_type=\"heading.default\">\n\t\t\t\t<div class=\"elementor-widget-container\">\n\t\t\t\t\t<h4 class=\"elementor-heading-title elementor-size-default\">Exemplo do mecanismo de bloqueio da barreira.<\/h4>\t\t\t\t<\/div>\n\t\t\t\t<\/div>\n\t\t\t\t<\/div>\n\t\t<div class=\"elementor-element elementor-element-719f4ed e-flex e-con-boxed e-con e-parent\" data-id=\"719f4ed\" data-element_type=\"container\" data-e-type=\"container\" data-settings=\"{&quot;background_background&quot;:&quot;classic&quot;}\">\n\t\t\t\t\t<div class=\"e-con-inner\">\n\t\t<div class=\"elementor-element elementor-element-3c8a6b2 e-con-full e-flex e-con e-child\" data-id=\"3c8a6b2\" data-element_type=\"container\" data-e-type=\"container\">\n\t\t\t\t<div class=\"elementor-element elementor-element-f74eb61 elementor-widget elementor-widget-heading\" data-id=\"f74eb61\" data-element_type=\"widget\" data-e-type=\"widget\" data-widget_type=\"heading.default\">\n\t\t\t\t<div class=\"elementor-widget-container\">\n\t\t\t\t\t<h2 class=\"elementor-heading-title elementor-size-default\">Como instalar a Barreira EasyWall<\/h2>\t\t\t\t<\/div>\n\t\t\t\t<\/div>\n\t\t\t\t<div class=\"elementor-element elementor-element-819d67c elementor-widget elementor-widget-text-editor\" data-id=\"819d67c\" data-element_type=\"widget\" data-e-type=\"widget\" data-widget_type=\"text-editor.default\">\n\t\t\t\t<div class=\"elementor-widget-container\">\n\t\t\t\t\t\t\t\t\t<p>Cada barreira pesa aproximadamente entre 3-13 kg, permitindo um posicionamento f\u00e1cil das mesmas. O mecanismo de bloqueio \u00e9 f\u00e1cil e intuitivo, permitindo uma instala\u00e7\u00e3o r\u00e1pida. Ap\u00f3s a instala\u00e7\u00e3o, inspecione sempre a barreira minuciosamente para garantir que cada m\u00f3dulo est\u00e1 devidamente colocado.  <\/p>\t\t\t\t\t\t\t\t<\/div>\n\t\t\t\t<\/div>\n\t\t<div class=\"elementor-element elementor-element-0676d34 e-flex e-con-boxed e-con e-child\" data-id=\"0676d34\" data-element_type=\"container\" data-e-type=\"container\">\n\t\t\t\t\t<div class=\"e-con-inner\">\n\t\t<div class=\"elementor-element elementor-element-de2d6e8 e-con-full e-flex e-con e-child\" data-id=\"de2d6e8\" data-element_type=\"container\" data-e-type=\"container\">\n\t\t\t\t<div class=\"elementor-element elementor-element-425ed33 elementor-widget-divider--view-line_text elementor-widget-divider--element-align-left elementor-widget elementor-widget-divider\" data-id=\"425ed33\" data-element_type=\"widget\" data-e-type=\"widget\" data-widget_type=\"divider.default\">\n\t\t\t\t<div class=\"elementor-widget-container\">\n\t\t\t\t\t\t\t<div class=\"elementor-divider\">\n\t\t\t<span class=\"elementor-divider-separator\">\n\t\t\t\t\t\t\t<span class=\"elementor-divider__text elementor-divider__element\">\n\t\t\t\t01.\t\t\t\t<\/span>\n\t\t\t\t\t\t<\/span>\n\t\t<\/div>\n\t\t\t\t\t\t<\/div>\n\t\t\t\t<\/div>\n\t\t\t\t<div class=\"elementor-element elementor-element-04e1b73 elementor-widget elementor-widget-heading\" data-id=\"04e1b73\" data-element_type=\"widget\" data-e-type=\"widget\" data-widget_type=\"heading.default\">\n\t\t\t\t<div class=\"elementor-widget-container\">\n\t\t\t\t\t<h4 class=\"elementor-heading-title elementor-size-default\">Orienta\u00e7\u00e3o da Barreira<\/h4>\t\t\t\t<\/div>\n\t\t\t\t<\/div>\n\t\t\t\t<div class=\"elementor-element elementor-element-cede211 elementor-widget elementor-widget-text-editor\" data-id=\"cede211\" data-element_type=\"widget\" data-e-type=\"widget\" data-widget_type=\"text-editor.default\">\n\t\t\t\t<div class=\"elementor-widget-container\">\n\t\t\t\t\t\t\t\t\tCada m\u00f3dulo NoFloods EasyWall tem uma parte superior e inferior definida para garantir uma configura\u00e7\u00e3o correta. Pistas visuais, tais como a forma, marca\u00e7\u00f5es ou etiquetas, ajudam a indicar a posi\u00e7\u00e3o vertical. Garantir a orienta\u00e7\u00e3o correta \u00e9 essencial para a estabilidade e para uma liga\u00e7\u00e3o suave com os m\u00f3dulos adjacentes.  \t\t\t\t\t\t\t\t<\/div>\n\t\t\t\t<\/div>\n\t\t\t\t<\/div>\n\t\t<div class=\"elementor-element elementor-element-98c696a e-con-full e-flex e-con e-child\" data-id=\"98c696a\" data-element_type=\"container\" data-e-type=\"container\">\n\t\t\t\t<div class=\"elementor-element elementor-element-6b8b6a7 elementor-widget-divider--view-line_text elementor-widget-divider--element-align-left elementor-widget elementor-widget-divider\" data-id=\"6b8b6a7\" data-element_type=\"widget\" data-e-type=\"widget\" data-widget_type=\"divider.default\">\n\t\t\t\t<div class=\"elementor-widget-container\">\n\t\t\t\t\t\t\t<div class=\"elementor-divider\">\n\t\t\t<span class=\"elementor-divider-separator\">\n\t\t\t\t\t\t\t<span class=\"elementor-divider__text elementor-divider__element\">\n\t\t\t\t02.\t\t\t\t<\/span>\n\t\t\t\t\t\t<\/span>\n\t\t<\/div>\n\t\t\t\t\t\t<\/div>\n\t\t\t\t<\/div>\n\t\t\t\t<div class=\"elementor-element elementor-element-1d35a3d elementor-widget elementor-widget-heading\" data-id=\"1d35a3d\" data-element_type=\"widget\" data-e-type=\"widget\" data-widget_type=\"heading.default\">\n\t\t\t\t<div class=\"elementor-widget-container\">\n\t\t\t\t\t<h4 class=\"elementor-heading-title elementor-size-default\">Liga\u00e7\u00e3o das unidades<\/h4>\t\t\t\t<\/div>\n\t\t\t\t<\/div>\n\t\t\t\t<div class=\"elementor-element elementor-element-e5c0692 elementor-widget elementor-widget-text-editor\" data-id=\"e5c0692\" data-element_type=\"widget\" data-e-type=\"widget\" data-widget_type=\"text-editor.default\">\n\t\t\t\t<div class=\"elementor-widget-container\">\n\t\t\t\t\t\t\t\t\tPara ligar os m\u00f3dulos, comece por colocar a primeira unidade EasyWall na posi\u00e7\u00e3o pretendida. Incline ligeiramente a unidade seguinte, alinhe os conectores inferiores, baixe-a at\u00e9 ao seu lugar e fixe a liga\u00e7\u00e3o superior. Embora os detalhes de bloqueio possam variar ligeiramente entre modelos, o processo global de liga\u00e7\u00e3o permanece o mesmo.  \t\t\t\t\t\t\t\t<\/div>\n\t\t\t\t<\/div>\n\t\t\t\t<\/div>\n\t\t<div class=\"elementor-element elementor-element-f065185 e-con-full e-flex e-con e-child\" data-id=\"f065185\" data-element_type=\"container\" data-e-type=\"container\">\n\t\t\t\t<div class=\"elementor-element elementor-element-7293cba elementor-widget-divider--view-line_text elementor-widget-divider--element-align-left elementor-widget elementor-widget-divider\" data-id=\"7293cba\" data-element_type=\"widget\" data-e-type=\"widget\" data-widget_type=\"divider.default\">\n\t\t\t\t<div class=\"elementor-widget-container\">\n\t\t\t\t\t\t\t<div class=\"elementor-divider\">\n\t\t\t<span class=\"elementor-divider-separator\">\n\t\t\t\t\t\t\t<span class=\"elementor-divider__text elementor-divider__element\">\n\t\t\t\t03.\t\t\t\t<\/span>\n\t\t\t\t\t\t<\/span>\n\t\t<\/div>\n\t\t\t\t\t\t<\/div>\n\t\t\t\t<\/div>\n\t\t\t\t<div class=\"elementor-element elementor-element-b46d7a6 elementor-widget elementor-widget-heading\" data-id=\"b46d7a6\" data-element_type=\"widget\" data-e-type=\"widget\" data-widget_type=\"heading.default\">\n\t\t\t\t<div class=\"elementor-widget-container\">\n\t\t\t\t\t<h4 class=\"elementor-heading-title elementor-size-default\">Liga\u00e7\u00e3o e Bloqueio<\/h4>\t\t\t\t<\/div>\n\t\t\t\t<\/div>\n\t\t\t\t<div class=\"elementor-element elementor-element-08f9bf9 elementor-widget elementor-widget-text-editor\" data-id=\"08f9bf9\" data-element_type=\"widget\" data-e-type=\"widget\" data-widget_type=\"text-editor.default\">\n\t\t\t\t<div class=\"elementor-widget-container\">\n\t\t\t\t\t\t\t\t\tContinue a ligar as unidades para atingir o comprimento e a configura\u00e7\u00e3o de barreira pretendidos. Os mecanismos de bloqueio da NoFloods EasyWall permitem ajustes f\u00e1ceis, garantindo uma configura\u00e7\u00e3o segura e flex\u00edvel. Para curvas, os m\u00f3dulos de canto interior e exterior proporcionam uma solu\u00e7\u00e3o est\u00e1vel e precisa, enquanto a barreira pode ser terminada de forma cuidada com um m\u00f3dulo final.  \t\t\t\t\t\t\t\t<\/div>\n\t\t\t\t<\/div>\n\t\t\t\t<\/div>\n\t\t<div class=\"elementor-element elementor-element-4a45c7e e-con-full e-flex e-con e-child\" data-id=\"4a45c7e\" data-element_type=\"container\" data-e-type=\"container\">\n\t\t\t\t<div class=\"elementor-element elementor-element-a8d29fd elementor-widget-divider--view-line_text elementor-widget-divider--element-align-left elementor-widget elementor-widget-divider\" data-id=\"a8d29fd\" data-element_type=\"widget\" data-e-type=\"widget\" data-widget_type=\"divider.default\">\n\t\t\t\t<div class=\"elementor-widget-container\">\n\t\t\t\t\t\t\t<div class=\"elementor-divider\">\n\t\t\t<span class=\"elementor-divider-separator\">\n\t\t\t\t\t\t\t<span class=\"elementor-divider__text elementor-divider__element\">\n\t\t\t\t04.\t\t\t\t<\/span>\n\t\t\t\t\t\t<\/span>\n\t\t<\/div>\n\t\t\t\t\t\t<\/div>\n\t\t\t\t<\/div>\n\t\t\t\t<div class=\"elementor-element elementor-element-f6c0b62 elementor-widget elementor-widget-heading\" data-id=\"f6c0b62\" data-element_type=\"widget\" data-e-type=\"widget\" data-widget_type=\"heading.default\">\n\t\t\t\t<div class=\"elementor-widget-container\">\n\t\t\t\t\t<h4 class=\"elementor-heading-title elementor-size-default\">Desmontagem<\/h4>\t\t\t\t<\/div>\n\t\t\t\t<\/div>\n\t\t\t\t<div class=\"elementor-element elementor-element-8c197ba elementor-widget elementor-widget-text-editor\" data-id=\"8c197ba\" data-element_type=\"widget\" data-e-type=\"widget\" data-widget_type=\"text-editor.default\">\n\t\t\t\t<div class=\"elementor-widget-container\">\n\t\t\t\t\t\t\t\t\tPara desmontar a NoFloods EasyWall, comece pela unidade final. Dependendo do modelo, poder\u00e1 ter de desbloquear primeiro a liga\u00e7\u00e3o superior. Depois, basta levantar e inclinar cada unidade para a separar da seguinte.  \t\t\t\t\t\t\t\t<\/div>\n\t\t\t\t<\/div>\n\t\t\t\t<\/div>\n\t\t\t\t\t<\/div>\n\t\t\t\t<\/div>\n\t\t\t\t<\/div>\n\t\t\t\t\t<\/div>\n\t\t\t\t<\/div>\n\t\t\t\t<\/div>\n\t\t","protected":false},"excerpt":{"rendered":"<p>Guia de Instala\u00e7\u00e3o A instala\u00e7\u00e3o da NoFloods EasyWall envolve o posicionamento e a montagem cuidadosa das unidades modulares para garantir [&hellip;]<\/p>\n","protected":false},"author":3,"featured_media":0,"parent":0,"menu_order":0,"comment_status":"closed","ping_status":"closed","template":"","meta":{"site-sidebar-layout":"no-sidebar","site-content-layout":"page-builder","ast-site-content-layout":"full-width-container","site-content-style":"unboxed","site-sidebar-style":"unboxed","ast-global-header-display":"","ast-banner-title-visibility":"","ast-main-header-display":"","ast-hfb-above-header-display":"","ast-hfb-below-header-display":"","ast-hfb-mobile-header-display":"","site-post-title":"disabled","ast-breadcrumbs-content":"","ast-featured-img":"disabled","footer-sml-layout":"","ast-disable-related-posts":"","theme-transparent-header-meta":"enabled","adv-header-id-meta":"","stick-header-meta":"","header-above-stick-meta":"","header-main-stick-meta":"","header-below-stick-meta":"","astra-migrate-meta-layouts":"default","ast-page-background-enabled":"default","ast-page-background-meta":{"desktop":{"background-color":"","background-image":"","background-repeat":"repeat","background-position":"center center","background-size":"auto","background-attachment":"scroll","background-type":"","background-media":"","overlay-type":"","overlay-color":"","overlay-opacity":"","overlay-gradient":""},"tablet":{"background-color":"","background-image":"","background-repeat":"repeat","background-position":"center center","background-size":"auto","background-attachment":"scroll","background-type":"","background-media":"","overlay-type":"","overlay-color":"","overlay-opacity":"","overlay-gradient":""},"mobile":{"background-color":"","background-image":"","background-repeat":"repeat","background-position":"center center","background-size":"auto","background-attachment":"scroll","background-type":"","background-media":"","overlay-type":"","overlay-color":"","overlay-opacity":"","overlay-gradient":""}},"ast-content-background-meta":{"desktop":{"background-color":"var(--ast-global-color-5)","background-image":"","background-repeat":"repeat","background-position":"center center","background-size":"auto","background-attachment":"scroll","background-type":"","background-media":"","overlay-type":"","overlay-color":"","overlay-opacity":"","overlay-gradient":""},"tablet":{"background-color":"var(--ast-global-color-5)","background-image":"","background-repeat":"repeat","background-position":"center center","background-size":"auto","background-attachment":"scroll","background-type":"","background-media":"","overlay-type":"","overlay-color":"","overlay-opacity":"","overlay-gradient":""},"mobile":{"background-color":"var(--ast-global-color-5)","background-image":"","background-repeat":"repeat","background-position":"center center","background-size":"auto","background-attachment":"scroll","background-type":"","background-media":"","overlay-type":"","overlay-color":"","overlay-opacity":"","overlay-gradient":""}},"footnotes":""},"class_list":["post-6680","page","type-page","status-publish","hentry"],"yoast_head":"<!-- This site is optimized with the Yoast SEO plugin v27.5 - https:\/\/yoast.com\/product\/yoast-seo-wordpress\/ -->\n<title>Guia de Instala\u00e7\u00e3o - A instala\u00e7\u00e3o da NoFloods BoxWall<\/title>\n<meta name=\"description\" content=\"A instala\u00e7\u00e3o da NoFloods BoxWall monta barreiras modulares para bloquear as \u00e1guas das cheias, oferecendo uma prote\u00e7\u00e3o fi\u00e1vel e eficaz para \u00e1reas vulner\u00e1veis\" \/>\n<meta name=\"robots\" content=\"index, follow, max-snippet:-1, max-image-preview:large, max-video-preview:-1\" \/>\n<link rel=\"canonical\" href=\"https:\/\/boxwall.com\/pt-pt\/guia-de-instalacao\/\" \/>\n<meta property=\"og:locale\" content=\"pt_PT\" \/>\n<meta property=\"og:type\" content=\"article\" \/>\n<meta property=\"og:title\" content=\"Guia de Instala\u00e7\u00e3o - A instala\u00e7\u00e3o da NoFloods BoxWall\" \/>\n<meta property=\"og:description\" content=\"A instala\u00e7\u00e3o da NoFloods BoxWall monta barreiras modulares para bloquear as \u00e1guas das cheias, oferecendo uma prote\u00e7\u00e3o fi\u00e1vel e eficaz para \u00e1reas vulner\u00e1veis\" \/>\n<meta property=\"og:url\" content=\"https:\/\/boxwall.com\/pt-pt\/guia-de-instalacao\/\" \/>\n<meta property=\"og:site_name\" content=\"EasyWall Flood Barrier\" \/>\n<meta property=\"article:modified_time\" content=\"2026-05-04T13:43:25+00:00\" \/>\n<meta name=\"twitter:card\" content=\"summary_large_image\" \/>\n<meta name=\"twitter:label1\" content=\"Tempo estimado de leitura\" \/>\n\t<meta name=\"twitter:data1\" content=\"2 minutos\" \/>\n<script type=\"application\/ld+json\" class=\"yoast-schema-graph\">{\"@context\":\"https:\\\/\\\/schema.org\",\"@graph\":[{\"@type\":\"WebPage\",\"@id\":\"https:\\\/\\\/boxwall.com\\\/pt-pt\\\/guia-de-instalacao\\\/\",\"url\":\"https:\\\/\\\/boxwall.com\\\/pt-pt\\\/guia-de-instalacao\\\/\",\"name\":\"Guia de Instala\u00e7\u00e3o - A instala\u00e7\u00e3o da NoFloods BoxWall\",\"isPartOf\":{\"@id\":\"https:\\\/\\\/boxwall.com\\\/pt-pt\\\/#website\"},\"datePublished\":\"2024-08-24T05:43:04+00:00\",\"dateModified\":\"2026-05-04T13:43:25+00:00\",\"description\":\"A instala\u00e7\u00e3o da NoFloods BoxWall monta barreiras modulares para bloquear as \u00e1guas das cheias, oferecendo uma prote\u00e7\u00e3o fi\u00e1vel e eficaz para \u00e1reas vulner\u00e1veis\",\"breadcrumb\":{\"@id\":\"https:\\\/\\\/boxwall.com\\\/pt-pt\\\/guia-de-instalacao\\\/#breadcrumb\"},\"inLanguage\":\"pt-PT\",\"potentialAction\":[{\"@type\":\"ReadAction\",\"target\":[\"https:\\\/\\\/boxwall.com\\\/pt-pt\\\/guia-de-instalacao\\\/\"]}]},{\"@type\":\"BreadcrumbList\",\"@id\":\"https:\\\/\\\/boxwall.com\\\/pt-pt\\\/guia-de-instalacao\\\/#breadcrumb\",\"itemListElement\":[{\"@type\":\"ListItem\",\"position\":1,\"name\":\"In\u00edcio\",\"item\":\"https:\\\/\\\/boxwall.com\\\/pt-pt\\\/inicio\\\/\"},{\"@type\":\"ListItem\",\"position\":2,\"name\":\"Guia de Instala\u00e7\u00e3o\"}]},{\"@type\":\"WebSite\",\"@id\":\"https:\\\/\\\/boxwall.com\\\/pt-pt\\\/#website\",\"url\":\"https:\\\/\\\/boxwall.com\\\/pt-pt\\\/\",\"name\":\"EasyWall Flood Barrier\",\"description\":\"By Environment Solutions\",\"publisher\":{\"@id\":\"https:\\\/\\\/boxwall.com\\\/pt-pt\\\/#organization\"},\"potentialAction\":[{\"@type\":\"SearchAction\",\"target\":{\"@type\":\"EntryPoint\",\"urlTemplate\":\"https:\\\/\\\/boxwall.com\\\/pt-pt\\\/?s={search_term_string}\"},\"query-input\":{\"@type\":\"PropertyValueSpecification\",\"valueRequired\":true,\"valueName\":\"search_term_string\"}}],\"inLanguage\":\"pt-PT\"},{\"@type\":\"Organization\",\"@id\":\"https:\\\/\\\/boxwall.com\\\/pt-pt\\\/#organization\",\"name\":\"EasyWall Flood Barrier\",\"url\":\"https:\\\/\\\/boxwall.com\\\/pt-pt\\\/\",\"logo\":{\"@type\":\"ImageObject\",\"inLanguage\":\"pt-PT\",\"@id\":\"https:\\\/\\\/boxwall.com\\\/pt-pt\\\/#\\\/schema\\\/logo\\\/image\\\/\",\"url\":\"https:\\\/\\\/boxwall.com\\\/wp-content\\\/uploads\\\/2025\\\/04\\\/NoFloods-by-ES-New-TM-1.webp\",\"contentUrl\":\"https:\\\/\\\/boxwall.com\\\/wp-content\\\/uploads\\\/2025\\\/04\\\/NoFloods-by-ES-New-TM-1.webp\",\"width\":338,\"height\":70,\"caption\":\"EasyWall Flood Barrier\"},\"image\":{\"@id\":\"https:\\\/\\\/boxwall.com\\\/pt-pt\\\/#\\\/schema\\\/logo\\\/image\\\/\"}}]}<\/script>\n<!-- \/ Yoast SEO plugin. -->","yoast_head_json":{"title":"Guia de Instala\u00e7\u00e3o - A instala\u00e7\u00e3o da NoFloods BoxWall","description":"A instala\u00e7\u00e3o da NoFloods BoxWall monta barreiras modulares para bloquear as \u00e1guas das cheias, oferecendo uma prote\u00e7\u00e3o fi\u00e1vel e eficaz para \u00e1reas vulner\u00e1veis","robots":{"index":"index","follow":"follow","max-snippet":"max-snippet:-1","max-image-preview":"max-image-preview:large","max-video-preview":"max-video-preview:-1"},"canonical":"https:\/\/boxwall.com\/pt-pt\/guia-de-instalacao\/","og_locale":"pt_PT","og_type":"article","og_title":"Guia de Instala\u00e7\u00e3o - A instala\u00e7\u00e3o da NoFloods BoxWall","og_description":"A instala\u00e7\u00e3o da NoFloods BoxWall monta barreiras modulares para bloquear as \u00e1guas das cheias, oferecendo uma prote\u00e7\u00e3o fi\u00e1vel e eficaz para \u00e1reas vulner\u00e1veis","og_url":"https:\/\/boxwall.com\/pt-pt\/guia-de-instalacao\/","og_site_name":"EasyWall Flood Barrier","article_modified_time":"2026-05-04T13:43:25+00:00","twitter_card":"summary_large_image","twitter_misc":{"Tempo estimado de leitura":"2 minutos"},"schema":{"@context":"https:\/\/schema.org","@graph":[{"@type":"WebPage","@id":"https:\/\/boxwall.com\/pt-pt\/guia-de-instalacao\/","url":"https:\/\/boxwall.com\/pt-pt\/guia-de-instalacao\/","name":"Guia de Instala\u00e7\u00e3o - A instala\u00e7\u00e3o da NoFloods BoxWall","isPartOf":{"@id":"https:\/\/boxwall.com\/pt-pt\/#website"},"datePublished":"2024-08-24T05:43:04+00:00","dateModified":"2026-05-04T13:43:25+00:00","description":"A instala\u00e7\u00e3o da NoFloods BoxWall monta barreiras modulares para bloquear as \u00e1guas das cheias, oferecendo uma prote\u00e7\u00e3o fi\u00e1vel e eficaz para \u00e1reas vulner\u00e1veis","breadcrumb":{"@id":"https:\/\/boxwall.com\/pt-pt\/guia-de-instalacao\/#breadcrumb"},"inLanguage":"pt-PT","potentialAction":[{"@type":"ReadAction","target":["https:\/\/boxwall.com\/pt-pt\/guia-de-instalacao\/"]}]},{"@type":"BreadcrumbList","@id":"https:\/\/boxwall.com\/pt-pt\/guia-de-instalacao\/#breadcrumb","itemListElement":[{"@type":"ListItem","position":1,"name":"In\u00edcio","item":"https:\/\/boxwall.com\/pt-pt\/inicio\/"},{"@type":"ListItem","position":2,"name":"Guia de Instala\u00e7\u00e3o"}]},{"@type":"WebSite","@id":"https:\/\/boxwall.com\/pt-pt\/#website","url":"https:\/\/boxwall.com\/pt-pt\/","name":"EasyWall Flood Barrier","description":"By Environment Solutions","publisher":{"@id":"https:\/\/boxwall.com\/pt-pt\/#organization"},"potentialAction":[{"@type":"SearchAction","target":{"@type":"EntryPoint","urlTemplate":"https:\/\/boxwall.com\/pt-pt\/?s={search_term_string}"},"query-input":{"@type":"PropertyValueSpecification","valueRequired":true,"valueName":"search_term_string"}}],"inLanguage":"pt-PT"},{"@type":"Organization","@id":"https:\/\/boxwall.com\/pt-pt\/#organization","name":"EasyWall Flood Barrier","url":"https:\/\/boxwall.com\/pt-pt\/","logo":{"@type":"ImageObject","inLanguage":"pt-PT","@id":"https:\/\/boxwall.com\/pt-pt\/#\/schema\/logo\/image\/","url":"https:\/\/boxwall.com\/wp-content\/uploads\/2025\/04\/NoFloods-by-ES-New-TM-1.webp","contentUrl":"https:\/\/boxwall.com\/wp-content\/uploads\/2025\/04\/NoFloods-by-ES-New-TM-1.webp","width":338,"height":70,"caption":"EasyWall Flood Barrier"},"image":{"@id":"https:\/\/boxwall.com\/pt-pt\/#\/schema\/logo\/image\/"}}]}},"_links":{"self":[{"href":"https:\/\/boxwall.com\/pt-pt\/wp-json\/wp\/v2\/pages\/6680","targetHints":{"allow":["GET"]}}],"collection":[{"href":"https:\/\/boxwall.com\/pt-pt\/wp-json\/wp\/v2\/pages"}],"about":[{"href":"https:\/\/boxwall.com\/pt-pt\/wp-json\/wp\/v2\/types\/page"}],"author":[{"embeddable":true,"href":"https:\/\/boxwall.com\/pt-pt\/wp-json\/wp\/v2\/users\/3"}],"replies":[{"embeddable":true,"href":"https:\/\/boxwall.com\/pt-pt\/wp-json\/wp\/v2\/comments?post=6680"}],"version-history":[{"count":1,"href":"https:\/\/boxwall.com\/pt-pt\/wp-json\/wp\/v2\/pages\/6680\/revisions"}],"predecessor-version":[{"id":6695,"href":"https:\/\/boxwall.com\/pt-pt\/wp-json\/wp\/v2\/pages\/6680\/revisions\/6695"}],"wp:attachment":[{"href":"https:\/\/boxwall.com\/pt-pt\/wp-json\/wp\/v2\/media?parent=6680"}],"curies":[{"name":"wp","href":"https:\/\/api.w.org\/{rel}","templated":true}]}}