{"id":6201,"date":"2024-08-24T05:43:04","date_gmt":"2024-08-24T05:43:04","guid":{"rendered":"https:\/\/boxwall.com\/instrukcja-montazu\/"},"modified":"2025-12-01T11:16:27","modified_gmt":"2025-12-01T11:16:27","slug":"instrukcja-montazu","status":"publish","type":"page","link":"https:\/\/boxwall.com\/pl\/instrukcja-montazu\/","title":{"rendered":"Instrukcja monta\u017cu"},"content":{"rendered":"\t\t<div data-elementor-type=\"wp-page\" data-elementor-id=\"6201\" class=\"elementor elementor-6201 elementor-147\">\n\t\t\t\t<div class=\"elementor-element elementor-element-90f8eb1 e-flex e-con-boxed e-con e-parent\" data-id=\"90f8eb1\" data-element_type=\"container\" data-e-type=\"container\" data-settings=\"{&quot;background_background&quot;:&quot;video&quot;,&quot;background_video_link&quot;:&quot;https:\\\/\\\/boxwall.com\\\/wp-content\\\/uploads\\\/2025\\\/04\\\/Edited_with_sound-1.mp4&quot;,&quot;background_video_start&quot;:0,&quot;background_play_on_mobile&quot;:&quot;yes&quot;}\">\n\t\t\t\t\t<div class=\"e-con-inner\">\n\t\t<div class=\"elementor-background-video-container\">\n\t\t\t\t\t\t\t<video class=\"elementor-background-video-hosted\" role=\"presentation\" autoplay muted playsinline loop><\/video>\n\t\t\t\t\t<\/div><div class=\"elementor-element elementor-element-856adab e-con-full e-flex e-con e-child\" data-id=\"856adab\" data-element_type=\"container\" data-e-type=\"container\">\n\t\t\t\t<div class=\"elementor-element elementor-element-99936b1 elementor-widget elementor-widget-heading\" data-id=\"99936b1\" data-element_type=\"widget\" data-e-type=\"widget\" data-widget_type=\"heading.default\">\n\t\t\t\t<div class=\"elementor-widget-container\">\n\t\t\t\t\t<h1 class=\"elementor-heading-title elementor-size-default\">Instrukcja monta\u017cu<\/h1>\t\t\t\t<\/div>\n\t\t\t\t<\/div>\n\t\t\t\t<div class=\"elementor-element elementor-element-324a8a5 elementor-widget__width-initial elementor-widget-tablet__width-inherit elementor-widget-mobile__width-inherit elementor-widget elementor-widget-text-editor\" data-id=\"324a8a5\" data-element_type=\"widget\" data-e-type=\"widget\" data-widget_type=\"text-editor.default\">\n\t\t\t\t<div class=\"elementor-widget-container\">\n\t\t\t\t\t\t\t\t\tMonta\u017c NoFloods EasyWall polega na dok\u0142adnym ustawieniu i z\u0142o\u017ceniu modu\u0142owych element\u00f3w, aby zapewni\u0107 niezawodn\u0105 i skuteczn\u0105 ochron\u0119 przeciwpowodziow\u0105.\t\t\t\t\t\t\t\t<\/div>\n\t\t\t\t<\/div>\n\t\t\t\t<\/div>\n\t\t\t\t\t<\/div>\n\t\t\t\t<\/div>\n\t\t<div class=\"elementor-element elementor-element-913a746 e-con-full e-flex e-con e-parent\" data-id=\"913a746\" data-element_type=\"container\" data-e-type=\"container\">\n\t\t\t\t<div class=\"elementor-element elementor-element-4184985 elementor-widget elementor-widget-heading\" data-id=\"4184985\" data-element_type=\"widget\" data-e-type=\"widget\" data-widget_type=\"heading.default\">\n\t\t\t\t<div class=\"elementor-widget-container\">\n\t\t\t\t\t<h4 class=\"elementor-heading-title elementor-size-default\">Przyk\u0142ad mechanizmu blokuj\u0105cego bariery.<\/h4>\t\t\t\t<\/div>\n\t\t\t\t<\/div>\n\t\t\t\t<\/div>\n\t\t<div class=\"elementor-element elementor-element-719f4ed e-flex e-con-boxed e-con e-parent\" data-id=\"719f4ed\" data-element_type=\"container\" data-e-type=\"container\" data-settings=\"{&quot;background_background&quot;:&quot;classic&quot;}\">\n\t\t\t\t\t<div class=\"e-con-inner\">\n\t\t<div class=\"elementor-element elementor-element-3c8a6b2 e-con-full e-flex e-con e-child\" data-id=\"3c8a6b2\" data-element_type=\"container\" data-e-type=\"container\">\n\t\t\t\t<div class=\"elementor-element elementor-element-f74eb61 elementor-widget elementor-widget-heading\" data-id=\"f74eb61\" data-element_type=\"widget\" data-e-type=\"widget\" data-widget_type=\"heading.default\">\n\t\t\t\t<div class=\"elementor-widget-container\">\n\t\t\t\t\t<h2 class=\"elementor-heading-title elementor-size-default\">Jak zamontowa\u0107 barier\u0119 EasyWall<\/h2>\t\t\t\t<\/div>\n\t\t\t\t<\/div>\n\t\t\t\t<div class=\"elementor-element elementor-element-819d67c elementor-widget elementor-widget-text-editor\" data-id=\"819d67c\" data-element_type=\"widget\" data-e-type=\"widget\" data-widget_type=\"text-editor.default\">\n\t\t\t\t<div class=\"elementor-widget-container\">\n\t\t\t\t\t\t\t\t\t<p>Ka\u017cda bariera wa\u017cy oko\u0142o 3-13 kg, co umo\u017cliwia \u0142atwe ustawianie barier. Mechanizm blokuj\u0105cy jest prosty i intuicyjny, pozwalaj\u0105c na szybki monta\u017c. Po instalacji zawsze dok\u0142adnie sprawd\u017a barier\u0119, aby upewni\u0107 si\u0119, \u017ce ka\u017cdy modu\u0142 jest prawid\u0142owo zamontowany.  <\/p>\t\t\t\t\t\t\t\t<\/div>\n\t\t\t\t<\/div>\n\t\t<div class=\"elementor-element elementor-element-0676d34 e-flex e-con-boxed e-con e-child\" data-id=\"0676d34\" data-element_type=\"container\" data-e-type=\"container\">\n\t\t\t\t\t<div class=\"e-con-inner\">\n\t\t<div class=\"elementor-element elementor-element-de2d6e8 e-con-full e-flex e-con e-child\" data-id=\"de2d6e8\" data-element_type=\"container\" data-e-type=\"container\">\n\t\t\t\t<div class=\"elementor-element elementor-element-425ed33 elementor-widget-divider--view-line_text elementor-widget-divider--element-align-left elementor-widget elementor-widget-divider\" data-id=\"425ed33\" data-element_type=\"widget\" data-e-type=\"widget\" data-widget_type=\"divider.default\">\n\t\t\t\t<div class=\"elementor-widget-container\">\n\t\t\t\t\t\t\t<div class=\"elementor-divider\">\n\t\t\t<span class=\"elementor-divider-separator\">\n\t\t\t\t\t\t\t<span class=\"elementor-divider__text elementor-divider__element\">\n\t\t\t\t01.\t\t\t\t<\/span>\n\t\t\t\t\t\t<\/span>\n\t\t<\/div>\n\t\t\t\t\t\t<\/div>\n\t\t\t\t<\/div>\n\t\t\t\t<div class=\"elementor-element elementor-element-04e1b73 elementor-widget elementor-widget-heading\" data-id=\"04e1b73\" data-element_type=\"widget\" data-e-type=\"widget\" data-widget_type=\"heading.default\">\n\t\t\t\t<div class=\"elementor-widget-container\">\n\t\t\t\t\t<h4 class=\"elementor-heading-title elementor-size-default\">Orientacja bariery<\/h4>\t\t\t\t<\/div>\n\t\t\t\t<\/div>\n\t\t\t\t<div class=\"elementor-element elementor-element-cede211 elementor-widget elementor-widget-text-editor\" data-id=\"cede211\" data-element_type=\"widget\" data-e-type=\"widget\" data-widget_type=\"text-editor.default\">\n\t\t\t\t<div class=\"elementor-widget-container\">\n\t\t\t\t\t\t\t\t\tKa\u017cdy modu\u0142 NoFloods EasyWall ma okre\u015blony g\u00f3r\u0119 i d\u00f3\u0142, aby zapewni\u0107 prawid\u0142owe ustawienie. Wskaz\u00f3wki wizualne, takie jak kszta\u0142t, oznaczenia lub etykiety, pomagaj\u0105 wskaza\u0107 pozycj\u0119 pionow\u0105. Zapewnienie prawid\u0142owej orientacji jest kluczowe dla stabilno\u015bci i p\u0142ynnego po\u0142\u0105czenia z s\u0105siednimi modu\u0142ami.  \t\t\t\t\t\t\t\t<\/div>\n\t\t\t\t<\/div>\n\t\t\t\t<\/div>\n\t\t<div class=\"elementor-element elementor-element-98c696a e-con-full e-flex e-con e-child\" data-id=\"98c696a\" data-element_type=\"container\" data-e-type=\"container\">\n\t\t\t\t<div class=\"elementor-element elementor-element-6b8b6a7 elementor-widget-divider--view-line_text elementor-widget-divider--element-align-left elementor-widget elementor-widget-divider\" data-id=\"6b8b6a7\" data-element_type=\"widget\" data-e-type=\"widget\" data-widget_type=\"divider.default\">\n\t\t\t\t<div class=\"elementor-widget-container\">\n\t\t\t\t\t\t\t<div class=\"elementor-divider\">\n\t\t\t<span class=\"elementor-divider-separator\">\n\t\t\t\t\t\t\t<span class=\"elementor-divider__text elementor-divider__element\">\n\t\t\t\t02.\t\t\t\t<\/span>\n\t\t\t\t\t\t<\/span>\n\t\t<\/div>\n\t\t\t\t\t\t<\/div>\n\t\t\t\t<\/div>\n\t\t\t\t<div class=\"elementor-element elementor-element-1d35a3d elementor-widget elementor-widget-heading\" data-id=\"1d35a3d\" data-element_type=\"widget\" data-e-type=\"widget\" data-widget_type=\"heading.default\">\n\t\t\t\t<div class=\"elementor-widget-container\">\n\t\t\t\t\t<h4 class=\"elementor-heading-title elementor-size-default\">\u0141\u0105czenie element\u00f3w<\/h4>\t\t\t\t<\/div>\n\t\t\t\t<\/div>\n\t\t\t\t<div class=\"elementor-element elementor-element-e5c0692 elementor-widget elementor-widget-text-editor\" data-id=\"e5c0692\" data-element_type=\"widget\" data-e-type=\"widget\" data-widget_type=\"text-editor.default\">\n\t\t\t\t<div class=\"elementor-widget-container\">\n\t\t\t\t\t\t\t\t\tAby po\u0142\u0105czy\u0107 modu\u0142y, zacznij od ustawienia pierwszego elementu EasyWall na pozycji. Przechyl lekko nast\u0119pny element, wyr\u00f3wnaj dolne z\u0142\u0105cza, nast\u0119pnie opu\u015b\u0107 go na miejsce i zabezpiecz g\u00f3rne po\u0142\u0105czenie. Cho\u0107 szczeg\u00f3\u0142y blokowania mog\u0105 si\u0119 nieznacznie r\u00f3\u017cni\u0107 mi\u0119dzy modelami, og\u00f3lny proces \u0142\u0105czenia pozostaje taki sam.  \t\t\t\t\t\t\t\t<\/div>\n\t\t\t\t<\/div>\n\t\t\t\t<\/div>\n\t\t<div class=\"elementor-element elementor-element-f065185 e-con-full e-flex e-con e-child\" data-id=\"f065185\" data-element_type=\"container\" data-e-type=\"container\">\n\t\t\t\t<div class=\"elementor-element elementor-element-7293cba elementor-widget-divider--view-line_text elementor-widget-divider--element-align-left elementor-widget elementor-widget-divider\" data-id=\"7293cba\" data-element_type=\"widget\" data-e-type=\"widget\" data-widget_type=\"divider.default\">\n\t\t\t\t<div class=\"elementor-widget-container\">\n\t\t\t\t\t\t\t<div class=\"elementor-divider\">\n\t\t\t<span class=\"elementor-divider-separator\">\n\t\t\t\t\t\t\t<span class=\"elementor-divider__text elementor-divider__element\">\n\t\t\t\t03.\t\t\t\t<\/span>\n\t\t\t\t\t\t<\/span>\n\t\t<\/div>\n\t\t\t\t\t\t<\/div>\n\t\t\t\t<\/div>\n\t\t\t\t<div class=\"elementor-element elementor-element-b46d7a6 elementor-widget elementor-widget-heading\" data-id=\"b46d7a6\" data-element_type=\"widget\" data-e-type=\"widget\" data-widget_type=\"heading.default\">\n\t\t\t\t<div class=\"elementor-widget-container\">\n\t\t\t\t\t<h4 class=\"elementor-heading-title elementor-size-default\">\u0141\u0105czenie i blokowanie<\/h4>\t\t\t\t<\/div>\n\t\t\t\t<\/div>\n\t\t\t\t<div class=\"elementor-element elementor-element-08f9bf9 elementor-widget elementor-widget-text-editor\" data-id=\"08f9bf9\" data-element_type=\"widget\" data-e-type=\"widget\" data-widget_type=\"text-editor.default\">\n\t\t\t\t<div class=\"elementor-widget-container\">\n\t\t\t\t\t\t\t\t\tKontynuuj \u0142\u0105czenie element\u00f3w, aby uzyska\u0107 po\u017c\u0105dan\u0105 d\u0142ugo\u015b\u0107 i konfiguracj\u0119 bariery. Mechanizmy blokuj\u0105ce NoFloods EasyWall umo\u017cliwiaj\u0105 \u0142atwe dostosowanie, zapewniaj\u0105c bezpieczne i elastyczne ustawienie. Do zakr\u0119t\u00f3w s\u0142u\u017c\u0105 modu\u0142y naro\u017cne wewn\u0119trzne i zewn\u0119trzne, zapewniaj\u0105ce stabilne i precyzyjne rozwi\u0105zanie, a bariera mo\u017ce by\u0107 estetycznie zako\u0144czona modu\u0142em ko\u0144cowym.  \t\t\t\t\t\t\t\t<\/div>\n\t\t\t\t<\/div>\n\t\t\t\t<\/div>\n\t\t<div class=\"elementor-element elementor-element-4a45c7e e-con-full e-flex e-con e-child\" data-id=\"4a45c7e\" data-element_type=\"container\" data-e-type=\"container\">\n\t\t\t\t<div class=\"elementor-element elementor-element-a8d29fd elementor-widget-divider--view-line_text elementor-widget-divider--element-align-left elementor-widget elementor-widget-divider\" data-id=\"a8d29fd\" data-element_type=\"widget\" data-e-type=\"widget\" data-widget_type=\"divider.default\">\n\t\t\t\t<div class=\"elementor-widget-container\">\n\t\t\t\t\t\t\t<div class=\"elementor-divider\">\n\t\t\t<span class=\"elementor-divider-separator\">\n\t\t\t\t\t\t\t<span class=\"elementor-divider__text elementor-divider__element\">\n\t\t\t\t04.\t\t\t\t<\/span>\n\t\t\t\t\t\t<\/span>\n\t\t<\/div>\n\t\t\t\t\t\t<\/div>\n\t\t\t\t<\/div>\n\t\t\t\t<div class=\"elementor-element elementor-element-f6c0b62 elementor-widget elementor-widget-heading\" data-id=\"f6c0b62\" data-element_type=\"widget\" data-e-type=\"widget\" data-widget_type=\"heading.default\">\n\t\t\t\t<div class=\"elementor-widget-container\">\n\t\t\t\t\t<h4 class=\"elementor-heading-title elementor-size-default\">Demonta\u017c<\/h4>\t\t\t\t<\/div>\n\t\t\t\t<\/div>\n\t\t\t\t<div class=\"elementor-element elementor-element-8c197ba elementor-widget elementor-widget-text-editor\" data-id=\"8c197ba\" data-element_type=\"widget\" data-e-type=\"widget\" data-widget_type=\"text-editor.default\">\n\t\t\t\t<div class=\"elementor-widget-container\">\n\t\t\t\t\t\t\t\t\tAby zdemontowa\u0107 NoFloods EasyWall, zacznij od elementu ko\u0144cowego. W zale\u017cno\u015bci od modelu, mo\u017ce by\u0107 konieczne najpierw odblokowanie g\u00f3rnego po\u0142\u0105czenia. Nast\u0119pnie po prostu podnie\u015b i przechyl ka\u017cdy element, aby od\u0142\u0105czy\u0107 go od nast\u0119pnego.  \t\t\t\t\t\t\t\t<\/div>\n\t\t\t\t<\/div>\n\t\t\t\t<\/div>\n\t\t\t\t\t<\/div>\n\t\t\t\t<\/div>\n\t\t\t\t<\/div>\n\t\t\t\t\t<\/div>\n\t\t\t\t<\/div>\n\t\t\t\t<\/div>\n\t\t","protected":false},"excerpt":{"rendered":"<p>Instrukcja monta\u017cu Monta\u017c NoFloods EasyWall polega na dok\u0142adnym ustawieniu i z\u0142o\u017ceniu modu\u0142owych element\u00f3w, aby zapewni\u0107 niezawodn\u0105 i skuteczn\u0105 ochron\u0119 przeciwpowodziow\u0105. [&hellip;]<\/p>\n","protected":false},"author":3,"featured_media":0,"parent":0,"menu_order":0,"comment_status":"closed","ping_status":"closed","template":"","meta":{"site-sidebar-layout":"no-sidebar","site-content-layout":"page-builder","ast-site-content-layout":"full-width-container","site-content-style":"unboxed","site-sidebar-style":"unboxed","ast-global-header-display":"","ast-banner-title-visibility":"","ast-main-header-display":"","ast-hfb-above-header-display":"","ast-hfb-below-header-display":"","ast-hfb-mobile-header-display":"","site-post-title":"disabled","ast-breadcrumbs-content":"","ast-featured-img":"disabled","footer-sml-layout":"","ast-disable-related-posts":"","theme-transparent-header-meta":"enabled","adv-header-id-meta":"","stick-header-meta":"","header-above-stick-meta":"","header-main-stick-meta":"","header-below-stick-meta":"","astra-migrate-meta-layouts":"default","ast-page-background-enabled":"default","ast-page-background-meta":{"desktop":{"background-color":"","background-image":"","background-repeat":"repeat","background-position":"center center","background-size":"auto","background-attachment":"scroll","background-type":"","background-media":"","overlay-type":"","overlay-color":"","overlay-opacity":"","overlay-gradient":""},"tablet":{"background-color":"","background-image":"","background-repeat":"repeat","background-position":"center center","background-size":"auto","background-attachment":"scroll","background-type":"","background-media":"","overlay-type":"","overlay-color":"","overlay-opacity":"","overlay-gradient":""},"mobile":{"background-color":"","background-image":"","background-repeat":"repeat","background-position":"center center","background-size":"auto","background-attachment":"scroll","background-type":"","background-media":"","overlay-type":"","overlay-color":"","overlay-opacity":"","overlay-gradient":""}},"ast-content-background-meta":{"desktop":{"background-color":"var(--ast-global-color-5)","background-image":"","background-repeat":"repeat","background-position":"center center","background-size":"auto","background-attachment":"scroll","background-type":"","background-media":"","overlay-type":"","overlay-color":"","overlay-opacity":"","overlay-gradient":""},"tablet":{"background-color":"var(--ast-global-color-5)","background-image":"","background-repeat":"repeat","background-position":"center center","background-size":"auto","background-attachment":"scroll","background-type":"","background-media":"","overlay-type":"","overlay-color":"","overlay-opacity":"","overlay-gradient":""},"mobile":{"background-color":"var(--ast-global-color-5)","background-image":"","background-repeat":"repeat","background-position":"center center","background-size":"auto","background-attachment":"scroll","background-type":"","background-media":"","overlay-type":"","overlay-color":"","overlay-opacity":"","overlay-gradient":""}},"footnotes":""},"class_list":["post-6201","page","type-page","status-publish","hentry"],"yoast_head":"<!-- This site is optimized with the Yoast SEO plugin v27.5 - https:\/\/yoast.com\/product\/yoast-seo-wordpress\/ -->\n<title>Instrukcja monta\u017cu - Monta\u017c NoFloods BoxWall<\/title>\n<meta name=\"description\" content=\"Monta\u017c NoFloods BoxWall polega na z\u0142o\u017ceniu modu\u0142owych barier blokuj\u0105cych wod\u0119 powodziow\u0105, zapewniaj\u0105c niezawodn\u0105 i skuteczn\u0105 ochron\u0119 zagro\u017conego terenu\" \/>\n<meta name=\"robots\" content=\"index, follow, max-snippet:-1, max-image-preview:large, max-video-preview:-1\" \/>\n<link rel=\"canonical\" href=\"https:\/\/boxwall.com\/pl\/instrukcja-montazu\/\" \/>\n<meta property=\"og:locale\" content=\"pl_PL\" \/>\n<meta property=\"og:type\" content=\"article\" \/>\n<meta property=\"og:title\" content=\"Instrukcja monta\u017cu - Monta\u017c NoFloods BoxWall\" \/>\n<meta property=\"og:description\" content=\"Monta\u017c NoFloods BoxWall polega na z\u0142o\u017ceniu modu\u0142owych barier blokuj\u0105cych wod\u0119 powodziow\u0105, zapewniaj\u0105c niezawodn\u0105 i skuteczn\u0105 ochron\u0119 zagro\u017conego terenu\" \/>\n<meta property=\"og:url\" content=\"https:\/\/boxwall.com\/pl\/instrukcja-montazu\/\" \/>\n<meta property=\"og:site_name\" content=\"EasyWall Flood Barrier\" \/>\n<meta property=\"article:modified_time\" content=\"2025-12-01T11:16:27+00:00\" \/>\n<meta name=\"twitter:card\" content=\"summary_large_image\" \/>\n<meta name=\"twitter:label1\" content=\"Szacowany czas czytania\" \/>\n\t<meta name=\"twitter:data1\" content=\"1 minuta\" \/>\n<script type=\"application\/ld+json\" class=\"yoast-schema-graph\">{\"@context\":\"https:\\\/\\\/schema.org\",\"@graph\":[{\"@type\":\"WebPage\",\"@id\":\"https:\\\/\\\/boxwall.com\\\/pl\\\/instrukcja-montazu\\\/\",\"url\":\"https:\\\/\\\/boxwall.com\\\/pl\\\/instrukcja-montazu\\\/\",\"name\":\"Instrukcja monta\u017cu - Monta\u017c NoFloods BoxWall\",\"isPartOf\":{\"@id\":\"https:\\\/\\\/boxwall.com\\\/pl\\\/#website\"},\"datePublished\":\"2024-08-24T05:43:04+00:00\",\"dateModified\":\"2025-12-01T11:16:27+00:00\",\"description\":\"Monta\u017c NoFloods BoxWall polega na z\u0142o\u017ceniu modu\u0142owych barier blokuj\u0105cych wod\u0119 powodziow\u0105, zapewniaj\u0105c niezawodn\u0105 i skuteczn\u0105 ochron\u0119 zagro\u017conego terenu\",\"breadcrumb\":{\"@id\":\"https:\\\/\\\/boxwall.com\\\/pl\\\/instrukcja-montazu\\\/#breadcrumb\"},\"inLanguage\":\"pl-PL\",\"potentialAction\":[{\"@type\":\"ReadAction\",\"target\":[\"https:\\\/\\\/boxwall.com\\\/pl\\\/instrukcja-montazu\\\/\"]}]},{\"@type\":\"BreadcrumbList\",\"@id\":\"https:\\\/\\\/boxwall.com\\\/pl\\\/instrukcja-montazu\\\/#breadcrumb\",\"itemListElement\":[{\"@type\":\"ListItem\",\"position\":1,\"name\":\"Strona g\u0142\u00f3wna\",\"item\":\"https:\\\/\\\/boxwall.com\\\/pl\\\/strona-glowna\\\/\"},{\"@type\":\"ListItem\",\"position\":2,\"name\":\"Instrukcja monta\u017cu\"}]},{\"@type\":\"WebSite\",\"@id\":\"https:\\\/\\\/boxwall.com\\\/pl\\\/#website\",\"url\":\"https:\\\/\\\/boxwall.com\\\/pl\\\/\",\"name\":\"EasyWall Flood Barrier\",\"description\":\"By Environment Solutions\",\"publisher\":{\"@id\":\"https:\\\/\\\/boxwall.com\\\/pl\\\/#organization\"},\"potentialAction\":[{\"@type\":\"SearchAction\",\"target\":{\"@type\":\"EntryPoint\",\"urlTemplate\":\"https:\\\/\\\/boxwall.com\\\/pl\\\/?s={search_term_string}\"},\"query-input\":{\"@type\":\"PropertyValueSpecification\",\"valueRequired\":true,\"valueName\":\"search_term_string\"}}],\"inLanguage\":\"pl-PL\"},{\"@type\":\"Organization\",\"@id\":\"https:\\\/\\\/boxwall.com\\\/pl\\\/#organization\",\"name\":\"EasyWall Flood Barrier\",\"url\":\"https:\\\/\\\/boxwall.com\\\/pl\\\/\",\"logo\":{\"@type\":\"ImageObject\",\"inLanguage\":\"pl-PL\",\"@id\":\"https:\\\/\\\/boxwall.com\\\/pl\\\/#\\\/schema\\\/logo\\\/image\\\/\",\"url\":\"https:\\\/\\\/boxwall.com\\\/wp-content\\\/uploads\\\/2025\\\/04\\\/NoFloods-by-ES-New-TM-1.webp\",\"contentUrl\":\"https:\\\/\\\/boxwall.com\\\/wp-content\\\/uploads\\\/2025\\\/04\\\/NoFloods-by-ES-New-TM-1.webp\",\"width\":338,\"height\":70,\"caption\":\"EasyWall Flood Barrier\"},\"image\":{\"@id\":\"https:\\\/\\\/boxwall.com\\\/pl\\\/#\\\/schema\\\/logo\\\/image\\\/\"}}]}<\/script>\n<!-- \/ Yoast SEO plugin. -->","yoast_head_json":{"title":"Instrukcja monta\u017cu - Monta\u017c NoFloods BoxWall","description":"Monta\u017c NoFloods BoxWall polega na z\u0142o\u017ceniu modu\u0142owych barier blokuj\u0105cych wod\u0119 powodziow\u0105, zapewniaj\u0105c niezawodn\u0105 i skuteczn\u0105 ochron\u0119 zagro\u017conego terenu","robots":{"index":"index","follow":"follow","max-snippet":"max-snippet:-1","max-image-preview":"max-image-preview:large","max-video-preview":"max-video-preview:-1"},"canonical":"https:\/\/boxwall.com\/pl\/instrukcja-montazu\/","og_locale":"pl_PL","og_type":"article","og_title":"Instrukcja monta\u017cu - Monta\u017c NoFloods BoxWall","og_description":"Monta\u017c NoFloods BoxWall polega na z\u0142o\u017ceniu modu\u0142owych barier blokuj\u0105cych wod\u0119 powodziow\u0105, zapewniaj\u0105c niezawodn\u0105 i skuteczn\u0105 ochron\u0119 zagro\u017conego terenu","og_url":"https:\/\/boxwall.com\/pl\/instrukcja-montazu\/","og_site_name":"EasyWall Flood Barrier","article_modified_time":"2025-12-01T11:16:27+00:00","twitter_card":"summary_large_image","twitter_misc":{"Szacowany czas czytania":"1 minuta"},"schema":{"@context":"https:\/\/schema.org","@graph":[{"@type":"WebPage","@id":"https:\/\/boxwall.com\/pl\/instrukcja-montazu\/","url":"https:\/\/boxwall.com\/pl\/instrukcja-montazu\/","name":"Instrukcja monta\u017cu - Monta\u017c NoFloods BoxWall","isPartOf":{"@id":"https:\/\/boxwall.com\/pl\/#website"},"datePublished":"2024-08-24T05:43:04+00:00","dateModified":"2025-12-01T11:16:27+00:00","description":"Monta\u017c NoFloods BoxWall polega na z\u0142o\u017ceniu modu\u0142owych barier blokuj\u0105cych wod\u0119 powodziow\u0105, zapewniaj\u0105c niezawodn\u0105 i skuteczn\u0105 ochron\u0119 zagro\u017conego terenu","breadcrumb":{"@id":"https:\/\/boxwall.com\/pl\/instrukcja-montazu\/#breadcrumb"},"inLanguage":"pl-PL","potentialAction":[{"@type":"ReadAction","target":["https:\/\/boxwall.com\/pl\/instrukcja-montazu\/"]}]},{"@type":"BreadcrumbList","@id":"https:\/\/boxwall.com\/pl\/instrukcja-montazu\/#breadcrumb","itemListElement":[{"@type":"ListItem","position":1,"name":"Strona g\u0142\u00f3wna","item":"https:\/\/boxwall.com\/pl\/strona-glowna\/"},{"@type":"ListItem","position":2,"name":"Instrukcja monta\u017cu"}]},{"@type":"WebSite","@id":"https:\/\/boxwall.com\/pl\/#website","url":"https:\/\/boxwall.com\/pl\/","name":"EasyWall Flood Barrier","description":"By Environment Solutions","publisher":{"@id":"https:\/\/boxwall.com\/pl\/#organization"},"potentialAction":[{"@type":"SearchAction","target":{"@type":"EntryPoint","urlTemplate":"https:\/\/boxwall.com\/pl\/?s={search_term_string}"},"query-input":{"@type":"PropertyValueSpecification","valueRequired":true,"valueName":"search_term_string"}}],"inLanguage":"pl-PL"},{"@type":"Organization","@id":"https:\/\/boxwall.com\/pl\/#organization","name":"EasyWall Flood Barrier","url":"https:\/\/boxwall.com\/pl\/","logo":{"@type":"ImageObject","inLanguage":"pl-PL","@id":"https:\/\/boxwall.com\/pl\/#\/schema\/logo\/image\/","url":"https:\/\/boxwall.com\/wp-content\/uploads\/2025\/04\/NoFloods-by-ES-New-TM-1.webp","contentUrl":"https:\/\/boxwall.com\/wp-content\/uploads\/2025\/04\/NoFloods-by-ES-New-TM-1.webp","width":338,"height":70,"caption":"EasyWall Flood Barrier"},"image":{"@id":"https:\/\/boxwall.com\/pl\/#\/schema\/logo\/image\/"}}]}},"_links":{"self":[{"href":"https:\/\/boxwall.com\/pl\/wp-json\/wp\/v2\/pages\/6201","targetHints":{"allow":["GET"]}}],"collection":[{"href":"https:\/\/boxwall.com\/pl\/wp-json\/wp\/v2\/pages"}],"about":[{"href":"https:\/\/boxwall.com\/pl\/wp-json\/wp\/v2\/types\/page"}],"author":[{"embeddable":true,"href":"https:\/\/boxwall.com\/pl\/wp-json\/wp\/v2\/users\/3"}],"replies":[{"embeddable":true,"href":"https:\/\/boxwall.com\/pl\/wp-json\/wp\/v2\/comments?post=6201"}],"version-history":[{"count":1,"href":"https:\/\/boxwall.com\/pl\/wp-json\/wp\/v2\/pages\/6201\/revisions"}],"predecessor-version":[{"id":6207,"href":"https:\/\/boxwall.com\/pl\/wp-json\/wp\/v2\/pages\/6201\/revisions\/6207"}],"wp:attachment":[{"href":"https:\/\/boxwall.com\/pl\/wp-json\/wp\/v2\/media?parent=6201"}],"curies":[{"name":"wp","href":"https:\/\/api.w.org\/{rel}","templated":true}]}}