{"id":2666,"date":"2024-08-24T05:43:04","date_gmt":"2024-08-24T05:43:04","guid":{"rendered":"https:\/\/boxwall.com\/a-propos-de-nous\/"},"modified":"2025-03-21T14:37:03","modified_gmt":"2025-03-21T14:37:03","slug":"a-propos-de-nous","status":"publish","type":"page","link":"https:\/\/boxwall.com\/fr\/a-propos-de-nous\/","title":{"rendered":"A propos de nous"},"content":{"rendered":"\t\t<div data-elementor-type=\"wp-page\" data-elementor-id=\"2666\" class=\"elementor elementor-2666 elementor-119\">\n\t\t\t\t<div class=\"elementor-element elementor-element-6293501 e-flex e-con-boxed e-con e-parent\" data-id=\"6293501\" data-element_type=\"container\" data-e-type=\"container\" data-settings=\"{&quot;background_background&quot;:&quot;classic&quot;}\">\n\t\t\t\t\t<div class=\"e-con-inner\">\n\t\t<div class=\"elementor-element elementor-element-60f23af e-con-full e-flex e-con e-child\" data-id=\"60f23af\" data-element_type=\"container\" data-e-type=\"container\">\n\t\t\t\t<div class=\"elementor-element elementor-element-8b67591 elementor-widget elementor-widget-heading\" data-id=\"8b67591\" data-element_type=\"widget\" data-e-type=\"widget\" data-widget_type=\"heading.default\">\n\t\t\t\t<div class=\"elementor-widget-container\">\n\t\t\t\t\t<h1 class=\"elementor-heading-title elementor-size-default\">A propos de nous<\/h1>\t\t\t\t<\/div>\n\t\t\t\t<\/div>\n\t\t\t\t<div class=\"elementor-element elementor-element-8d29c6c elementor-widget elementor-widget-text-editor\" data-id=\"8d29c6c\" data-element_type=\"widget\" data-e-type=\"widget\" data-widget_type=\"text-editor.default\">\n\t\t\t\t<div class=\"elementor-widget-container\">\n\t\t\t\t\t\t\t\t\t<p>Nous sommes sp\u00e9cialis\u00e9s dans la cr\u00e9ation de solutions innovantes pour la protection temporaire contre les inondations, les projets de construction dans l&rsquo;eau et le stockage temporaire de liquides.<\/p>\n\t\t\t\t\t\t\t\t<\/div>\n\t\t\t\t<\/div>\n\t\t\t\t<\/div>\n\t\t\t\t\t<\/div>\n\t\t\t\t<\/div>\n\t\t<div class=\"elementor-element elementor-element-1df73b1 e-flex e-con-boxed e-con e-parent\" data-id=\"1df73b1\" data-element_type=\"container\" data-e-type=\"container\" data-settings=\"{&quot;background_background&quot;:&quot;classic&quot;}\">\n\t\t\t\t\t<div class=\"e-con-inner\">\n\t\t<div class=\"elementor-element elementor-element-c002b61 e-con-full e-flex e-con e-child\" data-id=\"c002b61\" data-element_type=\"container\" data-e-type=\"container\" data-settings=\"{&quot;background_background&quot;:&quot;classic&quot;}\">\n\t\t\t\t<div class=\"elementor-element elementor-element-b97116c elementor-widget elementor-widget-image\" data-id=\"b97116c\" data-element_type=\"widget\" data-e-type=\"widget\" data-widget_type=\"image.default\">\n\t\t\t\t<div class=\"elementor-widget-container\">\n\t\t\t\t\t\t\t\t\t\t\t\t\t\t\t<img fetchpriority=\"high\" decoding=\"async\" width=\"640\" height=\"480\" src=\"https:\/\/boxwall.com\/wp-content\/uploads\/2025\/03\/image0-1.webp\" class=\"attachment-full size-full wp-image-4206\" alt=\"\" srcset=\"https:\/\/boxwall.com\/wp-content\/uploads\/2025\/03\/image0-1.webp 640w, https:\/\/boxwall.com\/wp-content\/uploads\/2025\/03\/image0-1-300x225.webp 300w\" sizes=\"(max-width: 640px) 100vw, 640px\" \/>\t\t\t\t\t\t\t\t\t\t\t\t\t\t\t<\/div>\n\t\t\t\t<\/div>\n\t\t\t\t<\/div>\n\t\t<div class=\"elementor-element elementor-element-eeb1dd2 e-con-full e-flex e-con e-child\" data-id=\"eeb1dd2\" data-element_type=\"container\" data-e-type=\"container\">\n\t\t\t\t<div class=\"elementor-element elementor-element-e703ad7 elementor-widget elementor-widget-text-editor\" data-id=\"e703ad7\" data-element_type=\"widget\" data-e-type=\"widget\" data-widget_type=\"text-editor.default\">\n\t\t\t\t<div class=\"elementor-widget-container\">\n\t\t\t\t\t\t\t\t\t<p><span style=\"font-size: 12pt; font-family: \"Calibri Light\", sans-serif; background-image: initial; background-position: initial; background-size: initial; background-repeat: initial; background-attachment: initial; background-origin: initial; background-clip: initial;\">Nous nous sp\u00e9cialisons dans le d\u00e9veloppement et la fabrication de solutions innovantes pour la protection temporaire contre les inondations, les projets de construction en milieu aquatique et le stockage temporaire de liquides. Avec un engagement ferme envers l&rsquo;excellence et la qualit\u00e9, nous proposons une gamme diversifi\u00e9e de barri\u00e8res con\u00e7ues pour r\u00e9pondre aux exigences de notre client\u00e8le. Notre expertise r\u00e9side dans la fourniture de solutions novatrices qui surpassent constamment les attentes, qu&rsquo;il s&rsquo;agisse de protection contre les inondations, de stockage temporaire de liquides ou de soutien aux projets de construction en milieu aquatique.   &nbsp;Chaque produit est con\u00e7u avec pr\u00e9cision et fiabilit\u00e9, garantissant des performances de premier ordre, m\u00eame dans les conditions les plus difficiles.<\/span><span style=\"color: rgb(0, 0, 0); font-size: medium;\"><\/span><\/p>\n\t\t\t\t\t\t\t\t<\/div>\n\t\t\t\t<\/div>\n\t\t\t\t<\/div>\n\t\t\t\t\t<\/div>\n\t\t\t\t<\/div>\n\t\t<div class=\"elementor-element elementor-element-090c4cd e-flex e-con-boxed e-con e-parent\" data-id=\"090c4cd\" data-element_type=\"container\" data-e-type=\"container\" data-settings=\"{&quot;background_background&quot;:&quot;classic&quot;}\">\n\t\t\t\t\t<div class=\"e-con-inner\">\n\t\t<div class=\"elementor-element elementor-element-35cfc79 e-con-full e-flex e-con e-child\" data-id=\"35cfc79\" data-element_type=\"container\" data-e-type=\"container\">\n\t\t<div class=\"elementor-element elementor-element-649a74b e-flex e-con-boxed e-con e-child\" data-id=\"649a74b\" data-element_type=\"container\" data-e-type=\"container\">\n\t\t\t\t\t<div class=\"e-con-inner\">\n\t\t<div class=\"elementor-element elementor-element-22f442e e-con-full e-flex e-con e-child\" data-id=\"22f442e\" data-element_type=\"container\" data-e-type=\"container\">\n\t\t\t\t<div class=\"elementor-element elementor-element-a0263fc elementor-widget elementor-widget-heading\" data-id=\"a0263fc\" data-element_type=\"widget\" data-e-type=\"widget\" data-widget_type=\"heading.default\">\n\t\t\t\t<div class=\"elementor-widget-container\">\n\t\t\t\t\t<h3 class=\"elementor-heading-title elementor-size-default\">Ce que nous faisons<\/h3>\t\t\t\t<\/div>\n\t\t\t\t<\/div>\n\t\t\t\t<\/div>\n\t\t<div class=\"elementor-element elementor-element-f8f492f e-con-full e-flex e-con e-child\" data-id=\"f8f492f\" data-element_type=\"container\" data-e-type=\"container\">\n\t\t\t\t<div class=\"elementor-element elementor-element-297a0ce elementor-widget elementor-widget-text-editor\" data-id=\"297a0ce\" data-element_type=\"widget\" data-e-type=\"widget\" data-widget_type=\"text-editor.default\">\n\t\t\t\t<div class=\"elementor-widget-container\">\n\t\t\t\t\t\t\t\t\t<p>En mettant l&rsquo;accent sur l&rsquo;innovation et la satisfaction du client, nous nous effor\u00e7ons de d\u00e9velopper et de mettre sur le march\u00e9 de nouvelles solutions qui r\u00e9pondent \u00e0 l&rsquo;\u00e9volution des d\u00e9fis auxquels sont confront\u00e9s nos clients.<\/p>\n\t\t\t\t\t\t\t\t<\/div>\n\t\t\t\t<\/div>\n\t\t\t\t<\/div>\n\t\t\t\t\t<\/div>\n\t\t\t\t<\/div>\n\t\t<div class=\"elementor-element elementor-element-bcae62d e-flex e-con-boxed e-con e-child\" data-id=\"bcae62d\" data-element_type=\"container\" data-e-type=\"container\">\n\t\t\t\t\t<div class=\"e-con-inner\">\n\t\t<div class=\"elementor-element elementor-element-851ace2 e-con-full e-flex e-con e-child\" data-id=\"851ace2\" data-element_type=\"container\" data-e-type=\"container\">\n\t\t\t\t<div class=\"elementor-element elementor-element-ad63d72 elementor-widget elementor-widget-heading\" data-id=\"ad63d72\" data-element_type=\"widget\" data-e-type=\"widget\" data-widget_type=\"heading.default\">\n\t\t\t\t<div class=\"elementor-widget-container\">\n\t\t\t\t\t<h3 class=\"elementor-heading-title elementor-size-default\">D\u00e9couvrez les avantages<\/h3>\t\t\t\t<\/div>\n\t\t\t\t<\/div>\n\t\t\t\t<\/div>\n\t\t<div class=\"elementor-element elementor-element-d2d53df e-con-full e-flex e-con e-child\" data-id=\"d2d53df\" data-element_type=\"container\" data-e-type=\"container\">\n\t\t\t\t<div class=\"elementor-element elementor-element-bdb4298 elementor-widget elementor-widget-text-editor\" data-id=\"bdb4298\" data-element_type=\"widget\" data-e-type=\"widget\" data-widget_type=\"text-editor.default\">\n\t\t\t\t<div class=\"elementor-widget-container\">\n\t\t\t\t\t\t\t\t\t<p>Quelle que soit l&rsquo;envergure ou la complexit\u00e9 de votre projet, nous offrons des solutions sur mesure pour r\u00e9pondre \u00e0 vos besoins. D\u00e9couvrez les avantages que les solutions NoFloods peuvent apporter \u00e0 votre projet. Contactez-nous d\u00e8s aujourd&rsquo;hui pour en savoir plus sur notre vaste gamme de barri\u00e8res et sur la mani\u00e8re dont nous pouvons vous proposer une approche personnalis\u00e9e adapt\u00e9e \u00e0 vos exigences sp\u00e9cifiques.  <\/p>\n\t\t\t\t\t\t\t\t<\/div>\n\t\t\t\t<\/div>\n\t\t\t\t<\/div>\n\t\t\t\t\t<\/div>\n\t\t\t\t<\/div>\n\t\t<div class=\"elementor-element elementor-element-7f7ef02 e-con-full e-flex e-con e-child\" data-id=\"7f7ef02\" data-element_type=\"container\" data-e-type=\"container\">\n\t\t<div class=\"elementor-element elementor-element-202a353 e-con-full e-flex e-con e-child\" data-id=\"202a353\" data-element_type=\"container\" data-e-type=\"container\">\n\t\t\t\t<div class=\"elementor-element elementor-element-aa0547e elementor-widget elementor-widget-heading\" data-id=\"aa0547e\" data-element_type=\"widget\" data-e-type=\"widget\" data-widget_type=\"heading.default\">\n\t\t\t\t<div class=\"elementor-widget-container\">\n\t\t\t\t\t<h3 class=\"elementor-heading-title elementor-size-default\">Explorez<br> Nos Solutions<\/h3>\t\t\t\t<\/div>\n\t\t\t\t<\/div>\n\t\t\t\t<\/div>\n\t\t<div class=\"elementor-element elementor-element-3eb3d36 e-con-full e-flex e-con e-child\" data-id=\"3eb3d36\" data-element_type=\"container\" data-e-type=\"container\">\n\t\t\t\t<div class=\"elementor-element elementor-element-cc0418b elementor-widget elementor-widget-text-editor\" data-id=\"cc0418b\" data-element_type=\"widget\" data-e-type=\"widget\" data-widget_type=\"text-editor.default\">\n\t\t\t\t<div class=\"elementor-widget-container\">\n\t\t\t\t\t\t\t\t\t<p>Pour explorer notre gamme compl\u00e8te de produits et d\u00e9couvrir comment ils peuvent r\u00e9pondre \u00e0 vos besoins sp\u00e9cifiques, nous vous invitons \u00e0 visiter notre site web \u00e0 l&rsquo;adresse <a href=\"https:\/\/nofloods.com\/\" target=\"_blank\" rel=\"noopener\">nofloods.com<\/a>. Notre \u00e9quipe s&rsquo;engage \u00e0 vous aider \u00e0 prot\u00e9ger ce qui compte le plus pour vous. <\/p>\n\t\t\t\t\t\t\t\t<\/div>\n\t\t\t\t<\/div>\n\t\t\t\t<\/div>\n\t\t\t\t<\/div>\n\t\t\t\t<\/div>\n\t\t\t\t\t<\/div>\n\t\t\t\t<\/div>\n\t\t\t\t<\/div>\n\t\t","protected":false},"excerpt":{"rendered":"<p>A propos de nous Nous sommes sp\u00e9cialis\u00e9s dans la cr\u00e9ation de solutions innovantes pour la protection temporaire contre les inondations, [&hellip;]<\/p>\n","protected":false},"author":3,"featured_media":0,"parent":0,"menu_order":0,"comment_status":"closed","ping_status":"closed","template":"","meta":{"site-sidebar-layout":"no-sidebar","site-content-layout":"page-builder","ast-site-content-layout":"full-width-container","site-content-style":"unboxed","site-sidebar-style":"default","ast-global-header-display":"","ast-banner-title-visibility":"","ast-main-header-display":"","ast-hfb-above-header-display":"","ast-hfb-below-header-display":"","ast-hfb-mobile-header-display":"","site-post-title":"disabled","ast-breadcrumbs-content":"","ast-featured-img":"disabled","footer-sml-layout":"","ast-disable-related-posts":"","theme-transparent-header-meta":"enabled","adv-header-id-meta":"","stick-header-meta":"","header-above-stick-meta":"","header-main-stick-meta":"","header-below-stick-meta":"","astra-migrate-meta-layouts":"default","ast-page-background-enabled":"default","ast-page-background-meta":{"desktop":{"background-color":"","background-image":"","background-repeat":"repeat","background-position":"center center","background-size":"auto","background-attachment":"scroll","background-type":"","background-media":"","overlay-type":"","overlay-color":"","overlay-opacity":"","overlay-gradient":""},"tablet":{"background-color":"","background-image":"","background-repeat":"repeat","background-position":"center center","background-size":"auto","background-attachment":"scroll","background-type":"","background-media":"","overlay-type":"","overlay-color":"","overlay-opacity":"","overlay-gradient":""},"mobile":{"background-color":"","background-image":"","background-repeat":"repeat","background-position":"center center","background-size":"auto","background-attachment":"scroll","background-type":"","background-media":"","overlay-type":"","overlay-color":"","overlay-opacity":"","overlay-gradient":""}},"ast-content-background-meta":{"desktop":{"background-color":"var(--ast-global-color-5)","background-image":"","background-repeat":"repeat","background-position":"center center","background-size":"auto","background-attachment":"scroll","background-type":"","background-media":"","overlay-type":"","overlay-color":"","overlay-opacity":"","overlay-gradient":""},"tablet":{"background-color":"var(--ast-global-color-5)","background-image":"","background-repeat":"repeat","background-position":"center center","background-size":"auto","background-attachment":"scroll","background-type":"","background-media":"","overlay-type":"","overlay-color":"","overlay-opacity":"","overlay-gradient":""},"mobile":{"background-color":"var(--ast-global-color-5)","background-image":"","background-repeat":"repeat","background-position":"center center","background-size":"auto","background-attachment":"scroll","background-type":"","background-media":"","overlay-type":"","overlay-color":"","overlay-opacity":"","overlay-gradient":""}},"footnotes":""},"class_list":["post-2666","page","type-page","status-publish","hentry"],"yoast_head":"<!-- This site is optimized with the Yoast SEO plugin v27.0 - https:\/\/yoast.com\/product\/yoast-seo-wordpress\/ -->\n<title>\u00c0 propos de BoxWall - Solutions innovantes pour la protection temporaire contre les inondations<\/title>\n<meta name=\"description\" content=\"A propos de BoxWall - Nous sommes sp\u00e9cialis\u00e9s dans les solutions innovantes pour la protection temporaire contre les inondations, la construction dans l&#039;eau et les projets de stockage de liquides.\" \/>\n<meta name=\"robots\" content=\"index, follow, max-snippet:-1, max-image-preview:large, max-video-preview:-1\" \/>\n<link rel=\"canonical\" href=\"https:\/\/boxwall.com\/fr\/a-propos-de-nous\/\" \/>\n<meta property=\"og:locale\" content=\"fr_FR\" \/>\n<meta property=\"og:type\" content=\"article\" \/>\n<meta property=\"og:title\" content=\"\u00c0 propos de BoxWall - Solutions innovantes pour la protection temporaire contre les inondations\" \/>\n<meta property=\"og:description\" content=\"A propos de BoxWall - Nous sommes sp\u00e9cialis\u00e9s dans les solutions innovantes pour la protection temporaire contre les inondations, la construction dans l&#039;eau et les projets de stockage de liquides.\" \/>\n<meta property=\"og:url\" content=\"https:\/\/boxwall.com\/fr\/a-propos-de-nous\/\" \/>\n<meta property=\"og:site_name\" content=\"EasyWall Flood Barrier\" \/>\n<meta property=\"article:modified_time\" content=\"2025-03-21T14:37:03+00:00\" \/>\n<meta property=\"og:image\" content=\"https:\/\/boxwall.com\/wp-content\/uploads\/2025\/03\/image0-1.webp\" \/>\n\t<meta property=\"og:image:width\" content=\"640\" \/>\n\t<meta property=\"og:image:height\" content=\"480\" \/>\n\t<meta property=\"og:image:type\" content=\"image\/webp\" \/>\n<meta name=\"twitter:card\" content=\"summary_large_image\" \/>\n<meta name=\"twitter:label1\" content=\"Dur\u00e9e de lecture estim\u00e9e\" \/>\n\t<meta name=\"twitter:data1\" content=\"2 minutes\" \/>\n<script type=\"application\/ld+json\" class=\"yoast-schema-graph\">{\"@context\":\"https:\/\/schema.org\",\"@graph\":[{\"@type\":\"WebPage\",\"@id\":\"https:\/\/boxwall.com\/fr\/a-propos-de-nous\/\",\"url\":\"https:\/\/boxwall.com\/fr\/a-propos-de-nous\/\",\"name\":\"\u00c0 propos de BoxWall - Solutions innovantes pour la protection temporaire contre les inondations\",\"isPartOf\":{\"@id\":\"https:\/\/boxwall.com\/fr\/#website\"},\"primaryImageOfPage\":{\"@id\":\"https:\/\/boxwall.com\/fr\/a-propos-de-nous\/#primaryimage\"},\"image\":{\"@id\":\"https:\/\/boxwall.com\/fr\/a-propos-de-nous\/#primaryimage\"},\"thumbnailUrl\":\"https:\/\/boxwall.com\/wp-content\/uploads\/2025\/03\/image0-1.webp\",\"datePublished\":\"2024-08-24T05:43:04+00:00\",\"dateModified\":\"2025-03-21T14:37:03+00:00\",\"description\":\"A propos de BoxWall - Nous sommes sp\u00e9cialis\u00e9s dans les solutions innovantes pour la protection temporaire contre les inondations, la construction dans l'eau et les projets de stockage de liquides.\",\"breadcrumb\":{\"@id\":\"https:\/\/boxwall.com\/fr\/a-propos-de-nous\/#breadcrumb\"},\"inLanguage\":\"fr-FR\",\"potentialAction\":[{\"@type\":\"ReadAction\",\"target\":[\"https:\/\/boxwall.com\/fr\/a-propos-de-nous\/\"]}]},{\"@type\":\"ImageObject\",\"inLanguage\":\"fr-FR\",\"@id\":\"https:\/\/boxwall.com\/fr\/a-propos-de-nous\/#primaryimage\",\"url\":\"https:\/\/boxwall.com\/wp-content\/uploads\/2025\/03\/image0-1.webp\",\"contentUrl\":\"https:\/\/boxwall.com\/wp-content\/uploads\/2025\/03\/image0-1.webp\"},{\"@type\":\"BreadcrumbList\",\"@id\":\"https:\/\/boxwall.com\/fr\/a-propos-de-nous\/#breadcrumb\",\"itemListElement\":[{\"@type\":\"ListItem\",\"position\":1,\"name\":\"Accueil\",\"item\":\"https:\/\/boxwall.com\/fr\/accueil\/\"},{\"@type\":\"ListItem\",\"position\":2,\"name\":\"A propos de nous\"}]},{\"@type\":\"WebSite\",\"@id\":\"https:\/\/boxwall.com\/fr\/#website\",\"url\":\"https:\/\/boxwall.com\/fr\/\",\"name\":\"EasyWall Flood Barrier\",\"description\":\"By Environment Solutions\",\"publisher\":{\"@id\":\"https:\/\/boxwall.com\/fr\/#organization\"},\"potentialAction\":[{\"@type\":\"SearchAction\",\"target\":{\"@type\":\"EntryPoint\",\"urlTemplate\":\"https:\/\/boxwall.com\/fr\/?s={search_term_string}\"},\"query-input\":{\"@type\":\"PropertyValueSpecification\",\"valueRequired\":true,\"valueName\":\"search_term_string\"}}],\"inLanguage\":\"fr-FR\"},{\"@type\":\"Organization\",\"@id\":\"https:\/\/boxwall.com\/fr\/#organization\",\"name\":\"EasyWall Flood Barrier\",\"url\":\"https:\/\/boxwall.com\/fr\/\",\"logo\":{\"@type\":\"ImageObject\",\"inLanguage\":\"fr-FR\",\"@id\":\"https:\/\/boxwall.com\/fr\/#\/schema\/logo\/image\/\",\"url\":\"https:\/\/boxwall.com\/wp-content\/uploads\/2025\/04\/NoFloods-by-ES-New-TM-1.webp\",\"contentUrl\":\"https:\/\/boxwall.com\/wp-content\/uploads\/2025\/04\/NoFloods-by-ES-New-TM-1.webp\",\"width\":338,\"height\":70,\"caption\":\"EasyWall Flood Barrier\"},\"image\":{\"@id\":\"https:\/\/boxwall.com\/fr\/#\/schema\/logo\/image\/\"}}]}<\/script>\n<!-- \/ Yoast SEO plugin. -->","yoast_head_json":{"title":"\u00c0 propos de BoxWall - Solutions innovantes pour la protection temporaire contre les inondations","description":"A propos de BoxWall - Nous sommes sp\u00e9cialis\u00e9s dans les solutions innovantes pour la protection temporaire contre les inondations, la construction dans l'eau et les projets de stockage de liquides.","robots":{"index":"index","follow":"follow","max-snippet":"max-snippet:-1","max-image-preview":"max-image-preview:large","max-video-preview":"max-video-preview:-1"},"canonical":"https:\/\/boxwall.com\/fr\/a-propos-de-nous\/","og_locale":"fr_FR","og_type":"article","og_title":"\u00c0 propos de BoxWall - Solutions innovantes pour la protection temporaire contre les inondations","og_description":"A propos de BoxWall - Nous sommes sp\u00e9cialis\u00e9s dans les solutions innovantes pour la protection temporaire contre les inondations, la construction dans l'eau et les projets de stockage de liquides.","og_url":"https:\/\/boxwall.com\/fr\/a-propos-de-nous\/","og_site_name":"EasyWall Flood Barrier","article_modified_time":"2025-03-21T14:37:03+00:00","og_image":[{"width":640,"height":480,"url":"https:\/\/boxwall.com\/wp-content\/uploads\/2025\/03\/image0-1.webp","type":"image\/webp"}],"twitter_card":"summary_large_image","twitter_misc":{"Dur\u00e9e de lecture estim\u00e9e":"2 minutes"},"schema":{"@context":"https:\/\/schema.org","@graph":[{"@type":"WebPage","@id":"https:\/\/boxwall.com\/fr\/a-propos-de-nous\/","url":"https:\/\/boxwall.com\/fr\/a-propos-de-nous\/","name":"\u00c0 propos de BoxWall - Solutions innovantes pour la protection temporaire contre les inondations","isPartOf":{"@id":"https:\/\/boxwall.com\/fr\/#website"},"primaryImageOfPage":{"@id":"https:\/\/boxwall.com\/fr\/a-propos-de-nous\/#primaryimage"},"image":{"@id":"https:\/\/boxwall.com\/fr\/a-propos-de-nous\/#primaryimage"},"thumbnailUrl":"https:\/\/boxwall.com\/wp-content\/uploads\/2025\/03\/image0-1.webp","datePublished":"2024-08-24T05:43:04+00:00","dateModified":"2025-03-21T14:37:03+00:00","description":"A propos de BoxWall - Nous sommes sp\u00e9cialis\u00e9s dans les solutions innovantes pour la protection temporaire contre les inondations, la construction dans l'eau et les projets de stockage de liquides.","breadcrumb":{"@id":"https:\/\/boxwall.com\/fr\/a-propos-de-nous\/#breadcrumb"},"inLanguage":"fr-FR","potentialAction":[{"@type":"ReadAction","target":["https:\/\/boxwall.com\/fr\/a-propos-de-nous\/"]}]},{"@type":"ImageObject","inLanguage":"fr-FR","@id":"https:\/\/boxwall.com\/fr\/a-propos-de-nous\/#primaryimage","url":"https:\/\/boxwall.com\/wp-content\/uploads\/2025\/03\/image0-1.webp","contentUrl":"https:\/\/boxwall.com\/wp-content\/uploads\/2025\/03\/image0-1.webp"},{"@type":"BreadcrumbList","@id":"https:\/\/boxwall.com\/fr\/a-propos-de-nous\/#breadcrumb","itemListElement":[{"@type":"ListItem","position":1,"name":"Accueil","item":"https:\/\/boxwall.com\/fr\/accueil\/"},{"@type":"ListItem","position":2,"name":"A propos de nous"}]},{"@type":"WebSite","@id":"https:\/\/boxwall.com\/fr\/#website","url":"https:\/\/boxwall.com\/fr\/","name":"EasyWall Flood Barrier","description":"By Environment Solutions","publisher":{"@id":"https:\/\/boxwall.com\/fr\/#organization"},"potentialAction":[{"@type":"SearchAction","target":{"@type":"EntryPoint","urlTemplate":"https:\/\/boxwall.com\/fr\/?s={search_term_string}"},"query-input":{"@type":"PropertyValueSpecification","valueRequired":true,"valueName":"search_term_string"}}],"inLanguage":"fr-FR"},{"@type":"Organization","@id":"https:\/\/boxwall.com\/fr\/#organization","name":"EasyWall Flood Barrier","url":"https:\/\/boxwall.com\/fr\/","logo":{"@type":"ImageObject","inLanguage":"fr-FR","@id":"https:\/\/boxwall.com\/fr\/#\/schema\/logo\/image\/","url":"https:\/\/boxwall.com\/wp-content\/uploads\/2025\/04\/NoFloods-by-ES-New-TM-1.webp","contentUrl":"https:\/\/boxwall.com\/wp-content\/uploads\/2025\/04\/NoFloods-by-ES-New-TM-1.webp","width":338,"height":70,"caption":"EasyWall Flood Barrier"},"image":{"@id":"https:\/\/boxwall.com\/fr\/#\/schema\/logo\/image\/"}}]}},"_links":{"self":[{"href":"https:\/\/boxwall.com\/fr\/wp-json\/wp\/v2\/pages\/2666","targetHints":{"allow":["GET"]}}],"collection":[{"href":"https:\/\/boxwall.com\/fr\/wp-json\/wp\/v2\/pages"}],"about":[{"href":"https:\/\/boxwall.com\/fr\/wp-json\/wp\/v2\/types\/page"}],"author":[{"embeddable":true,"href":"https:\/\/boxwall.com\/fr\/wp-json\/wp\/v2\/users\/3"}],"replies":[{"embeddable":true,"href":"https:\/\/boxwall.com\/fr\/wp-json\/wp\/v2\/comments?post=2666"}],"version-history":[{"count":5,"href":"https:\/\/boxwall.com\/fr\/wp-json\/wp\/v2\/pages\/2666\/revisions"}],"predecessor-version":[{"id":4233,"href":"https:\/\/boxwall.com\/fr\/wp-json\/wp\/v2\/pages\/2666\/revisions\/4233"}],"wp:attachment":[{"href":"https:\/\/boxwall.com\/fr\/wp-json\/wp\/v2\/media?parent=2666"}],"curies":[{"name":"wp","href":"https:\/\/api.w.org\/{rel}","templated":true}]}}