{"id":3222,"date":"2024-09-24T13:36:47","date_gmt":"2024-09-24T13:36:47","guid":{"rendered":"https:\/\/boxwall.com\/varaa-aika\/"},"modified":"2024-12-27T17:21:10","modified_gmt":"2024-12-27T17:21:10","slug":"varaa-aika","status":"publish","type":"page","link":"https:\/\/boxwall.com\/fi\/varaa-aika\/","title":{"rendered":"Varaa aika"},"content":{"rendered":"\t\t<div data-elementor-type=\"wp-page\" data-elementor-id=\"3222\" class=\"elementor elementor-3222 elementor-2143\">\n\t\t\t\t<div class=\"elementor-element elementor-element-72e288c7 e-flex e-con-boxed e-con e-parent\" data-id=\"72e288c7\" data-element_type=\"container\" data-e-type=\"container\" data-settings=\"{&quot;background_background&quot;:&quot;classic&quot;}\">\n\t\t\t\t\t<div class=\"e-con-inner\">\n\t\t<div class=\"elementor-element elementor-element-26fcb042 e-con-full e-flex e-con e-child\" data-id=\"26fcb042\" data-element_type=\"container\" data-e-type=\"container\">\n\t\t\t\t<div class=\"elementor-element elementor-element-44468c7f elementor-widget elementor-widget-heading\" data-id=\"44468c7f\" data-element_type=\"widget\" data-e-type=\"widget\" data-widget_type=\"heading.default\">\n\t\t\t\t<div class=\"elementor-widget-container\">\n\t\t\t\t\t<h1 class=\"elementor-heading-title elementor-size-default\">ajanvaraus<\/h1>\t\t\t\t<\/div>\n\t\t\t\t<\/div>\n\t\t\t\t<div class=\"elementor-element elementor-element-3d687ca7 elementor-widget elementor-widget-text-editor\" data-id=\"3d687ca7\" data-element_type=\"widget\" data-e-type=\"widget\" data-widget_type=\"text-editor.default\">\n\t\t\t\t<div class=\"elementor-widget-container\">\n\t\t\t\t\t\t\t\t\t<p>Varaa tapaamiset vaivattomasti helppok\u00e4ytt\u00f6isen varausj\u00e4rjestelm\u00e4mme avulla.<br \/>\nNopea, k\u00e4tev\u00e4 ja k\u00e4ytett\u00e4viss\u00e4 24\/7 <\/p>\n\t\t\t\t\t\t\t\t<\/div>\n\t\t\t\t<\/div>\n\t\t\t\t<\/div>\n\t\t\t\t\t<\/div>\n\t\t\t\t<\/div>\n\t\t<div class=\"elementor-element elementor-element-1c6dc4d6 e-flex e-con-boxed e-con e-parent\" data-id=\"1c6dc4d6\" data-element_type=\"container\" data-e-type=\"container\" data-settings=\"{&quot;background_background&quot;:&quot;classic&quot;}\">\n\t\t\t\t\t<div class=\"e-con-inner\">\n\t\t<div class=\"elementor-element elementor-element-5db6147f e-con-full e-flex e-con e-child\" data-id=\"5db6147f\" data-element_type=\"container\" data-e-type=\"container\">\n\t\t\t\t<div class=\"elementor-element elementor-element-2ed96eee elementor-widget elementor-widget-heading\" data-id=\"2ed96eee\" data-element_type=\"widget\" data-e-type=\"widget\" data-widget_type=\"heading.default\">\n\t\t\t\t<div class=\"elementor-widget-container\">\n\t\t\t\t\t<h2 class=\"elementor-heading-title elementor-size-default\">OLEMME T\u00c4\u00c4LL\u00c4 AUTTAMASSA<\/h2>\t\t\t\t<\/div>\n\t\t\t\t<\/div>\n\t\t\t\t<div class=\"elementor-element elementor-element-76e8db10 elementor-widget elementor-widget-text-editor\" data-id=\"76e8db10\" data-element_type=\"widget\" data-e-type=\"widget\" data-widget_type=\"text-editor.default\">\n\t\t\t\t<div class=\"elementor-widget-container\">\n\t\t\t\t\t\t\t\t\t<p>Etsitp\u00e4 sitten asiantuntevia neuvoja tulvasuojeluratkaisuista tai ohjeita rakennushankkeeseesi, tiimimme on valmis auttamaan. Vuosien kokemuksella tarjoamme r\u00e4\u00e4t\u00e4l\u00f6ityj\u00e4 suosituksia erityistarpeidesi t\u00e4ytt\u00e4miseksi. Varaa vain konsultaatio yhden asiantuntijamme kanssa, ja anna meid\u00e4n opastaa sinut prosessin l\u00e4pi aina oikeiden laitteiden valinnasta hankesuunnitelmien optimointiin. Oletko valmis aloittamaan? Valitse alla kiinnostava alue ja varaa aika konsultaatioon jo t\u00e4n\u00e4\u00e4n!    <\/p>\n\t\t\t\t\t\t\t\t<\/div>\n\t\t\t\t<\/div>\n\t\t\t\t<div class=\"elementor-element elementor-element-c96f209 elementor-widget elementor-widget-button\" data-id=\"c96f209\" data-element_type=\"widget\" data-e-type=\"widget\" data-widget_type=\"button.default\">\n\t\t\t\t<div class=\"elementor-widget-container\">\n\t\t\t\t\t\t\t\t\t<div class=\"elementor-button-wrapper\">\n\t\t\t\t\t<a class=\"elementor-button elementor-button-link elementor-size-sm\" href=\"#book\">\n\t\t\t\t\t\t<span class=\"elementor-button-content-wrapper\">\n\t\t\t\t\t\t<span class=\"elementor-button-icon\">\n\t\t\t\t<svg aria-hidden=\"true\" class=\"e-font-icon-svg e-fas-long-arrow-alt-right\" viewBox=\"0 0 448 512\" xmlns=\"http:\/\/www.w3.org\/2000\/svg\"><path d=\"M313.941 216H12c-6.627 0-12 5.373-12 12v56c0 6.627 5.373 12 12 12h301.941v46.059c0 21.382 25.851 32.09 40.971 16.971l86.059-86.059c9.373-9.373 9.373-24.569 0-33.941l-86.059-86.059c-15.119-15.119-40.971-4.411-40.971 16.971V216z\"><\/path><\/svg>\t\t\t<\/span>\n\t\t\t\t\t\t\t\t\t<span class=\"elementor-button-text\">Varaa aika konsultaatioon<\/span>\n\t\t\t\t\t<\/span>\n\t\t\t\t\t<\/a>\n\t\t\t\t<\/div>\n\t\t\t\t\t\t\t\t<\/div>\n\t\t\t\t<\/div>\n\t\t\t\t<\/div>\n\t\t\t\t\t<\/div>\n\t\t\t\t<\/div>\n\t\t<div class=\"elementor-element elementor-element-898e4bb e-flex e-con-boxed e-con e-parent\" data-id=\"898e4bb\" data-element_type=\"container\" data-e-type=\"container\" id=\"book\" data-settings=\"{&quot;background_background&quot;:&quot;classic&quot;}\">\n\t\t\t\t\t<div class=\"e-con-inner\">\n\t\t\t\t<div class=\"elementor-element elementor-element-828e5e6 elementor-widget elementor-widget-heading\" data-id=\"828e5e6\" data-element_type=\"widget\" data-e-type=\"widget\" data-widget_type=\"heading.default\">\n\t\t\t\t<div class=\"elementor-widget-container\">\n\t\t\t\t\t<h2 class=\"elementor-heading-title elementor-size-default\">VARATTAVISSA OLEVAT TAPAAMISET<\/h2>\t\t\t\t<\/div>\n\t\t\t\t<\/div>\n\t\t\t\t<div class=\"elementor-element elementor-element-a97e99b elementor-widget elementor-widget-catalogbooking\" data-id=\"a97e99b\" data-element_type=\"widget\" data-e-type=\"widget\" data-widget_type=\"catalogbooking.default\">\n\t\t\t\t<div class=\"elementor-widget-container\">\n\t\t\t\t\t\n<script>\n  if (typeof hasAmeliaEntitiesApiCall === 'undefined' && ('' === '' && '' !== '1')) {\n    var hasAmeliaEntitiesApiCall = true;\n  }\n  var ameliaShortcodeData = (typeof ameliaShortcodeData === 'undefined') ? [] : ameliaShortcodeData;\n  ameliaShortcodeData.push(\n    {\n      'hasApiCall': (typeof hasAmeliaEntitiesApiCall !== 'undefined') && hasAmeliaEntitiesApiCall,\n      'trigger': '',\n      'trigger_type': '',\n      'triggered_form': 'cbf',\n      'in_dialog': '',\n      'show': '',\n      'counter': '1000',\n      'package': '',\n      'category': '',\n      'service': '',\n      'employee': '',\n      'location': '',\n      'categories_hidden': ''\n    }\n  );\n  var ameliaShortcodeDataTriggered = (typeof ameliaShortcodeDataTriggered === 'undefined') ? [] : ameliaShortcodeDataTriggered;\n  if (ameliaShortcodeData[ameliaShortcodeData.length - 1].trigger !== '') {\n    if (ameliaShortcodeDataTriggered.filter(a => a.counter === ameliaShortcodeData[ameliaShortcodeData.length - 1].counter).length === 0) {\n      ameliaShortcodeDataTriggered.push(ameliaShortcodeData.pop());\n    } else {\n      ameliaShortcodeData.pop()\n    }\n  }\n  if (typeof hasAmeliaEntitiesApiCall !== 'undefined' && hasAmeliaEntitiesApiCall) {\n    hasAmeliaEntitiesApiCall = false;\n  }\n<\/script>\n\n<div\n  id=\"amelia-v2-booking-1000\"\n  class=\"amelia-v2-booking\"\n>\n    <catalog-form-wrapper><\/catalog-form-wrapper><\/div>\n\t\t\t\t<\/div>\n\t\t\t\t<\/div>\n\t\t\t\t\t<\/div>\n\t\t\t\t<\/div>\n\t\t\t\t<\/div>\n\t\t","protected":false},"excerpt":{"rendered":"<p>ajanvaraus Varaa tapaamiset vaivattomasti helppok\u00e4ytt\u00f6isen varausj\u00e4rjestelm\u00e4mme avulla. Nopea, k\u00e4tev\u00e4 ja k\u00e4ytett\u00e4viss\u00e4 24\/7 OLEMME T\u00c4\u00c4LL\u00c4 AUTTAMASSA Etsitp\u00e4 sitten asiantuntevia neuvoja tulvasuojeluratkaisuista [&hellip;]<\/p>\n","protected":false},"author":3,"featured_media":0,"parent":0,"menu_order":0,"comment_status":"closed","ping_status":"closed","template":"elementor_header_footer","meta":{"site-sidebar-layout":"no-sidebar","site-content-layout":"page-builder","ast-site-content-layout":"full-width-container","site-content-style":"default","site-sidebar-style":"default","ast-global-header-display":"","ast-banner-title-visibility":"","ast-main-header-display":"","ast-hfb-above-header-display":"","ast-hfb-below-header-display":"","ast-hfb-mobile-header-display":"","site-post-title":"disabled","ast-breadcrumbs-content":"","ast-featured-img":"disabled","footer-sml-layout":"","ast-disable-related-posts":"","theme-transparent-header-meta":"enabled","adv-header-id-meta":"","stick-header-meta":"","header-above-stick-meta":"","header-main-stick-meta":"","header-below-stick-meta":"","astra-migrate-meta-layouts":"default","ast-page-background-enabled":"default","ast-page-background-meta":{"desktop":{"background-color":"","background-image":"","background-repeat":"repeat","background-position":"center center","background-size":"auto","background-attachment":"scroll","background-type":"","background-media":"","overlay-type":"","overlay-color":"","overlay-opacity":"","overlay-gradient":""},"tablet":{"background-color":"","background-image":"","background-repeat":"repeat","background-position":"center center","background-size":"auto","background-attachment":"scroll","background-type":"","background-media":"","overlay-type":"","overlay-color":"","overlay-opacity":"","overlay-gradient":""},"mobile":{"background-color":"","background-image":"","background-repeat":"repeat","background-position":"center center","background-size":"auto","background-attachment":"scroll","background-type":"","background-media":"","overlay-type":"","overlay-color":"","overlay-opacity":"","overlay-gradient":""}},"ast-content-background-meta":{"desktop":{"background-color":"var(--ast-global-color-5)","background-image":"","background-repeat":"repeat","background-position":"center center","background-size":"auto","background-attachment":"scroll","background-type":"","background-media":"","overlay-type":"","overlay-color":"","overlay-opacity":"","overlay-gradient":""},"tablet":{"background-color":"var(--ast-global-color-5)","background-image":"","background-repeat":"repeat","background-position":"center center","background-size":"auto","background-attachment":"scroll","background-type":"","background-media":"","overlay-type":"","overlay-color":"","overlay-opacity":"","overlay-gradient":""},"mobile":{"background-color":"var(--ast-global-color-5)","background-image":"","background-repeat":"repeat","background-position":"center center","background-size":"auto","background-attachment":"scroll","background-type":"","background-media":"","overlay-type":"","overlay-color":"","overlay-opacity":"","overlay-gradient":""}},"footnotes":""},"class_list":["post-3222","page","type-page","status-publish","hentry"],"yoast_head":"<!-- This site is optimized with the Yoast SEO plugin v27.0 - https:\/\/yoast.com\/product\/yoast-seo-wordpress\/ -->\n<title>Varaa aika - EasyWall Flood Barrier<\/title>\n<meta name=\"robots\" content=\"index, follow, max-snippet:-1, max-image-preview:large, max-video-preview:-1\" \/>\n<link rel=\"canonical\" href=\"https:\/\/boxwall.com\/fi\/varaa-aika\/\" \/>\n<meta property=\"og:locale\" content=\"fi_FI\" \/>\n<meta property=\"og:type\" content=\"article\" \/>\n<meta property=\"og:title\" content=\"Varaa aika - EasyWall Flood Barrier\" \/>\n<meta property=\"og:description\" content=\"ajanvaraus Varaa tapaamiset vaivattomasti helppok\u00e4ytt\u00f6isen varausj\u00e4rjestelm\u00e4mme avulla. Nopea, k\u00e4tev\u00e4 ja k\u00e4ytett\u00e4viss\u00e4 24\/7 OLEMME T\u00c4\u00c4LL\u00c4 AUTTAMASSA Etsitp\u00e4 sitten asiantuntevia neuvoja tulvasuojeluratkaisuista [&hellip;]\" \/>\n<meta property=\"og:url\" content=\"https:\/\/boxwall.com\/fi\/varaa-aika\/\" \/>\n<meta property=\"og:site_name\" content=\"EasyWall Flood Barrier\" \/>\n<meta property=\"article:modified_time\" content=\"2024-12-27T17:21:10+00:00\" \/>\n<meta name=\"twitter:card\" content=\"summary_large_image\" \/>\n<script type=\"application\/ld+json\" class=\"yoast-schema-graph\">{\"@context\":\"https:\/\/schema.org\",\"@graph\":[{\"@type\":\"WebPage\",\"@id\":\"https:\/\/boxwall.com\/fi\/varaa-aika\/\",\"url\":\"https:\/\/boxwall.com\/fi\/varaa-aika\/\",\"name\":\"Varaa aika - EasyWall Flood Barrier\",\"isPartOf\":{\"@id\":\"https:\/\/boxwall.com\/fi\/#website\"},\"datePublished\":\"2024-09-24T13:36:47+00:00\",\"dateModified\":\"2024-12-27T17:21:10+00:00\",\"breadcrumb\":{\"@id\":\"https:\/\/boxwall.com\/fi\/varaa-aika\/#breadcrumb\"},\"inLanguage\":\"fi\",\"potentialAction\":[{\"@type\":\"ReadAction\",\"target\":[\"https:\/\/boxwall.com\/fi\/varaa-aika\/\"]}]},{\"@type\":\"BreadcrumbList\",\"@id\":\"https:\/\/boxwall.com\/fi\/varaa-aika\/#breadcrumb\",\"itemListElement\":[{\"@type\":\"ListItem\",\"position\":1,\"name\":\"Etusivu\",\"item\":\"https:\/\/boxwall.com\/fi\/etusivu\/\"},{\"@type\":\"ListItem\",\"position\":2,\"name\":\"Varaa aika\"}]},{\"@type\":\"WebSite\",\"@id\":\"https:\/\/boxwall.com\/fi\/#website\",\"url\":\"https:\/\/boxwall.com\/fi\/\",\"name\":\"EasyWall Flood Barrier\",\"description\":\"By Environment Solutions\",\"publisher\":{\"@id\":\"https:\/\/boxwall.com\/fi\/#organization\"},\"potentialAction\":[{\"@type\":\"SearchAction\",\"target\":{\"@type\":\"EntryPoint\",\"urlTemplate\":\"https:\/\/boxwall.com\/fi\/?s={search_term_string}\"},\"query-input\":{\"@type\":\"PropertyValueSpecification\",\"valueRequired\":true,\"valueName\":\"search_term_string\"}}],\"inLanguage\":\"fi\"},{\"@type\":\"Organization\",\"@id\":\"https:\/\/boxwall.com\/fi\/#organization\",\"name\":\"EasyWall Flood Barrier\",\"url\":\"https:\/\/boxwall.com\/fi\/\",\"logo\":{\"@type\":\"ImageObject\",\"inLanguage\":\"fi\",\"@id\":\"https:\/\/boxwall.com\/fi\/#\/schema\/logo\/image\/\",\"url\":\"https:\/\/boxwall.com\/wp-content\/uploads\/2025\/04\/NoFloods-by-ES-New-TM-1.webp\",\"contentUrl\":\"https:\/\/boxwall.com\/wp-content\/uploads\/2025\/04\/NoFloods-by-ES-New-TM-1.webp\",\"width\":338,\"height\":70,\"caption\":\"EasyWall Flood Barrier\"},\"image\":{\"@id\":\"https:\/\/boxwall.com\/fi\/#\/schema\/logo\/image\/\"}}]}<\/script>\n<!-- \/ Yoast SEO plugin. -->","yoast_head_json":{"title":"Varaa aika - EasyWall Flood Barrier","robots":{"index":"index","follow":"follow","max-snippet":"max-snippet:-1","max-image-preview":"max-image-preview:large","max-video-preview":"max-video-preview:-1"},"canonical":"https:\/\/boxwall.com\/fi\/varaa-aika\/","og_locale":"fi_FI","og_type":"article","og_title":"Varaa aika - EasyWall Flood Barrier","og_description":"ajanvaraus Varaa tapaamiset vaivattomasti helppok\u00e4ytt\u00f6isen varausj\u00e4rjestelm\u00e4mme avulla. Nopea, k\u00e4tev\u00e4 ja k\u00e4ytett\u00e4viss\u00e4 24\/7 OLEMME T\u00c4\u00c4LL\u00c4 AUTTAMASSA Etsitp\u00e4 sitten asiantuntevia neuvoja tulvasuojeluratkaisuista [&hellip;]","og_url":"https:\/\/boxwall.com\/fi\/varaa-aika\/","og_site_name":"EasyWall Flood Barrier","article_modified_time":"2024-12-27T17:21:10+00:00","twitter_card":"summary_large_image","schema":{"@context":"https:\/\/schema.org","@graph":[{"@type":"WebPage","@id":"https:\/\/boxwall.com\/fi\/varaa-aika\/","url":"https:\/\/boxwall.com\/fi\/varaa-aika\/","name":"Varaa aika - EasyWall Flood Barrier","isPartOf":{"@id":"https:\/\/boxwall.com\/fi\/#website"},"datePublished":"2024-09-24T13:36:47+00:00","dateModified":"2024-12-27T17:21:10+00:00","breadcrumb":{"@id":"https:\/\/boxwall.com\/fi\/varaa-aika\/#breadcrumb"},"inLanguage":"fi","potentialAction":[{"@type":"ReadAction","target":["https:\/\/boxwall.com\/fi\/varaa-aika\/"]}]},{"@type":"BreadcrumbList","@id":"https:\/\/boxwall.com\/fi\/varaa-aika\/#breadcrumb","itemListElement":[{"@type":"ListItem","position":1,"name":"Etusivu","item":"https:\/\/boxwall.com\/fi\/etusivu\/"},{"@type":"ListItem","position":2,"name":"Varaa aika"}]},{"@type":"WebSite","@id":"https:\/\/boxwall.com\/fi\/#website","url":"https:\/\/boxwall.com\/fi\/","name":"EasyWall Flood Barrier","description":"By Environment Solutions","publisher":{"@id":"https:\/\/boxwall.com\/fi\/#organization"},"potentialAction":[{"@type":"SearchAction","target":{"@type":"EntryPoint","urlTemplate":"https:\/\/boxwall.com\/fi\/?s={search_term_string}"},"query-input":{"@type":"PropertyValueSpecification","valueRequired":true,"valueName":"search_term_string"}}],"inLanguage":"fi"},{"@type":"Organization","@id":"https:\/\/boxwall.com\/fi\/#organization","name":"EasyWall Flood Barrier","url":"https:\/\/boxwall.com\/fi\/","logo":{"@type":"ImageObject","inLanguage":"fi","@id":"https:\/\/boxwall.com\/fi\/#\/schema\/logo\/image\/","url":"https:\/\/boxwall.com\/wp-content\/uploads\/2025\/04\/NoFloods-by-ES-New-TM-1.webp","contentUrl":"https:\/\/boxwall.com\/wp-content\/uploads\/2025\/04\/NoFloods-by-ES-New-TM-1.webp","width":338,"height":70,"caption":"EasyWall Flood Barrier"},"image":{"@id":"https:\/\/boxwall.com\/fi\/#\/schema\/logo\/image\/"}}]}},"_links":{"self":[{"href":"https:\/\/boxwall.com\/fi\/wp-json\/wp\/v2\/pages\/3222","targetHints":{"allow":["GET"]}}],"collection":[{"href":"https:\/\/boxwall.com\/fi\/wp-json\/wp\/v2\/pages"}],"about":[{"href":"https:\/\/boxwall.com\/fi\/wp-json\/wp\/v2\/types\/page"}],"author":[{"embeddable":true,"href":"https:\/\/boxwall.com\/fi\/wp-json\/wp\/v2\/users\/3"}],"replies":[{"embeddable":true,"href":"https:\/\/boxwall.com\/fi\/wp-json\/wp\/v2\/comments?post=3222"}],"version-history":[{"count":1,"href":"https:\/\/boxwall.com\/fi\/wp-json\/wp\/v2\/pages\/3222\/revisions"}],"predecessor-version":[{"id":3225,"href":"https:\/\/boxwall.com\/fi\/wp-json\/wp\/v2\/pages\/3222\/revisions\/3225"}],"wp:attachment":[{"href":"https:\/\/boxwall.com\/fi\/wp-json\/wp\/v2\/media?parent=3222"}],"curies":[{"name":"wp","href":"https:\/\/api.w.org\/{rel}","templated":true}]}}