{"id":3014,"date":"2024-08-24T05:43:04","date_gmt":"2024-08-24T05:43:04","guid":{"rendered":"https:\/\/boxwall.com\/tietoa-meista\/"},"modified":"2025-03-21T14:37:00","modified_gmt":"2025-03-21T14:37:00","slug":"tietoa-meista","status":"publish","type":"page","link":"https:\/\/boxwall.com\/fi\/tietoa-meista\/","title":{"rendered":"Tietoa meist\u00e4"},"content":{"rendered":"\t\t<div data-elementor-type=\"wp-page\" data-elementor-id=\"3014\" class=\"elementor elementor-3014 elementor-119\">\n\t\t\t\t<div class=\"elementor-element elementor-element-6293501 e-flex e-con-boxed e-con e-parent\" data-id=\"6293501\" data-element_type=\"container\" data-e-type=\"container\" data-settings=\"{&quot;background_background&quot;:&quot;classic&quot;}\">\n\t\t\t\t\t<div class=\"e-con-inner\">\n\t\t<div class=\"elementor-element elementor-element-60f23af e-con-full e-flex e-con e-child\" data-id=\"60f23af\" data-element_type=\"container\" data-e-type=\"container\">\n\t\t\t\t<div class=\"elementor-element elementor-element-8b67591 elementor-widget elementor-widget-heading\" data-id=\"8b67591\" data-element_type=\"widget\" data-e-type=\"widget\" data-widget_type=\"heading.default\">\n\t\t\t\t<div class=\"elementor-widget-container\">\n\t\t\t\t\t<h1 class=\"elementor-heading-title elementor-size-default\">Tietoa meist\u00e4<\/h1>\t\t\t\t<\/div>\n\t\t\t\t<\/div>\n\t\t\t\t<div class=\"elementor-element elementor-element-8d29c6c elementor-widget elementor-widget-text-editor\" data-id=\"8d29c6c\" data-element_type=\"widget\" data-e-type=\"widget\" data-widget_type=\"text-editor.default\">\n\t\t\t\t<div class=\"elementor-widget-container\">\n\t\t\t\t\t\t\t\t\t<p>Olemme erikoistuneet luomaan innovatiivisia ratkaisuja tilap\u00e4iseen tulvasuojaukseen, vedenalaisiin rakennushankkeisiin ja v\u00e4liaikaiseen nesteiden varastointiin.<\/p>\n\t\t\t\t\t\t\t\t<\/div>\n\t\t\t\t<\/div>\n\t\t\t\t<\/div>\n\t\t\t\t\t<\/div>\n\t\t\t\t<\/div>\n\t\t<div class=\"elementor-element elementor-element-1df73b1 e-flex e-con-boxed e-con e-parent\" data-id=\"1df73b1\" data-element_type=\"container\" data-e-type=\"container\" data-settings=\"{&quot;background_background&quot;:&quot;classic&quot;}\">\n\t\t\t\t\t<div class=\"e-con-inner\">\n\t\t<div class=\"elementor-element elementor-element-c002b61 e-con-full e-flex e-con e-child\" data-id=\"c002b61\" data-element_type=\"container\" data-e-type=\"container\" data-settings=\"{&quot;background_background&quot;:&quot;classic&quot;}\">\n\t\t\t\t<div class=\"elementor-element elementor-element-b97116c elementor-widget elementor-widget-image\" data-id=\"b97116c\" data-element_type=\"widget\" data-e-type=\"widget\" data-widget_type=\"image.default\">\n\t\t\t\t<div class=\"elementor-widget-container\">\n\t\t\t\t\t\t\t\t\t\t\t\t\t\t\t<img fetchpriority=\"high\" decoding=\"async\" width=\"640\" height=\"480\" src=\"https:\/\/boxwall.com\/wp-content\/uploads\/2025\/03\/image0-1.webp\" class=\"attachment-full size-full wp-image-4205\" alt=\"\" srcset=\"https:\/\/boxwall.com\/wp-content\/uploads\/2025\/03\/image0-1.webp 640w, https:\/\/boxwall.com\/wp-content\/uploads\/2025\/03\/image0-1-300x225.webp 300w\" sizes=\"(max-width: 640px) 100vw, 640px\" \/>\t\t\t\t\t\t\t\t\t\t\t\t\t\t\t<\/div>\n\t\t\t\t<\/div>\n\t\t\t\t<\/div>\n\t\t<div class=\"elementor-element elementor-element-eeb1dd2 e-con-full e-flex e-con e-child\" data-id=\"eeb1dd2\" data-element_type=\"container\" data-e-type=\"container\">\n\t\t\t\t<div class=\"elementor-element elementor-element-e703ad7 elementor-widget elementor-widget-text-editor\" data-id=\"e703ad7\" data-element_type=\"widget\" data-e-type=\"widget\" data-widget_type=\"text-editor.default\">\n\t\t\t\t<div class=\"elementor-widget-container\">\n\t\t\t\t\t\t\t\t\t<p><span style=\"font-size: 12pt; font-family: \"Calibri Light\", sans-serif; background-image: initial; background-position: initial; background-size: initial; background-repeat: initial; background-attachment: initial; background-origin: initial; background-clip: initial;\">Olemme erikoistuneet kehitt\u00e4m\u00e4\u00e4n ja valmistamaan innovatiivisia ratkaisuja tilap\u00e4iseen tulvasuojaukseen, vedenalaisiin rakennushankkeisiin ja v\u00e4liaikaiseen nesteiden varastointiin. Olemme sitoutuneet huippuosaamiseen ja laatuun, joten tarjoamme monipuolisen valikoiman asiakkaidemme vaatimusten mukaisesti suunniteltuja esteit\u00e4. Asiantuntemuksemme perustuu innovatiivisten ratkaisujen toimittamiseen, jotka jatkuvasti ylitt\u00e4v\u00e4t odotukset, olipa kyse sitten tulvilta suojautumisesta, nesteiden v\u00e4liaikaisesta varastoinnista tai vedenalaisten rakennushankkeiden tukemisesta.    &nbsp;Jokainen tuote on suunniteltu tarkasti ja luotettavasti, mik\u00e4 takaa huippuluokan suorituskyvyn haastavimmissakin olosuhteissa.<\/span><span style=\"color: rgb(0, 0, 0); font-size: medium;\"><\/span><\/p>\n\t\t\t\t\t\t\t\t<\/div>\n\t\t\t\t<\/div>\n\t\t\t\t<\/div>\n\t\t\t\t\t<\/div>\n\t\t\t\t<\/div>\n\t\t<div class=\"elementor-element elementor-element-090c4cd e-flex e-con-boxed e-con e-parent\" data-id=\"090c4cd\" data-element_type=\"container\" data-e-type=\"container\" data-settings=\"{&quot;background_background&quot;:&quot;classic&quot;}\">\n\t\t\t\t\t<div class=\"e-con-inner\">\n\t\t<div class=\"elementor-element elementor-element-35cfc79 e-con-full e-flex e-con e-child\" data-id=\"35cfc79\" data-element_type=\"container\" data-e-type=\"container\">\n\t\t<div class=\"elementor-element elementor-element-649a74b e-flex e-con-boxed e-con e-child\" data-id=\"649a74b\" data-element_type=\"container\" data-e-type=\"container\">\n\t\t\t\t\t<div class=\"e-con-inner\">\n\t\t<div class=\"elementor-element elementor-element-22f442e e-con-full e-flex e-con e-child\" data-id=\"22f442e\" data-element_type=\"container\" data-e-type=\"container\">\n\t\t\t\t<div class=\"elementor-element elementor-element-a0263fc elementor-widget elementor-widget-heading\" data-id=\"a0263fc\" data-element_type=\"widget\" data-e-type=\"widget\" data-widget_type=\"heading.default\">\n\t\t\t\t<div class=\"elementor-widget-container\">\n\t\t\t\t\t<h3 class=\"elementor-heading-title elementor-size-default\">Mit\u00e4 me teemme<\/h3>\t\t\t\t<\/div>\n\t\t\t\t<\/div>\n\t\t\t\t<\/div>\n\t\t<div class=\"elementor-element elementor-element-f8f492f e-con-full e-flex e-con e-child\" data-id=\"f8f492f\" data-element_type=\"container\" data-e-type=\"container\">\n\t\t\t\t<div class=\"elementor-element elementor-element-297a0ce elementor-widget elementor-widget-text-editor\" data-id=\"297a0ce\" data-element_type=\"widget\" data-e-type=\"widget\" data-widget_type=\"text-editor.default\">\n\t\t\t\t<div class=\"elementor-widget-container\">\n\t\t\t\t\t\t\t\t\t<p>Keskitymme innovaatioihin ja asiakastyytyv\u00e4isyyteen, ja pyrimme kehitt\u00e4m\u00e4\u00e4n ja tuomaan markkinoille uusia ratkaisuja, jotka vastaavat asiakkaidemme muuttuviin haasteisiin.<\/p>\n\t\t\t\t\t\t\t\t<\/div>\n\t\t\t\t<\/div>\n\t\t\t\t<\/div>\n\t\t\t\t\t<\/div>\n\t\t\t\t<\/div>\n\t\t<div class=\"elementor-element elementor-element-bcae62d e-flex e-con-boxed e-con e-child\" data-id=\"bcae62d\" data-element_type=\"container\" data-e-type=\"container\">\n\t\t\t\t\t<div class=\"e-con-inner\">\n\t\t<div class=\"elementor-element elementor-element-851ace2 e-con-full e-flex e-con e-child\" data-id=\"851ace2\" data-element_type=\"container\" data-e-type=\"container\">\n\t\t\t\t<div class=\"elementor-element elementor-element-ad63d72 elementor-widget elementor-widget-heading\" data-id=\"ad63d72\" data-element_type=\"widget\" data-e-type=\"widget\" data-widget_type=\"heading.default\">\n\t\t\t\t<div class=\"elementor-widget-container\">\n\t\t\t\t\t<h3 class=\"elementor-heading-title elementor-size-default\">Tutustu etuihin<\/h3>\t\t\t\t<\/div>\n\t\t\t\t<\/div>\n\t\t\t\t<\/div>\n\t\t<div class=\"elementor-element elementor-element-d2d53df e-con-full e-flex e-con e-child\" data-id=\"d2d53df\" data-element_type=\"container\" data-e-type=\"container\">\n\t\t\t\t<div class=\"elementor-element elementor-element-bdb4298 elementor-widget elementor-widget-text-editor\" data-id=\"bdb4298\" data-element_type=\"widget\" data-e-type=\"widget\" data-widget_type=\"text-editor.default\">\n\t\t\t\t<div class=\"elementor-widget-container\">\n\t\t\t\t\t\t\t\t\t<p>Projektisi laajuudesta tai monimutkaisuudesta riippumatta tarjoamme r\u00e4\u00e4t\u00e4l\u00f6ityj\u00e4 ratkaisuja tarpeisiisi. Tutustu NoFloods-ratkaisujen tuomiin etuihin hankkeessasi. Ota yhteytt\u00e4 jo t\u00e4n\u00e4\u00e4n, niin saat lis\u00e4tietoja laajasta esteiden valikoimastamme ja siit\u00e4, miten voimme tarjota r\u00e4\u00e4t\u00e4l\u00f6idyn l\u00e4hestymistavan, joka vastaa juuri sinun erityistarpeitasi.  <\/p>\n\t\t\t\t\t\t\t\t<\/div>\n\t\t\t\t<\/div>\n\t\t\t\t<\/div>\n\t\t\t\t\t<\/div>\n\t\t\t\t<\/div>\n\t\t<div class=\"elementor-element elementor-element-7f7ef02 e-con-full e-flex e-con e-child\" data-id=\"7f7ef02\" data-element_type=\"container\" data-e-type=\"container\">\n\t\t<div class=\"elementor-element elementor-element-202a353 e-con-full e-flex e-con e-child\" data-id=\"202a353\" data-element_type=\"container\" data-e-type=\"container\">\n\t\t\t\t<div class=\"elementor-element elementor-element-aa0547e elementor-widget elementor-widget-heading\" data-id=\"aa0547e\" data-element_type=\"widget\" data-e-type=\"widget\" data-widget_type=\"heading.default\">\n\t\t\t\t<div class=\"elementor-widget-container\">\n\t\t\t\t\t<h3 class=\"elementor-heading-title elementor-size-default\">Tutustu<br> Ratkaisumme<\/h3>\t\t\t\t<\/div>\n\t\t\t\t<\/div>\n\t\t\t\t<\/div>\n\t\t<div class=\"elementor-element elementor-element-3eb3d36 e-con-full e-flex e-con e-child\" data-id=\"3eb3d36\" data-element_type=\"container\" data-e-type=\"container\">\n\t\t\t\t<div class=\"elementor-element elementor-element-cc0418b elementor-widget elementor-widget-text-editor\" data-id=\"cc0418b\" data-element_type=\"widget\" data-e-type=\"widget\" data-widget_type=\"text-editor.default\">\n\t\t\t\t<div class=\"elementor-widget-container\">\n\t\t\t\t\t\t\t\t\t<p>Jos haluat tutustua koko tuotevalikoimaamme ja tiet\u00e4\u00e4, miten ne voivat tukea erityisvaatimuksiasi, k\u00e4y verkkosivuillamme osoitteessa <a href=\"https:\/\/nofloods.com\/\" target=\"_blank\" rel=\"noopener\">nofloods.com<\/a>. Tiimimme on sitoutunut auttamaan sinua suojelemaan sit\u00e4, mik\u00e4 on t\u00e4rkeint\u00e4. <\/p>\n\t\t\t\t\t\t\t\t<\/div>\n\t\t\t\t<\/div>\n\t\t\t\t<\/div>\n\t\t\t\t<\/div>\n\t\t\t\t<\/div>\n\t\t\t\t\t<\/div>\n\t\t\t\t<\/div>\n\t\t\t\t<\/div>\n\t\t","protected":false},"excerpt":{"rendered":"<p>Tietoa meist\u00e4 Olemme erikoistuneet luomaan innovatiivisia ratkaisuja tilap\u00e4iseen tulvasuojaukseen, vedenalaisiin rakennushankkeisiin ja v\u00e4liaikaiseen nesteiden varastointiin. Olemme erikoistuneet kehitt\u00e4m\u00e4\u00e4n ja valmistamaan [&hellip;]<\/p>\n","protected":false},"author":3,"featured_media":0,"parent":0,"menu_order":0,"comment_status":"closed","ping_status":"closed","template":"","meta":{"site-sidebar-layout":"no-sidebar","site-content-layout":"page-builder","ast-site-content-layout":"full-width-container","site-content-style":"unboxed","site-sidebar-style":"default","ast-global-header-display":"","ast-banner-title-visibility":"","ast-main-header-display":"","ast-hfb-above-header-display":"","ast-hfb-below-header-display":"","ast-hfb-mobile-header-display":"","site-post-title":"disabled","ast-breadcrumbs-content":"","ast-featured-img":"disabled","footer-sml-layout":"","ast-disable-related-posts":"","theme-transparent-header-meta":"enabled","adv-header-id-meta":"","stick-header-meta":"","header-above-stick-meta":"","header-main-stick-meta":"","header-below-stick-meta":"","astra-migrate-meta-layouts":"default","ast-page-background-enabled":"default","ast-page-background-meta":{"desktop":{"background-color":"","background-image":"","background-repeat":"repeat","background-position":"center center","background-size":"auto","background-attachment":"scroll","background-type":"","background-media":"","overlay-type":"","overlay-color":"","overlay-opacity":"","overlay-gradient":""},"tablet":{"background-color":"","background-image":"","background-repeat":"repeat","background-position":"center center","background-size":"auto","background-attachment":"scroll","background-type":"","background-media":"","overlay-type":"","overlay-color":"","overlay-opacity":"","overlay-gradient":""},"mobile":{"background-color":"","background-image":"","background-repeat":"repeat","background-position":"center center","background-size":"auto","background-attachment":"scroll","background-type":"","background-media":"","overlay-type":"","overlay-color":"","overlay-opacity":"","overlay-gradient":""}},"ast-content-background-meta":{"desktop":{"background-color":"var(--ast-global-color-5)","background-image":"","background-repeat":"repeat","background-position":"center center","background-size":"auto","background-attachment":"scroll","background-type":"","background-media":"","overlay-type":"","overlay-color":"","overlay-opacity":"","overlay-gradient":""},"tablet":{"background-color":"var(--ast-global-color-5)","background-image":"","background-repeat":"repeat","background-position":"center center","background-size":"auto","background-attachment":"scroll","background-type":"","background-media":"","overlay-type":"","overlay-color":"","overlay-opacity":"","overlay-gradient":""},"mobile":{"background-color":"var(--ast-global-color-5)","background-image":"","background-repeat":"repeat","background-position":"center center","background-size":"auto","background-attachment":"scroll","background-type":"","background-media":"","overlay-type":"","overlay-color":"","overlay-opacity":"","overlay-gradient":""}},"footnotes":""},"class_list":["post-3014","page","type-page","status-publish","hentry"],"yoast_head":"<!-- This site is optimized with the Yoast SEO plugin v27.0 - https:\/\/yoast.com\/product\/yoast-seo-wordpress\/ -->\n<title>Tietoa BoxWall - Innovatiiviset ratkaisut tilap\u00e4iseen tulvasuojaukseen<\/title>\n<meta name=\"description\" content=\"Tietoa BoxWallista - Olemme erikoistuneet innovatiivisiin ratkaisuihin tilap\u00e4iseen tulvasuojaukseen, vedenalaiseen rakentamiseen ja nesteiden varastointihankkeisiin.\" \/>\n<meta name=\"robots\" content=\"index, follow, max-snippet:-1, max-image-preview:large, max-video-preview:-1\" \/>\n<link rel=\"canonical\" href=\"https:\/\/boxwall.com\/fi\/tietoa-meista\/\" \/>\n<meta property=\"og:locale\" content=\"fi_FI\" \/>\n<meta property=\"og:type\" content=\"article\" \/>\n<meta property=\"og:title\" content=\"Tietoa BoxWall - Innovatiiviset ratkaisut tilap\u00e4iseen tulvasuojaukseen\" \/>\n<meta property=\"og:description\" content=\"Tietoa BoxWallista - Olemme erikoistuneet innovatiivisiin ratkaisuihin tilap\u00e4iseen tulvasuojaukseen, vedenalaiseen rakentamiseen ja nesteiden varastointihankkeisiin.\" \/>\n<meta property=\"og:url\" content=\"https:\/\/boxwall.com\/fi\/tietoa-meista\/\" \/>\n<meta property=\"og:site_name\" content=\"EasyWall Flood Barrier\" \/>\n<meta property=\"article:modified_time\" content=\"2025-03-21T14:37:00+00:00\" \/>\n<meta property=\"og:image\" content=\"https:\/\/boxwall.com\/wp-content\/uploads\/2025\/03\/image0-1.webp\" \/>\n\t<meta property=\"og:image:width\" content=\"640\" \/>\n\t<meta property=\"og:image:height\" content=\"480\" \/>\n\t<meta property=\"og:image:type\" content=\"image\/webp\" \/>\n<meta name=\"twitter:card\" content=\"summary_large_image\" \/>\n<meta name=\"twitter:label1\" content=\"Arvioitu lukuaika\" \/>\n\t<meta name=\"twitter:data1\" content=\"1 minuutti\" \/>\n<script type=\"application\/ld+json\" class=\"yoast-schema-graph\">{\"@context\":\"https:\/\/schema.org\",\"@graph\":[{\"@type\":\"WebPage\",\"@id\":\"https:\/\/boxwall.com\/fi\/tietoa-meista\/\",\"url\":\"https:\/\/boxwall.com\/fi\/tietoa-meista\/\",\"name\":\"Tietoa BoxWall - Innovatiiviset ratkaisut tilap\u00e4iseen tulvasuojaukseen\",\"isPartOf\":{\"@id\":\"https:\/\/boxwall.com\/fi\/#website\"},\"primaryImageOfPage\":{\"@id\":\"https:\/\/boxwall.com\/fi\/tietoa-meista\/#primaryimage\"},\"image\":{\"@id\":\"https:\/\/boxwall.com\/fi\/tietoa-meista\/#primaryimage\"},\"thumbnailUrl\":\"https:\/\/boxwall.com\/wp-content\/uploads\/2025\/03\/image0-1.webp\",\"datePublished\":\"2024-08-24T05:43:04+00:00\",\"dateModified\":\"2025-03-21T14:37:00+00:00\",\"description\":\"Tietoa BoxWallista - Olemme erikoistuneet innovatiivisiin ratkaisuihin tilap\u00e4iseen tulvasuojaukseen, vedenalaiseen rakentamiseen ja nesteiden varastointihankkeisiin.\",\"breadcrumb\":{\"@id\":\"https:\/\/boxwall.com\/fi\/tietoa-meista\/#breadcrumb\"},\"inLanguage\":\"fi\",\"potentialAction\":[{\"@type\":\"ReadAction\",\"target\":[\"https:\/\/boxwall.com\/fi\/tietoa-meista\/\"]}]},{\"@type\":\"ImageObject\",\"inLanguage\":\"fi\",\"@id\":\"https:\/\/boxwall.com\/fi\/tietoa-meista\/#primaryimage\",\"url\":\"https:\/\/boxwall.com\/wp-content\/uploads\/2025\/03\/image0-1.webp\",\"contentUrl\":\"https:\/\/boxwall.com\/wp-content\/uploads\/2025\/03\/image0-1.webp\"},{\"@type\":\"BreadcrumbList\",\"@id\":\"https:\/\/boxwall.com\/fi\/tietoa-meista\/#breadcrumb\",\"itemListElement\":[{\"@type\":\"ListItem\",\"position\":1,\"name\":\"Etusivu\",\"item\":\"https:\/\/boxwall.com\/fi\/etusivu\/\"},{\"@type\":\"ListItem\",\"position\":2,\"name\":\"Tietoa meist\u00e4\"}]},{\"@type\":\"WebSite\",\"@id\":\"https:\/\/boxwall.com\/fi\/#website\",\"url\":\"https:\/\/boxwall.com\/fi\/\",\"name\":\"EasyWall Flood Barrier\",\"description\":\"By Environment Solutions\",\"publisher\":{\"@id\":\"https:\/\/boxwall.com\/fi\/#organization\"},\"potentialAction\":[{\"@type\":\"SearchAction\",\"target\":{\"@type\":\"EntryPoint\",\"urlTemplate\":\"https:\/\/boxwall.com\/fi\/?s={search_term_string}\"},\"query-input\":{\"@type\":\"PropertyValueSpecification\",\"valueRequired\":true,\"valueName\":\"search_term_string\"}}],\"inLanguage\":\"fi\"},{\"@type\":\"Organization\",\"@id\":\"https:\/\/boxwall.com\/fi\/#organization\",\"name\":\"EasyWall Flood Barrier\",\"url\":\"https:\/\/boxwall.com\/fi\/\",\"logo\":{\"@type\":\"ImageObject\",\"inLanguage\":\"fi\",\"@id\":\"https:\/\/boxwall.com\/fi\/#\/schema\/logo\/image\/\",\"url\":\"https:\/\/boxwall.com\/wp-content\/uploads\/2025\/04\/NoFloods-by-ES-New-TM-1.webp\",\"contentUrl\":\"https:\/\/boxwall.com\/wp-content\/uploads\/2025\/04\/NoFloods-by-ES-New-TM-1.webp\",\"width\":338,\"height\":70,\"caption\":\"EasyWall Flood Barrier\"},\"image\":{\"@id\":\"https:\/\/boxwall.com\/fi\/#\/schema\/logo\/image\/\"}}]}<\/script>\n<!-- \/ Yoast SEO plugin. -->","yoast_head_json":{"title":"Tietoa BoxWall - Innovatiiviset ratkaisut tilap\u00e4iseen tulvasuojaukseen","description":"Tietoa BoxWallista - Olemme erikoistuneet innovatiivisiin ratkaisuihin tilap\u00e4iseen tulvasuojaukseen, vedenalaiseen rakentamiseen ja nesteiden varastointihankkeisiin.","robots":{"index":"index","follow":"follow","max-snippet":"max-snippet:-1","max-image-preview":"max-image-preview:large","max-video-preview":"max-video-preview:-1"},"canonical":"https:\/\/boxwall.com\/fi\/tietoa-meista\/","og_locale":"fi_FI","og_type":"article","og_title":"Tietoa BoxWall - Innovatiiviset ratkaisut tilap\u00e4iseen tulvasuojaukseen","og_description":"Tietoa BoxWallista - Olemme erikoistuneet innovatiivisiin ratkaisuihin tilap\u00e4iseen tulvasuojaukseen, vedenalaiseen rakentamiseen ja nesteiden varastointihankkeisiin.","og_url":"https:\/\/boxwall.com\/fi\/tietoa-meista\/","og_site_name":"EasyWall Flood Barrier","article_modified_time":"2025-03-21T14:37:00+00:00","og_image":[{"width":640,"height":480,"url":"https:\/\/boxwall.com\/wp-content\/uploads\/2025\/03\/image0-1.webp","type":"image\/webp"}],"twitter_card":"summary_large_image","twitter_misc":{"Arvioitu lukuaika":"1 minuutti"},"schema":{"@context":"https:\/\/schema.org","@graph":[{"@type":"WebPage","@id":"https:\/\/boxwall.com\/fi\/tietoa-meista\/","url":"https:\/\/boxwall.com\/fi\/tietoa-meista\/","name":"Tietoa BoxWall - Innovatiiviset ratkaisut tilap\u00e4iseen tulvasuojaukseen","isPartOf":{"@id":"https:\/\/boxwall.com\/fi\/#website"},"primaryImageOfPage":{"@id":"https:\/\/boxwall.com\/fi\/tietoa-meista\/#primaryimage"},"image":{"@id":"https:\/\/boxwall.com\/fi\/tietoa-meista\/#primaryimage"},"thumbnailUrl":"https:\/\/boxwall.com\/wp-content\/uploads\/2025\/03\/image0-1.webp","datePublished":"2024-08-24T05:43:04+00:00","dateModified":"2025-03-21T14:37:00+00:00","description":"Tietoa BoxWallista - Olemme erikoistuneet innovatiivisiin ratkaisuihin tilap\u00e4iseen tulvasuojaukseen, vedenalaiseen rakentamiseen ja nesteiden varastointihankkeisiin.","breadcrumb":{"@id":"https:\/\/boxwall.com\/fi\/tietoa-meista\/#breadcrumb"},"inLanguage":"fi","potentialAction":[{"@type":"ReadAction","target":["https:\/\/boxwall.com\/fi\/tietoa-meista\/"]}]},{"@type":"ImageObject","inLanguage":"fi","@id":"https:\/\/boxwall.com\/fi\/tietoa-meista\/#primaryimage","url":"https:\/\/boxwall.com\/wp-content\/uploads\/2025\/03\/image0-1.webp","contentUrl":"https:\/\/boxwall.com\/wp-content\/uploads\/2025\/03\/image0-1.webp"},{"@type":"BreadcrumbList","@id":"https:\/\/boxwall.com\/fi\/tietoa-meista\/#breadcrumb","itemListElement":[{"@type":"ListItem","position":1,"name":"Etusivu","item":"https:\/\/boxwall.com\/fi\/etusivu\/"},{"@type":"ListItem","position":2,"name":"Tietoa meist\u00e4"}]},{"@type":"WebSite","@id":"https:\/\/boxwall.com\/fi\/#website","url":"https:\/\/boxwall.com\/fi\/","name":"EasyWall Flood Barrier","description":"By Environment Solutions","publisher":{"@id":"https:\/\/boxwall.com\/fi\/#organization"},"potentialAction":[{"@type":"SearchAction","target":{"@type":"EntryPoint","urlTemplate":"https:\/\/boxwall.com\/fi\/?s={search_term_string}"},"query-input":{"@type":"PropertyValueSpecification","valueRequired":true,"valueName":"search_term_string"}}],"inLanguage":"fi"},{"@type":"Organization","@id":"https:\/\/boxwall.com\/fi\/#organization","name":"EasyWall Flood Barrier","url":"https:\/\/boxwall.com\/fi\/","logo":{"@type":"ImageObject","inLanguage":"fi","@id":"https:\/\/boxwall.com\/fi\/#\/schema\/logo\/image\/","url":"https:\/\/boxwall.com\/wp-content\/uploads\/2025\/04\/NoFloods-by-ES-New-TM-1.webp","contentUrl":"https:\/\/boxwall.com\/wp-content\/uploads\/2025\/04\/NoFloods-by-ES-New-TM-1.webp","width":338,"height":70,"caption":"EasyWall Flood Barrier"},"image":{"@id":"https:\/\/boxwall.com\/fi\/#\/schema\/logo\/image\/"}}]}},"_links":{"self":[{"href":"https:\/\/boxwall.com\/fi\/wp-json\/wp\/v2\/pages\/3014","targetHints":{"allow":["GET"]}}],"collection":[{"href":"https:\/\/boxwall.com\/fi\/wp-json\/wp\/v2\/pages"}],"about":[{"href":"https:\/\/boxwall.com\/fi\/wp-json\/wp\/v2\/types\/page"}],"author":[{"embeddable":true,"href":"https:\/\/boxwall.com\/fi\/wp-json\/wp\/v2\/users\/3"}],"replies":[{"embeddable":true,"href":"https:\/\/boxwall.com\/fi\/wp-json\/wp\/v2\/comments?post=3014"}],"version-history":[{"count":2,"href":"https:\/\/boxwall.com\/fi\/wp-json\/wp\/v2\/pages\/3014\/revisions"}],"predecessor-version":[{"id":4224,"href":"https:\/\/boxwall.com\/fi\/wp-json\/wp\/v2\/pages\/3014\/revisions\/4224"}],"wp:attachment":[{"href":"https:\/\/boxwall.com\/fi\/wp-json\/wp\/v2\/media?parent=3014"}],"curies":[{"name":"wp","href":"https:\/\/api.w.org\/{rel}","templated":true}]}}