{"id":3589,"date":"2024-08-24T05:43:04","date_gmt":"2024-08-24T05:43:04","guid":{"rendered":"https:\/\/boxwall.com\/acerca-de-nosotros\/"},"modified":"2025-03-21T14:37:02","modified_gmt":"2025-03-21T14:37:02","slug":"acerca-de-nosotros","status":"publish","type":"page","link":"https:\/\/boxwall.com\/es\/acerca-de-nosotros\/","title":{"rendered":"Acerca de Nosotros"},"content":{"rendered":"\t\t<div data-elementor-type=\"wp-page\" data-elementor-id=\"3589\" class=\"elementor elementor-3589 elementor-119\">\n\t\t\t\t<div class=\"elementor-element elementor-element-6293501 e-flex e-con-boxed e-con e-parent\" data-id=\"6293501\" data-element_type=\"container\" data-e-type=\"container\" data-settings=\"{&quot;background_background&quot;:&quot;classic&quot;}\">\n\t\t\t\t\t<div class=\"e-con-inner\">\n\t\t<div class=\"elementor-element elementor-element-60f23af e-con-full e-flex e-con e-child\" data-id=\"60f23af\" data-element_type=\"container\" data-e-type=\"container\">\n\t\t\t\t<div class=\"elementor-element elementor-element-8b67591 elementor-widget elementor-widget-heading\" data-id=\"8b67591\" data-element_type=\"widget\" data-e-type=\"widget\" data-widget_type=\"heading.default\">\n\t\t\t\t<div class=\"elementor-widget-container\">\n\t\t\t\t\t<h1 class=\"elementor-heading-title elementor-size-default\">Acerca de Nosotros<\/h1>\t\t\t\t<\/div>\n\t\t\t\t<\/div>\n\t\t\t\t<div class=\"elementor-element elementor-element-8d29c6c elementor-widget elementor-widget-text-editor\" data-id=\"8d29c6c\" data-element_type=\"widget\" data-e-type=\"widget\" data-widget_type=\"text-editor.default\">\n\t\t\t\t<div class=\"elementor-widget-container\">\n\t\t\t\t\t\t\t\t\t<p>Nos especializamos en crear soluciones innovadoras para la protecci\u00f3n temporal contra inundaciones, proyectos de construcci\u00f3n en agua y almacenamiento temporal de l\u00edquidos.<\/p>\n\t\t\t\t\t\t\t\t<\/div>\n\t\t\t\t<\/div>\n\t\t\t\t<\/div>\n\t\t\t\t\t<\/div>\n\t\t\t\t<\/div>\n\t\t<div class=\"elementor-element elementor-element-1df73b1 e-flex e-con-boxed e-con e-parent\" data-id=\"1df73b1\" data-element_type=\"container\" data-e-type=\"container\" data-settings=\"{&quot;background_background&quot;:&quot;classic&quot;}\">\n\t\t\t\t\t<div class=\"e-con-inner\">\n\t\t<div class=\"elementor-element elementor-element-c002b61 e-con-full e-flex e-con e-child\" data-id=\"c002b61\" data-element_type=\"container\" data-e-type=\"container\" data-settings=\"{&quot;background_background&quot;:&quot;classic&quot;}\">\n\t\t\t\t<div class=\"elementor-element elementor-element-b97116c elementor-widget elementor-widget-image\" data-id=\"b97116c\" data-element_type=\"widget\" data-e-type=\"widget\" data-widget_type=\"image.default\">\n\t\t\t\t<div class=\"elementor-widget-container\">\n\t\t\t\t\t\t\t\t\t\t\t\t\t\t\t<img fetchpriority=\"high\" decoding=\"async\" width=\"640\" height=\"480\" src=\"https:\/\/boxwall.com\/wp-content\/uploads\/2025\/03\/image0-1.webp\" class=\"attachment-full size-full wp-image-4210\" alt=\"\" srcset=\"https:\/\/boxwall.com\/wp-content\/uploads\/2025\/03\/image0-1.webp 640w, https:\/\/boxwall.com\/wp-content\/uploads\/2025\/03\/image0-1-300x225.webp 300w\" sizes=\"(max-width: 640px) 100vw, 640px\" \/>\t\t\t\t\t\t\t\t\t\t\t\t\t\t\t<\/div>\n\t\t\t\t<\/div>\n\t\t\t\t<\/div>\n\t\t<div class=\"elementor-element elementor-element-eeb1dd2 e-con-full e-flex e-con e-child\" data-id=\"eeb1dd2\" data-element_type=\"container\" data-e-type=\"container\">\n\t\t\t\t<div class=\"elementor-element elementor-element-e703ad7 elementor-widget elementor-widget-text-editor\" data-id=\"e703ad7\" data-element_type=\"widget\" data-e-type=\"widget\" data-widget_type=\"text-editor.default\">\n\t\t\t\t<div class=\"elementor-widget-container\">\n\t\t\t\t\t\t\t\t\t<p><span style=\"font-size: 12pt; font-family: \"Calibri Light\", sans-serif; background-image: initial; background-position: initial; background-size: initial; background-repeat: initial; background-attachment: initial; background-origin: initial; background-clip: initial;\">Nos especializamos en el desarrollo y fabricaci\u00f3n de soluciones innovadoras para la protecci\u00f3n temporal contra inundaciones, proyectos de construcci\u00f3n en el agua y almacenamiento temporal de l\u00edquidos. Con una s\u00f3lida dedicaci\u00f3n a la excelencia y un compromiso con la calidad, ofrecemos una diversa gama de barreras dise\u00f1adas para satisfacer los requisitos de nuestros clientes. Nuestra experiencia radica en proporcionar soluciones innovadoras que superan consistentemente las expectativas, ya sea en la protecci\u00f3n contra inundaciones, el almacenamiento temporal de l\u00edquidos o el apoyo a proyectos de construcci\u00f3n en el agua.   &nbsp;Cada producto est\u00e1 dise\u00f1ado con precisi\u00f3n y fiabilidad, asegurando un rendimiento de primer nivel incluso en las condiciones m\u00e1s desafiantes.<\/span><span style=\"color: rgb(0, 0, 0); font-size: medium;\"><\/span><\/p>\n\t\t\t\t\t\t\t\t<\/div>\n\t\t\t\t<\/div>\n\t\t\t\t<\/div>\n\t\t\t\t\t<\/div>\n\t\t\t\t<\/div>\n\t\t<div class=\"elementor-element elementor-element-090c4cd e-flex e-con-boxed e-con e-parent\" data-id=\"090c4cd\" data-element_type=\"container\" data-e-type=\"container\" data-settings=\"{&quot;background_background&quot;:&quot;classic&quot;}\">\n\t\t\t\t\t<div class=\"e-con-inner\">\n\t\t<div class=\"elementor-element elementor-element-35cfc79 e-con-full e-flex e-con e-child\" data-id=\"35cfc79\" data-element_type=\"container\" data-e-type=\"container\">\n\t\t<div class=\"elementor-element elementor-element-649a74b e-flex e-con-boxed e-con e-child\" data-id=\"649a74b\" data-element_type=\"container\" data-e-type=\"container\">\n\t\t\t\t\t<div class=\"e-con-inner\">\n\t\t<div class=\"elementor-element elementor-element-22f442e e-con-full e-flex e-con e-child\" data-id=\"22f442e\" data-element_type=\"container\" data-e-type=\"container\">\n\t\t\t\t<div class=\"elementor-element elementor-element-a0263fc elementor-widget elementor-widget-heading\" data-id=\"a0263fc\" data-element_type=\"widget\" data-e-type=\"widget\" data-widget_type=\"heading.default\">\n\t\t\t\t<div class=\"elementor-widget-container\">\n\t\t\t\t\t<h3 class=\"elementor-heading-title elementor-size-default\">Lo Que Hacemos<\/h3>\t\t\t\t<\/div>\n\t\t\t\t<\/div>\n\t\t\t\t<\/div>\n\t\t<div class=\"elementor-element elementor-element-f8f492f e-con-full e-flex e-con e-child\" data-id=\"f8f492f\" data-element_type=\"container\" data-e-type=\"container\">\n\t\t\t\t<div class=\"elementor-element elementor-element-297a0ce elementor-widget elementor-widget-text-editor\" data-id=\"297a0ce\" data-element_type=\"widget\" data-e-type=\"widget\" data-widget_type=\"text-editor.default\">\n\t\t\t\t<div class=\"elementor-widget-container\">\n\t\t\t\t\t\t\t\t\t<p>Con un enfoque en la innovaci\u00f3n y la satisfacci\u00f3n del cliente, trabajamos para desarrollar y llevar al mercado nuevas soluciones que aborden los desaf\u00edos en evoluci\u00f3n que enfrentan nuestros clientes.<\/p>\n\t\t\t\t\t\t\t\t<\/div>\n\t\t\t\t<\/div>\n\t\t\t\t<\/div>\n\t\t\t\t\t<\/div>\n\t\t\t\t<\/div>\n\t\t<div class=\"elementor-element elementor-element-bcae62d e-flex e-con-boxed e-con e-child\" data-id=\"bcae62d\" data-element_type=\"container\" data-e-type=\"container\">\n\t\t\t\t\t<div class=\"e-con-inner\">\n\t\t<div class=\"elementor-element elementor-element-851ace2 e-con-full e-flex e-con e-child\" data-id=\"851ace2\" data-element_type=\"container\" data-e-type=\"container\">\n\t\t\t\t<div class=\"elementor-element elementor-element-ad63d72 elementor-widget elementor-widget-heading\" data-id=\"ad63d72\" data-element_type=\"widget\" data-e-type=\"widget\" data-widget_type=\"heading.default\">\n\t\t\t\t<div class=\"elementor-widget-container\">\n\t\t\t\t\t<h3 class=\"elementor-heading-title elementor-size-default\">Descubra Los Beneficios<\/h3>\t\t\t\t<\/div>\n\t\t\t\t<\/div>\n\t\t\t\t<\/div>\n\t\t<div class=\"elementor-element elementor-element-d2d53df e-con-full e-flex e-con e-child\" data-id=\"d2d53df\" data-element_type=\"container\" data-e-type=\"container\">\n\t\t\t\t<div class=\"elementor-element elementor-element-bdb4298 elementor-widget elementor-widget-text-editor\" data-id=\"bdb4298\" data-element_type=\"widget\" data-e-type=\"widget\" data-widget_type=\"text-editor.default\">\n\t\t\t\t<div class=\"elementor-widget-container\">\n\t\t\t\t\t\t\t\t\t<p>Independientemente del alcance o la complejidad de su proyecto, ofrecemos soluciones personalizadas para satisfacer sus necesidades. Descubra las ventajas que las soluciones NoFloods pueden aportar a su proyecto. P\u00f3ngase en contacto con nosotros hoy mismo para obtener m\u00e1s informaci\u00f3n sobre nuestra amplia gama de barreras y c\u00f3mo podemos proporcionarle un enfoque personalizado que se ajuste a sus requisitos espec\u00edficos.  <\/p>\n\t\t\t\t\t\t\t\t<\/div>\n\t\t\t\t<\/div>\n\t\t\t\t<\/div>\n\t\t\t\t\t<\/div>\n\t\t\t\t<\/div>\n\t\t<div class=\"elementor-element elementor-element-7f7ef02 e-con-full e-flex e-con e-child\" data-id=\"7f7ef02\" data-element_type=\"container\" data-e-type=\"container\">\n\t\t<div class=\"elementor-element elementor-element-202a353 e-con-full e-flex e-con e-child\" data-id=\"202a353\" data-element_type=\"container\" data-e-type=\"container\">\n\t\t\t\t<div class=\"elementor-element elementor-element-aa0547e elementor-widget elementor-widget-heading\" data-id=\"aa0547e\" data-element_type=\"widget\" data-e-type=\"widget\" data-widget_type=\"heading.default\">\n\t\t\t\t<div class=\"elementor-widget-container\">\n\t\t\t\t\t<h3 class=\"elementor-heading-title elementor-size-default\">Explore<br> Nuestras Soluciones<\/h3>\t\t\t\t<\/div>\n\t\t\t\t<\/div>\n\t\t\t\t<\/div>\n\t\t<div class=\"elementor-element elementor-element-3eb3d36 e-con-full e-flex e-con e-child\" data-id=\"3eb3d36\" data-element_type=\"container\" data-e-type=\"container\">\n\t\t\t\t<div class=\"elementor-element elementor-element-cc0418b elementor-widget elementor-widget-text-editor\" data-id=\"cc0418b\" data-element_type=\"widget\" data-e-type=\"widget\" data-widget_type=\"text-editor.default\">\n\t\t\t\t<div class=\"elementor-widget-container\">\n\t\t\t\t\t\t\t\t\t<p>Para explorar nuestra gama completa de productos y conocer c\u00f3mo pueden satisfacer sus requisitos espec\u00edficos, le invitamos a visitar nuestro sitio web en <a href=\"https:\/\/nofloods.com\/\" target=\"_blank\" rel=\"noopener\">nofloods.com<\/a>. Nuestro equipo est\u00e1 comprometido a ayudarle a proteger lo que m\u00e1s importa. <\/p>\n\t\t\t\t\t\t\t\t<\/div>\n\t\t\t\t<\/div>\n\t\t\t\t<\/div>\n\t\t\t\t<\/div>\n\t\t\t\t<\/div>\n\t\t\t\t\t<\/div>\n\t\t\t\t<\/div>\n\t\t\t\t<\/div>\n\t\t","protected":false},"excerpt":{"rendered":"<p>Acerca de Nosotros Nos especializamos en crear soluciones innovadoras para la protecci\u00f3n temporal contra inundaciones, proyectos de construcci\u00f3n en agua [&hellip;]<\/p>\n","protected":false},"author":3,"featured_media":0,"parent":0,"menu_order":0,"comment_status":"closed","ping_status":"closed","template":"","meta":{"site-sidebar-layout":"no-sidebar","site-content-layout":"page-builder","ast-site-content-layout":"full-width-container","site-content-style":"unboxed","site-sidebar-style":"default","ast-global-header-display":"","ast-banner-title-visibility":"","ast-main-header-display":"","ast-hfb-above-header-display":"","ast-hfb-below-header-display":"","ast-hfb-mobile-header-display":"","site-post-title":"disabled","ast-breadcrumbs-content":"","ast-featured-img":"disabled","footer-sml-layout":"","ast-disable-related-posts":"","theme-transparent-header-meta":"enabled","adv-header-id-meta":"","stick-header-meta":"","header-above-stick-meta":"","header-main-stick-meta":"","header-below-stick-meta":"","astra-migrate-meta-layouts":"default","ast-page-background-enabled":"default","ast-page-background-meta":{"desktop":{"background-color":"","background-image":"","background-repeat":"repeat","background-position":"center center","background-size":"auto","background-attachment":"scroll","background-type":"","background-media":"","overlay-type":"","overlay-color":"","overlay-opacity":"","overlay-gradient":""},"tablet":{"background-color":"","background-image":"","background-repeat":"repeat","background-position":"center center","background-size":"auto","background-attachment":"scroll","background-type":"","background-media":"","overlay-type":"","overlay-color":"","overlay-opacity":"","overlay-gradient":""},"mobile":{"background-color":"","background-image":"","background-repeat":"repeat","background-position":"center center","background-size":"auto","background-attachment":"scroll","background-type":"","background-media":"","overlay-type":"","overlay-color":"","overlay-opacity":"","overlay-gradient":""}},"ast-content-background-meta":{"desktop":{"background-color":"var(--ast-global-color-5)","background-image":"","background-repeat":"repeat","background-position":"center center","background-size":"auto","background-attachment":"scroll","background-type":"","background-media":"","overlay-type":"","overlay-color":"","overlay-opacity":"","overlay-gradient":""},"tablet":{"background-color":"var(--ast-global-color-5)","background-image":"","background-repeat":"repeat","background-position":"center center","background-size":"auto","background-attachment":"scroll","background-type":"","background-media":"","overlay-type":"","overlay-color":"","overlay-opacity":"","overlay-gradient":""},"mobile":{"background-color":"var(--ast-global-color-5)","background-image":"","background-repeat":"repeat","background-position":"center center","background-size":"auto","background-attachment":"scroll","background-type":"","background-media":"","overlay-type":"","overlay-color":"","overlay-opacity":"","overlay-gradient":""}},"footnotes":""},"class_list":["post-3589","page","type-page","status-publish","hentry"],"yoast_head":"<!-- This site is optimized with the Yoast SEO plugin v27.0 - https:\/\/yoast.com\/product\/yoast-seo-wordpress\/ -->\n<title>Acerca de BoxWall - Soluciones innovadoras para la protecci\u00f3n temporal contra inundaciones<\/title>\n<meta name=\"description\" content=\"Acerca de BoxWall - Nos especializamos en soluciones innovadoras para la protecci\u00f3n temporal contra inundaciones, construcci\u00f3n en agua y proyectos de almacenamiento de l\u00edquidos.\" \/>\n<meta name=\"robots\" content=\"index, follow, max-snippet:-1, max-image-preview:large, max-video-preview:-1\" \/>\n<link rel=\"canonical\" href=\"https:\/\/boxwall.com\/es\/acerca-de-nosotros\/\" \/>\n<meta property=\"og:locale\" content=\"es_ES\" \/>\n<meta property=\"og:type\" content=\"article\" \/>\n<meta property=\"og:title\" content=\"Acerca de BoxWall - Soluciones innovadoras para la protecci\u00f3n temporal contra inundaciones\" \/>\n<meta property=\"og:description\" content=\"Acerca de BoxWall - Nos especializamos en soluciones innovadoras para la protecci\u00f3n temporal contra inundaciones, construcci\u00f3n en agua y proyectos de almacenamiento de l\u00edquidos.\" \/>\n<meta property=\"og:url\" content=\"https:\/\/boxwall.com\/es\/acerca-de-nosotros\/\" \/>\n<meta property=\"og:site_name\" content=\"EasyWall Flood Barrier\" \/>\n<meta property=\"article:modified_time\" content=\"2025-03-21T14:37:02+00:00\" \/>\n<meta property=\"og:image\" content=\"https:\/\/boxwall.com\/wp-content\/uploads\/2025\/03\/image0-1.webp\" \/>\n\t<meta property=\"og:image:width\" content=\"640\" \/>\n\t<meta property=\"og:image:height\" content=\"480\" \/>\n\t<meta property=\"og:image:type\" content=\"image\/webp\" \/>\n<meta name=\"twitter:card\" content=\"summary_large_image\" \/>\n<meta name=\"twitter:label1\" content=\"Tiempo de lectura\" \/>\n\t<meta name=\"twitter:data1\" content=\"1 minuto\" \/>\n<script type=\"application\/ld+json\" class=\"yoast-schema-graph\">{\"@context\":\"https:\/\/schema.org\",\"@graph\":[{\"@type\":\"WebPage\",\"@id\":\"https:\/\/boxwall.com\/es\/acerca-de-nosotros\/\",\"url\":\"https:\/\/boxwall.com\/es\/acerca-de-nosotros\/\",\"name\":\"Acerca de BoxWall - Soluciones innovadoras para la protecci\u00f3n temporal contra inundaciones\",\"isPartOf\":{\"@id\":\"https:\/\/boxwall.com\/es\/#website\"},\"primaryImageOfPage\":{\"@id\":\"https:\/\/boxwall.com\/es\/acerca-de-nosotros\/#primaryimage\"},\"image\":{\"@id\":\"https:\/\/boxwall.com\/es\/acerca-de-nosotros\/#primaryimage\"},\"thumbnailUrl\":\"https:\/\/boxwall.com\/wp-content\/uploads\/2025\/03\/image0-1.webp\",\"datePublished\":\"2024-08-24T05:43:04+00:00\",\"dateModified\":\"2025-03-21T14:37:02+00:00\",\"description\":\"Acerca de BoxWall - Nos especializamos en soluciones innovadoras para la protecci\u00f3n temporal contra inundaciones, construcci\u00f3n en agua y proyectos de almacenamiento de l\u00edquidos.\",\"breadcrumb\":{\"@id\":\"https:\/\/boxwall.com\/es\/acerca-de-nosotros\/#breadcrumb\"},\"inLanguage\":\"es\",\"potentialAction\":[{\"@type\":\"ReadAction\",\"target\":[\"https:\/\/boxwall.com\/es\/acerca-de-nosotros\/\"]}]},{\"@type\":\"ImageObject\",\"inLanguage\":\"es\",\"@id\":\"https:\/\/boxwall.com\/es\/acerca-de-nosotros\/#primaryimage\",\"url\":\"https:\/\/boxwall.com\/wp-content\/uploads\/2025\/03\/image0-1.webp\",\"contentUrl\":\"https:\/\/boxwall.com\/wp-content\/uploads\/2025\/03\/image0-1.webp\"},{\"@type\":\"BreadcrumbList\",\"@id\":\"https:\/\/boxwall.com\/es\/acerca-de-nosotros\/#breadcrumb\",\"itemListElement\":[{\"@type\":\"ListItem\",\"position\":1,\"name\":\"Inicio\",\"item\":\"https:\/\/boxwall.com\/es\/inicio\/\"},{\"@type\":\"ListItem\",\"position\":2,\"name\":\"Acerca de Nosotros\"}]},{\"@type\":\"WebSite\",\"@id\":\"https:\/\/boxwall.com\/es\/#website\",\"url\":\"https:\/\/boxwall.com\/es\/\",\"name\":\"EasyWall Flood Barrier\",\"description\":\"By Environment Solutions\",\"publisher\":{\"@id\":\"https:\/\/boxwall.com\/es\/#organization\"},\"potentialAction\":[{\"@type\":\"SearchAction\",\"target\":{\"@type\":\"EntryPoint\",\"urlTemplate\":\"https:\/\/boxwall.com\/es\/?s={search_term_string}\"},\"query-input\":{\"@type\":\"PropertyValueSpecification\",\"valueRequired\":true,\"valueName\":\"search_term_string\"}}],\"inLanguage\":\"es\"},{\"@type\":\"Organization\",\"@id\":\"https:\/\/boxwall.com\/es\/#organization\",\"name\":\"EasyWall Flood Barrier\",\"url\":\"https:\/\/boxwall.com\/es\/\",\"logo\":{\"@type\":\"ImageObject\",\"inLanguage\":\"es\",\"@id\":\"https:\/\/boxwall.com\/es\/#\/schema\/logo\/image\/\",\"url\":\"https:\/\/boxwall.com\/wp-content\/uploads\/2025\/04\/NoFloods-by-ES-New-TM-1.webp\",\"contentUrl\":\"https:\/\/boxwall.com\/wp-content\/uploads\/2025\/04\/NoFloods-by-ES-New-TM-1.webp\",\"width\":338,\"height\":70,\"caption\":\"EasyWall Flood Barrier\"},\"image\":{\"@id\":\"https:\/\/boxwall.com\/es\/#\/schema\/logo\/image\/\"}}]}<\/script>\n<!-- \/ Yoast SEO plugin. -->","yoast_head_json":{"title":"Acerca de BoxWall - Soluciones innovadoras para la protecci\u00f3n temporal contra inundaciones","description":"Acerca de BoxWall - Nos especializamos en soluciones innovadoras para la protecci\u00f3n temporal contra inundaciones, construcci\u00f3n en agua y proyectos de almacenamiento de l\u00edquidos.","robots":{"index":"index","follow":"follow","max-snippet":"max-snippet:-1","max-image-preview":"max-image-preview:large","max-video-preview":"max-video-preview:-1"},"canonical":"https:\/\/boxwall.com\/es\/acerca-de-nosotros\/","og_locale":"es_ES","og_type":"article","og_title":"Acerca de BoxWall - Soluciones innovadoras para la protecci\u00f3n temporal contra inundaciones","og_description":"Acerca de BoxWall - Nos especializamos en soluciones innovadoras para la protecci\u00f3n temporal contra inundaciones, construcci\u00f3n en agua y proyectos de almacenamiento de l\u00edquidos.","og_url":"https:\/\/boxwall.com\/es\/acerca-de-nosotros\/","og_site_name":"EasyWall Flood Barrier","article_modified_time":"2025-03-21T14:37:02+00:00","og_image":[{"width":640,"height":480,"url":"https:\/\/boxwall.com\/wp-content\/uploads\/2025\/03\/image0-1.webp","type":"image\/webp"}],"twitter_card":"summary_large_image","twitter_misc":{"Tiempo de lectura":"1 minuto"},"schema":{"@context":"https:\/\/schema.org","@graph":[{"@type":"WebPage","@id":"https:\/\/boxwall.com\/es\/acerca-de-nosotros\/","url":"https:\/\/boxwall.com\/es\/acerca-de-nosotros\/","name":"Acerca de BoxWall - Soluciones innovadoras para la protecci\u00f3n temporal contra inundaciones","isPartOf":{"@id":"https:\/\/boxwall.com\/es\/#website"},"primaryImageOfPage":{"@id":"https:\/\/boxwall.com\/es\/acerca-de-nosotros\/#primaryimage"},"image":{"@id":"https:\/\/boxwall.com\/es\/acerca-de-nosotros\/#primaryimage"},"thumbnailUrl":"https:\/\/boxwall.com\/wp-content\/uploads\/2025\/03\/image0-1.webp","datePublished":"2024-08-24T05:43:04+00:00","dateModified":"2025-03-21T14:37:02+00:00","description":"Acerca de BoxWall - Nos especializamos en soluciones innovadoras para la protecci\u00f3n temporal contra inundaciones, construcci\u00f3n en agua y proyectos de almacenamiento de l\u00edquidos.","breadcrumb":{"@id":"https:\/\/boxwall.com\/es\/acerca-de-nosotros\/#breadcrumb"},"inLanguage":"es","potentialAction":[{"@type":"ReadAction","target":["https:\/\/boxwall.com\/es\/acerca-de-nosotros\/"]}]},{"@type":"ImageObject","inLanguage":"es","@id":"https:\/\/boxwall.com\/es\/acerca-de-nosotros\/#primaryimage","url":"https:\/\/boxwall.com\/wp-content\/uploads\/2025\/03\/image0-1.webp","contentUrl":"https:\/\/boxwall.com\/wp-content\/uploads\/2025\/03\/image0-1.webp"},{"@type":"BreadcrumbList","@id":"https:\/\/boxwall.com\/es\/acerca-de-nosotros\/#breadcrumb","itemListElement":[{"@type":"ListItem","position":1,"name":"Inicio","item":"https:\/\/boxwall.com\/es\/inicio\/"},{"@type":"ListItem","position":2,"name":"Acerca de Nosotros"}]},{"@type":"WebSite","@id":"https:\/\/boxwall.com\/es\/#website","url":"https:\/\/boxwall.com\/es\/","name":"EasyWall Flood Barrier","description":"By Environment Solutions","publisher":{"@id":"https:\/\/boxwall.com\/es\/#organization"},"potentialAction":[{"@type":"SearchAction","target":{"@type":"EntryPoint","urlTemplate":"https:\/\/boxwall.com\/es\/?s={search_term_string}"},"query-input":{"@type":"PropertyValueSpecification","valueRequired":true,"valueName":"search_term_string"}}],"inLanguage":"es"},{"@type":"Organization","@id":"https:\/\/boxwall.com\/es\/#organization","name":"EasyWall Flood Barrier","url":"https:\/\/boxwall.com\/es\/","logo":{"@type":"ImageObject","inLanguage":"es","@id":"https:\/\/boxwall.com\/es\/#\/schema\/logo\/image\/","url":"https:\/\/boxwall.com\/wp-content\/uploads\/2025\/04\/NoFloods-by-ES-New-TM-1.webp","contentUrl":"https:\/\/boxwall.com\/wp-content\/uploads\/2025\/04\/NoFloods-by-ES-New-TM-1.webp","width":338,"height":70,"caption":"EasyWall Flood Barrier"},"image":{"@id":"https:\/\/boxwall.com\/es\/#\/schema\/logo\/image\/"}}]}},"_links":{"self":[{"href":"https:\/\/boxwall.com\/es\/wp-json\/wp\/v2\/pages\/3589","targetHints":{"allow":["GET"]}}],"collection":[{"href":"https:\/\/boxwall.com\/es\/wp-json\/wp\/v2\/pages"}],"about":[{"href":"https:\/\/boxwall.com\/es\/wp-json\/wp\/v2\/types\/page"}],"author":[{"embeddable":true,"href":"https:\/\/boxwall.com\/es\/wp-json\/wp\/v2\/users\/3"}],"replies":[{"embeddable":true,"href":"https:\/\/boxwall.com\/es\/wp-json\/wp\/v2\/comments?post=3589"}],"version-history":[{"count":2,"href":"https:\/\/boxwall.com\/es\/wp-json\/wp\/v2\/pages\/3589\/revisions"}],"predecessor-version":[{"id":4225,"href":"https:\/\/boxwall.com\/es\/wp-json\/wp\/v2\/pages\/3589\/revisions\/4225"}],"wp:attachment":[{"href":"https:\/\/boxwall.com\/es\/wp-json\/wp\/v2\/media?parent=3589"}],"curies":[{"name":"wp","href":"https:\/\/api.w.org\/{rel}","templated":true}]}}