{"id":3226,"date":"2024-09-24T13:36:47","date_gmt":"2024-09-24T13:36:47","guid":{"rendered":"https:\/\/boxwall.com\/reservar-una-cita\/"},"modified":"2024-12-27T17:21:10","modified_gmt":"2024-12-27T17:21:10","slug":"reservar-una-cita","status":"publish","type":"page","link":"https:\/\/boxwall.com\/es\/reservar-una-cita\/","title":{"rendered":"Reservar una Cita"},"content":{"rendered":"\t\t<div data-elementor-type=\"wp-page\" data-elementor-id=\"3226\" class=\"elementor elementor-3226 elementor-2143\">\n\t\t\t\t<div class=\"elementor-element elementor-element-72e288c7 e-flex e-con-boxed e-con e-parent\" data-id=\"72e288c7\" data-element_type=\"container\" data-e-type=\"container\" data-settings=\"{&quot;background_background&quot;:&quot;classic&quot;}\">\n\t\t\t\t\t<div class=\"e-con-inner\">\n\t\t<div class=\"elementor-element elementor-element-26fcb042 e-con-full e-flex e-con e-child\" data-id=\"26fcb042\" data-element_type=\"container\" data-e-type=\"container\">\n\t\t\t\t<div class=\"elementor-element elementor-element-44468c7f elementor-widget elementor-widget-heading\" data-id=\"44468c7f\" data-element_type=\"widget\" data-e-type=\"widget\" data-widget_type=\"heading.default\">\n\t\t\t\t<div class=\"elementor-widget-container\">\n\t\t\t\t\t<h1 class=\"elementor-heading-title elementor-size-default\">reserva de cita<\/h1>\t\t\t\t<\/div>\n\t\t\t\t<\/div>\n\t\t\t\t<div class=\"elementor-element elementor-element-3d687ca7 elementor-widget elementor-widget-text-editor\" data-id=\"3d687ca7\" data-element_type=\"widget\" data-e-type=\"widget\" data-widget_type=\"text-editor.default\">\n\t\t\t\t<div class=\"elementor-widget-container\">\n\t\t\t\t\t\t\t\t\t<p>Programar sus citas sin esfuerzo con nuestro sistema de reservas f\u00e1cil de usar.<br \/>\nR\u00e1pido, conveniente y disponible las 24 horas del d\u00eda, los 7 d\u00edas de la semana <\/p>\n\t\t\t\t\t\t\t\t<\/div>\n\t\t\t\t<\/div>\n\t\t\t\t<\/div>\n\t\t\t\t\t<\/div>\n\t\t\t\t<\/div>\n\t\t<div class=\"elementor-element elementor-element-1c6dc4d6 e-flex e-con-boxed e-con e-parent\" data-id=\"1c6dc4d6\" data-element_type=\"container\" data-e-type=\"container\" data-settings=\"{&quot;background_background&quot;:&quot;classic&quot;}\">\n\t\t\t\t\t<div class=\"e-con-inner\">\n\t\t<div class=\"elementor-element elementor-element-5db6147f e-con-full e-flex e-con e-child\" data-id=\"5db6147f\" data-element_type=\"container\" data-e-type=\"container\">\n\t\t\t\t<div class=\"elementor-element elementor-element-2ed96eee elementor-widget elementor-widget-heading\" data-id=\"2ed96eee\" data-element_type=\"widget\" data-e-type=\"widget\" data-widget_type=\"heading.default\">\n\t\t\t\t<div class=\"elementor-widget-container\">\n\t\t\t\t\t<h2 class=\"elementor-heading-title elementor-size-default\">ESTAMOS AQU\u00cd PARA AYUDAR<\/h2>\t\t\t\t<\/div>\n\t\t\t\t<\/div>\n\t\t\t\t<div class=\"elementor-element elementor-element-76e8db10 elementor-widget elementor-widget-text-editor\" data-id=\"76e8db10\" data-element_type=\"widget\" data-e-type=\"widget\" data-widget_type=\"text-editor.default\">\n\t\t\t\t<div class=\"elementor-widget-container\">\n\t\t\t\t\t\t\t\t\t<p>Ya sea que est\u00e9 buscando asesoramiento experto sobre soluciones de protecci\u00f3n contra inundaciones o gu\u00eda para su proyecto de construcci\u00f3n, nuestro equipo est\u00e1 aqu\u00ed para ayudar. Con a\u00f1os de experiencia, ofrecemos recomendaciones personalizadas para satisfacer sus necesidades espec\u00edficas. Simplemente reserve una consulta con uno de nuestros especialistas y perm\u00edtanos guiarle a trav\u00e9s del proceso, desde la selecci\u00f3n del equipo adecuado hasta la optimizaci\u00f3n de sus planes de proyecto. \u00bfListo para comenzar? \u00a1Elija su \u00e1rea de inter\u00e9s a continuaci\u00f3n y programe una consulta hoy mismo!    <\/p>\n\t\t\t\t\t\t\t\t<\/div>\n\t\t\t\t<\/div>\n\t\t\t\t<div class=\"elementor-element elementor-element-c96f209 elementor-widget elementor-widget-button\" data-id=\"c96f209\" data-element_type=\"widget\" data-e-type=\"widget\" data-widget_type=\"button.default\">\n\t\t\t\t<div class=\"elementor-widget-container\">\n\t\t\t\t\t\t\t\t\t<div class=\"elementor-button-wrapper\">\n\t\t\t\t\t<a class=\"elementor-button elementor-button-link elementor-size-sm\" href=\"#book\">\n\t\t\t\t\t\t<span class=\"elementor-button-content-wrapper\">\n\t\t\t\t\t\t<span class=\"elementor-button-icon\">\n\t\t\t\t<svg aria-hidden=\"true\" class=\"e-font-icon-svg e-fas-long-arrow-alt-right\" viewBox=\"0 0 448 512\" xmlns=\"http:\/\/www.w3.org\/2000\/svg\"><path d=\"M313.941 216H12c-6.627 0-12 5.373-12 12v56c0 6.627 5.373 12 12 12h301.941v46.059c0 21.382 25.851 32.09 40.971 16.971l86.059-86.059c9.373-9.373 9.373-24.569 0-33.941l-86.059-86.059c-15.119-15.119-40.971-4.411-40.971 16.971V216z\"><\/path><\/svg>\t\t\t<\/span>\n\t\t\t\t\t\t\t\t\t<span class=\"elementor-button-text\">Programar una consulta<\/span>\n\t\t\t\t\t<\/span>\n\t\t\t\t\t<\/a>\n\t\t\t\t<\/div>\n\t\t\t\t\t\t\t\t<\/div>\n\t\t\t\t<\/div>\n\t\t\t\t<\/div>\n\t\t\t\t\t<\/div>\n\t\t\t\t<\/div>\n\t\t<div class=\"elementor-element elementor-element-898e4bb e-flex e-con-boxed e-con e-parent\" data-id=\"898e4bb\" data-element_type=\"container\" data-e-type=\"container\" id=\"book\" data-settings=\"{&quot;background_background&quot;:&quot;classic&quot;}\">\n\t\t\t\t\t<div class=\"e-con-inner\">\n\t\t\t\t<div class=\"elementor-element elementor-element-828e5e6 elementor-widget elementor-widget-heading\" data-id=\"828e5e6\" data-element_type=\"widget\" data-e-type=\"widget\" data-widget_type=\"heading.default\">\n\t\t\t\t<div class=\"elementor-widget-container\">\n\t\t\t\t\t<h2 class=\"elementor-heading-title elementor-size-default\">CITAS DISPONIBLES PARA RESERVAR<\/h2>\t\t\t\t<\/div>\n\t\t\t\t<\/div>\n\t\t\t\t<div class=\"elementor-element elementor-element-a97e99b elementor-widget elementor-widget-catalogbooking\" data-id=\"a97e99b\" data-element_type=\"widget\" data-e-type=\"widget\" data-widget_type=\"catalogbooking.default\">\n\t\t\t\t<div class=\"elementor-widget-container\">\n\t\t\t\t\t\n<script>\n  if (typeof hasAmeliaEntitiesApiCall === 'undefined' && ('' === '' && '' !== '1')) {\n    var hasAmeliaEntitiesApiCall = true;\n  }\n  var ameliaShortcodeData = (typeof ameliaShortcodeData === 'undefined') ? [] : ameliaShortcodeData;\n  ameliaShortcodeData.push(\n    {\n      'hasApiCall': (typeof hasAmeliaEntitiesApiCall !== 'undefined') && hasAmeliaEntitiesApiCall,\n      'trigger': '',\n      'trigger_type': '',\n      'triggered_form': 'cbf',\n      'in_dialog': '',\n      'show': '',\n      'counter': '1000',\n      'package': '',\n      'category': '',\n      'service': '',\n      'employee': '',\n      'location': '',\n      'categories_hidden': ''\n    }\n  );\n  var ameliaShortcodeDataTriggered = (typeof ameliaShortcodeDataTriggered === 'undefined') ? [] : ameliaShortcodeDataTriggered;\n  if (ameliaShortcodeData[ameliaShortcodeData.length - 1].trigger !== '') {\n    if (ameliaShortcodeDataTriggered.filter(a => a.counter === ameliaShortcodeData[ameliaShortcodeData.length - 1].counter).length === 0) {\n      ameliaShortcodeDataTriggered.push(ameliaShortcodeData.pop());\n    } else {\n      ameliaShortcodeData.pop()\n    }\n  }\n  if (typeof hasAmeliaEntitiesApiCall !== 'undefined' && hasAmeliaEntitiesApiCall) {\n    hasAmeliaEntitiesApiCall = false;\n  }\n<\/script>\n\n<div\n  id=\"amelia-v2-booking-1000\"\n  class=\"amelia-v2-booking\"\n>\n    <catalog-form-wrapper><\/catalog-form-wrapper><\/div>\n\t\t\t\t<\/div>\n\t\t\t\t<\/div>\n\t\t\t\t\t<\/div>\n\t\t\t\t<\/div>\n\t\t\t\t<\/div>\n\t\t","protected":false},"excerpt":{"rendered":"<p>reserva de cita Programar sus citas sin esfuerzo con nuestro sistema de reservas f\u00e1cil de usar. R\u00e1pido, conveniente y disponible [&hellip;]<\/p>\n","protected":false},"author":3,"featured_media":0,"parent":0,"menu_order":0,"comment_status":"closed","ping_status":"closed","template":"elementor_header_footer","meta":{"site-sidebar-layout":"no-sidebar","site-content-layout":"page-builder","ast-site-content-layout":"full-width-container","site-content-style":"default","site-sidebar-style":"default","ast-global-header-display":"","ast-banner-title-visibility":"","ast-main-header-display":"","ast-hfb-above-header-display":"","ast-hfb-below-header-display":"","ast-hfb-mobile-header-display":"","site-post-title":"disabled","ast-breadcrumbs-content":"","ast-featured-img":"disabled","footer-sml-layout":"","ast-disable-related-posts":"","theme-transparent-header-meta":"enabled","adv-header-id-meta":"","stick-header-meta":"","header-above-stick-meta":"","header-main-stick-meta":"","header-below-stick-meta":"","astra-migrate-meta-layouts":"default","ast-page-background-enabled":"default","ast-page-background-meta":{"desktop":{"background-color":"","background-image":"","background-repeat":"repeat","background-position":"center center","background-size":"auto","background-attachment":"scroll","background-type":"","background-media":"","overlay-type":"","overlay-color":"","overlay-opacity":"","overlay-gradient":""},"tablet":{"background-color":"","background-image":"","background-repeat":"repeat","background-position":"center center","background-size":"auto","background-attachment":"scroll","background-type":"","background-media":"","overlay-type":"","overlay-color":"","overlay-opacity":"","overlay-gradient":""},"mobile":{"background-color":"","background-image":"","background-repeat":"repeat","background-position":"center center","background-size":"auto","background-attachment":"scroll","background-type":"","background-media":"","overlay-type":"","overlay-color":"","overlay-opacity":"","overlay-gradient":""}},"ast-content-background-meta":{"desktop":{"background-color":"var(--ast-global-color-5)","background-image":"","background-repeat":"repeat","background-position":"center center","background-size":"auto","background-attachment":"scroll","background-type":"","background-media":"","overlay-type":"","overlay-color":"","overlay-opacity":"","overlay-gradient":""},"tablet":{"background-color":"var(--ast-global-color-5)","background-image":"","background-repeat":"repeat","background-position":"center center","background-size":"auto","background-attachment":"scroll","background-type":"","background-media":"","overlay-type":"","overlay-color":"","overlay-opacity":"","overlay-gradient":""},"mobile":{"background-color":"var(--ast-global-color-5)","background-image":"","background-repeat":"repeat","background-position":"center center","background-size":"auto","background-attachment":"scroll","background-type":"","background-media":"","overlay-type":"","overlay-color":"","overlay-opacity":"","overlay-gradient":""}},"footnotes":""},"class_list":["post-3226","page","type-page","status-publish","hentry"],"yoast_head":"<!-- This site is optimized with the Yoast SEO plugin v27.0 - https:\/\/yoast.com\/product\/yoast-seo-wordpress\/ -->\n<title>Reservar una Cita - EasyWall Flood Barrier<\/title>\n<meta name=\"robots\" content=\"index, follow, max-snippet:-1, max-image-preview:large, max-video-preview:-1\" \/>\n<link rel=\"canonical\" href=\"https:\/\/boxwall.com\/es\/reservar-una-cita\/\" \/>\n<meta property=\"og:locale\" content=\"es_ES\" \/>\n<meta property=\"og:type\" content=\"article\" \/>\n<meta property=\"og:title\" content=\"Reservar una Cita - EasyWall Flood Barrier\" \/>\n<meta property=\"og:description\" content=\"reserva de cita Programar sus citas sin esfuerzo con nuestro sistema de reservas f\u00e1cil de usar. R\u00e1pido, conveniente y disponible [&hellip;]\" \/>\n<meta property=\"og:url\" content=\"https:\/\/boxwall.com\/es\/reservar-una-cita\/\" \/>\n<meta property=\"og:site_name\" content=\"EasyWall Flood Barrier\" \/>\n<meta property=\"article:modified_time\" content=\"2024-12-27T17:21:10+00:00\" \/>\n<meta name=\"twitter:card\" content=\"summary_large_image\" \/>\n<meta name=\"twitter:label1\" content=\"Tiempo de lectura\" \/>\n\t<meta name=\"twitter:data1\" content=\"1 minuto\" \/>\n<script type=\"application\/ld+json\" class=\"yoast-schema-graph\">{\"@context\":\"https:\/\/schema.org\",\"@graph\":[{\"@type\":\"WebPage\",\"@id\":\"https:\/\/boxwall.com\/es\/reservar-una-cita\/\",\"url\":\"https:\/\/boxwall.com\/es\/reservar-una-cita\/\",\"name\":\"Reservar una Cita - EasyWall Flood Barrier\",\"isPartOf\":{\"@id\":\"https:\/\/boxwall.com\/es\/#website\"},\"datePublished\":\"2024-09-24T13:36:47+00:00\",\"dateModified\":\"2024-12-27T17:21:10+00:00\",\"breadcrumb\":{\"@id\":\"https:\/\/boxwall.com\/es\/reservar-una-cita\/#breadcrumb\"},\"inLanguage\":\"es\",\"potentialAction\":[{\"@type\":\"ReadAction\",\"target\":[\"https:\/\/boxwall.com\/es\/reservar-una-cita\/\"]}]},{\"@type\":\"BreadcrumbList\",\"@id\":\"https:\/\/boxwall.com\/es\/reservar-una-cita\/#breadcrumb\",\"itemListElement\":[{\"@type\":\"ListItem\",\"position\":1,\"name\":\"Inicio\",\"item\":\"https:\/\/boxwall.com\/es\/inicio\/\"},{\"@type\":\"ListItem\",\"position\":2,\"name\":\"Reservar una Cita\"}]},{\"@type\":\"WebSite\",\"@id\":\"https:\/\/boxwall.com\/es\/#website\",\"url\":\"https:\/\/boxwall.com\/es\/\",\"name\":\"EasyWall Flood Barrier\",\"description\":\"By Environment Solutions\",\"publisher\":{\"@id\":\"https:\/\/boxwall.com\/es\/#organization\"},\"potentialAction\":[{\"@type\":\"SearchAction\",\"target\":{\"@type\":\"EntryPoint\",\"urlTemplate\":\"https:\/\/boxwall.com\/es\/?s={search_term_string}\"},\"query-input\":{\"@type\":\"PropertyValueSpecification\",\"valueRequired\":true,\"valueName\":\"search_term_string\"}}],\"inLanguage\":\"es\"},{\"@type\":\"Organization\",\"@id\":\"https:\/\/boxwall.com\/es\/#organization\",\"name\":\"EasyWall Flood Barrier\",\"url\":\"https:\/\/boxwall.com\/es\/\",\"logo\":{\"@type\":\"ImageObject\",\"inLanguage\":\"es\",\"@id\":\"https:\/\/boxwall.com\/es\/#\/schema\/logo\/image\/\",\"url\":\"https:\/\/boxwall.com\/wp-content\/uploads\/2025\/04\/NoFloods-by-ES-New-TM-1.webp\",\"contentUrl\":\"https:\/\/boxwall.com\/wp-content\/uploads\/2025\/04\/NoFloods-by-ES-New-TM-1.webp\",\"width\":338,\"height\":70,\"caption\":\"EasyWall Flood Barrier\"},\"image\":{\"@id\":\"https:\/\/boxwall.com\/es\/#\/schema\/logo\/image\/\"}}]}<\/script>\n<!-- \/ Yoast SEO plugin. -->","yoast_head_json":{"title":"Reservar una Cita - EasyWall Flood Barrier","robots":{"index":"index","follow":"follow","max-snippet":"max-snippet:-1","max-image-preview":"max-image-preview:large","max-video-preview":"max-video-preview:-1"},"canonical":"https:\/\/boxwall.com\/es\/reservar-una-cita\/","og_locale":"es_ES","og_type":"article","og_title":"Reservar una Cita - EasyWall Flood Barrier","og_description":"reserva de cita Programar sus citas sin esfuerzo con nuestro sistema de reservas f\u00e1cil de usar. R\u00e1pido, conveniente y disponible [&hellip;]","og_url":"https:\/\/boxwall.com\/es\/reservar-una-cita\/","og_site_name":"EasyWall Flood Barrier","article_modified_time":"2024-12-27T17:21:10+00:00","twitter_card":"summary_large_image","twitter_misc":{"Tiempo de lectura":"1 minuto"},"schema":{"@context":"https:\/\/schema.org","@graph":[{"@type":"WebPage","@id":"https:\/\/boxwall.com\/es\/reservar-una-cita\/","url":"https:\/\/boxwall.com\/es\/reservar-una-cita\/","name":"Reservar una Cita - EasyWall Flood Barrier","isPartOf":{"@id":"https:\/\/boxwall.com\/es\/#website"},"datePublished":"2024-09-24T13:36:47+00:00","dateModified":"2024-12-27T17:21:10+00:00","breadcrumb":{"@id":"https:\/\/boxwall.com\/es\/reservar-una-cita\/#breadcrumb"},"inLanguage":"es","potentialAction":[{"@type":"ReadAction","target":["https:\/\/boxwall.com\/es\/reservar-una-cita\/"]}]},{"@type":"BreadcrumbList","@id":"https:\/\/boxwall.com\/es\/reservar-una-cita\/#breadcrumb","itemListElement":[{"@type":"ListItem","position":1,"name":"Inicio","item":"https:\/\/boxwall.com\/es\/inicio\/"},{"@type":"ListItem","position":2,"name":"Reservar una Cita"}]},{"@type":"WebSite","@id":"https:\/\/boxwall.com\/es\/#website","url":"https:\/\/boxwall.com\/es\/","name":"EasyWall Flood Barrier","description":"By Environment Solutions","publisher":{"@id":"https:\/\/boxwall.com\/es\/#organization"},"potentialAction":[{"@type":"SearchAction","target":{"@type":"EntryPoint","urlTemplate":"https:\/\/boxwall.com\/es\/?s={search_term_string}"},"query-input":{"@type":"PropertyValueSpecification","valueRequired":true,"valueName":"search_term_string"}}],"inLanguage":"es"},{"@type":"Organization","@id":"https:\/\/boxwall.com\/es\/#organization","name":"EasyWall Flood Barrier","url":"https:\/\/boxwall.com\/es\/","logo":{"@type":"ImageObject","inLanguage":"es","@id":"https:\/\/boxwall.com\/es\/#\/schema\/logo\/image\/","url":"https:\/\/boxwall.com\/wp-content\/uploads\/2025\/04\/NoFloods-by-ES-New-TM-1.webp","contentUrl":"https:\/\/boxwall.com\/wp-content\/uploads\/2025\/04\/NoFloods-by-ES-New-TM-1.webp","width":338,"height":70,"caption":"EasyWall Flood Barrier"},"image":{"@id":"https:\/\/boxwall.com\/es\/#\/schema\/logo\/image\/"}}]}},"_links":{"self":[{"href":"https:\/\/boxwall.com\/es\/wp-json\/wp\/v2\/pages\/3226","targetHints":{"allow":["GET"]}}],"collection":[{"href":"https:\/\/boxwall.com\/es\/wp-json\/wp\/v2\/pages"}],"about":[{"href":"https:\/\/boxwall.com\/es\/wp-json\/wp\/v2\/types\/page"}],"author":[{"embeddable":true,"href":"https:\/\/boxwall.com\/es\/wp-json\/wp\/v2\/users\/3"}],"replies":[{"embeddable":true,"href":"https:\/\/boxwall.com\/es\/wp-json\/wp\/v2\/comments?post=3226"}],"version-history":[{"count":1,"href":"https:\/\/boxwall.com\/es\/wp-json\/wp\/v2\/pages\/3226\/revisions"}],"predecessor-version":[{"id":3229,"href":"https:\/\/boxwall.com\/es\/wp-json\/wp\/v2\/pages\/3226\/revisions\/3229"}],"wp:attachment":[{"href":"https:\/\/boxwall.com\/es\/wp-json\/wp\/v2\/media?parent=3226"}],"curies":[{"name":"wp","href":"https:\/\/api.w.org\/{rel}","templated":true}]}}