{"id":1850,"date":"2024-08-24T05:43:04","date_gmt":"2024-08-24T05:43:04","guid":{"rendered":"https:\/\/boxwall.com\/installationsvejledning\/"},"modified":"2025-04-16T15:05:33","modified_gmt":"2025-04-16T15:05:33","slug":"installation-guide","status":"publish","type":"page","link":"https:\/\/boxwall.com\/da\/installation-guide\/","title":{"rendered":"Installationsvejledning"},"content":{"rendered":"\t\t<div data-elementor-type=\"wp-page\" data-elementor-id=\"1850\" class=\"elementor elementor-1850 elementor-147\">\n\t\t\t\t<div class=\"elementor-element elementor-element-90f8eb1 e-flex e-con-boxed e-con e-parent\" data-id=\"90f8eb1\" data-element_type=\"container\" data-e-type=\"container\" data-settings=\"{&quot;background_background&quot;:&quot;video&quot;,&quot;background_video_link&quot;:&quot;https:\\\/\\\/boxwall.com\\\/wp-content\\\/uploads\\\/2025\\\/04\\\/Edited_with_sound-1.mp4&quot;,&quot;background_video_start&quot;:0,&quot;background_play_on_mobile&quot;:&quot;yes&quot;}\">\n\t\t\t\t\t<div class=\"e-con-inner\">\n\t\t<div class=\"elementor-background-video-container\">\n\t\t\t\t\t\t\t<video class=\"elementor-background-video-hosted\" role=\"presentation\" autoplay muted playsinline loop><\/video>\n\t\t\t\t\t<\/div><div class=\"elementor-element elementor-element-856adab e-con-full e-flex e-con e-child\" data-id=\"856adab\" data-element_type=\"container\" data-e-type=\"container\">\n\t\t\t\t<div class=\"elementor-element elementor-element-99936b1 elementor-widget elementor-widget-heading\" data-id=\"99936b1\" data-element_type=\"widget\" data-e-type=\"widget\" data-widget_type=\"heading.default\">\n\t\t\t\t<div class=\"elementor-widget-container\">\n\t\t\t\t\t<h1 class=\"elementor-heading-title elementor-size-default\">Installationsvejledning<\/h1>\t\t\t\t<\/div>\n\t\t\t\t<\/div>\n\t\t\t\t<div class=\"elementor-element elementor-element-324a8a5 elementor-widget__width-initial elementor-widget-tablet__width-inherit elementor-widget-mobile__width-inherit elementor-widget elementor-widget-text-editor\" data-id=\"324a8a5\" data-element_type=\"widget\" data-e-type=\"widget\" data-widget_type=\"text-editor.default\">\n\t\t\t\t<div class=\"elementor-widget-container\">\n\t\t\t\t\t\t\t\t\tInstallation af NoFloods EasyWall indeb\u00e6rer omhyggelig placering og samling af de modul\u00e6re enheder for at sikre p\u00e5lidelig og effektiv beskyttelse mod oversv\u00f8mmelser.\t\t\t\t\t\t\t\t<\/div>\n\t\t\t\t<\/div>\n\t\t\t\t<\/div>\n\t\t\t\t\t<\/div>\n\t\t\t\t<\/div>\n\t\t<div class=\"elementor-element elementor-element-913a746 e-con-full e-flex e-con e-parent\" data-id=\"913a746\" data-element_type=\"container\" data-e-type=\"container\">\n\t\t\t\t<div class=\"elementor-element elementor-element-4184985 elementor-widget elementor-widget-heading\" data-id=\"4184985\" data-element_type=\"widget\" data-e-type=\"widget\" data-widget_type=\"heading.default\">\n\t\t\t\t<div class=\"elementor-widget-container\">\n\t\t\t\t\t<h4 class=\"elementor-heading-title elementor-size-default\">Eksempel p\u00e5 l\u00e5semekanisme til barriere.<\/h4>\t\t\t\t<\/div>\n\t\t\t\t<\/div>\n\t\t\t\t<\/div>\n\t\t<div class=\"elementor-element elementor-element-719f4ed e-flex e-con-boxed e-con e-parent\" data-id=\"719f4ed\" data-element_type=\"container\" data-e-type=\"container\" data-settings=\"{&quot;background_background&quot;:&quot;classic&quot;}\">\n\t\t\t\t\t<div class=\"e-con-inner\">\n\t\t<div class=\"elementor-element elementor-element-3c8a6b2 e-con-full e-flex e-con e-child\" data-id=\"3c8a6b2\" data-element_type=\"container\" data-e-type=\"container\">\n\t\t\t\t<div class=\"elementor-element elementor-element-f74eb61 elementor-widget elementor-widget-heading\" data-id=\"f74eb61\" data-element_type=\"widget\" data-e-type=\"widget\" data-widget_type=\"heading.default\">\n\t\t\t\t<div class=\"elementor-widget-container\">\n\t\t\t\t\t<h2 class=\"elementor-heading-title elementor-size-default\">S\u00e5dan installeres EasyWall Barrier<\/h2>\t\t\t\t<\/div>\n\t\t\t\t<\/div>\n\t\t\t\t<div class=\"elementor-element elementor-element-819d67c elementor-widget elementor-widget-text-editor\" data-id=\"819d67c\" data-element_type=\"widget\" data-e-type=\"widget\" data-widget_type=\"text-editor.default\">\n\t\t\t\t<div class=\"elementor-widget-container\">\n\t\t\t\t\t\t\t\t\t<p>Hver barriere vejer ca. 3-13 kg, hvilket g\u00f8r det nemt at placere barriererne. L\u00e5semekanismen er nem og intuitiv, hvilket giver mulighed for hurtig installation. Efter installationen skal du altid inspicere barrieren grundigt for at sikre, at hvert modul sidder korrekt.  <\/p>\t\t\t\t\t\t\t\t<\/div>\n\t\t\t\t<\/div>\n\t\t<div class=\"elementor-element elementor-element-0676d34 e-flex e-con-boxed e-con e-child\" data-id=\"0676d34\" data-element_type=\"container\" data-e-type=\"container\">\n\t\t\t\t\t<div class=\"e-con-inner\">\n\t\t<div class=\"elementor-element elementor-element-de2d6e8 e-con-full e-flex e-con e-child\" data-id=\"de2d6e8\" data-element_type=\"container\" data-e-type=\"container\">\n\t\t\t\t<div class=\"elementor-element elementor-element-425ed33 elementor-widget-divider--view-line_text elementor-widget-divider--element-align-left elementor-widget elementor-widget-divider\" data-id=\"425ed33\" data-element_type=\"widget\" data-e-type=\"widget\" data-widget_type=\"divider.default\">\n\t\t\t\t<div class=\"elementor-widget-container\">\n\t\t\t\t\t\t\t<div class=\"elementor-divider\">\n\t\t\t<span class=\"elementor-divider-separator\">\n\t\t\t\t\t\t\t<span class=\"elementor-divider__text elementor-divider__element\">\n\t\t\t\t01.\t\t\t\t<\/span>\n\t\t\t\t\t\t<\/span>\n\t\t<\/div>\n\t\t\t\t\t\t<\/div>\n\t\t\t\t<\/div>\n\t\t\t\t<div class=\"elementor-element elementor-element-04e1b73 elementor-widget elementor-widget-heading\" data-id=\"04e1b73\" data-element_type=\"widget\" data-e-type=\"widget\" data-widget_type=\"heading.default\">\n\t\t\t\t<div class=\"elementor-widget-container\">\n\t\t\t\t\t<h4 class=\"elementor-heading-title elementor-size-default\">Orientering om barrierer<\/h4>\t\t\t\t<\/div>\n\t\t\t\t<\/div>\n\t\t\t\t<div class=\"elementor-element elementor-element-cede211 elementor-widget elementor-widget-text-editor\" data-id=\"cede211\" data-element_type=\"widget\" data-e-type=\"widget\" data-widget_type=\"text-editor.default\">\n\t\t\t\t<div class=\"elementor-widget-container\">\n\t\t\t\t\t\t\t\t\tHvert NoFloods EasyWall-modul har en defineret top og bund for at sikre korrekt ops\u00e6tning. Visuelle signaler som form, markeringer eller m\u00e6rkning hj\u00e6lper med at angive den lodrette position. Det er vigtigt at sikre korrekt orientering for at opn\u00e5 stabilitet og problemfri forbindelse med tilst\u00f8dende moduler.  \t\t\t\t\t\t\t\t<\/div>\n\t\t\t\t<\/div>\n\t\t\t\t<\/div>\n\t\t<div class=\"elementor-element elementor-element-98c696a e-con-full e-flex e-con e-child\" data-id=\"98c696a\" data-element_type=\"container\" data-e-type=\"container\">\n\t\t\t\t<div class=\"elementor-element elementor-element-6b8b6a7 elementor-widget-divider--view-line_text elementor-widget-divider--element-align-left elementor-widget elementor-widget-divider\" data-id=\"6b8b6a7\" data-element_type=\"widget\" data-e-type=\"widget\" data-widget_type=\"divider.default\">\n\t\t\t\t<div class=\"elementor-widget-container\">\n\t\t\t\t\t\t\t<div class=\"elementor-divider\">\n\t\t\t<span class=\"elementor-divider-separator\">\n\t\t\t\t\t\t\t<span class=\"elementor-divider__text elementor-divider__element\">\n\t\t\t\t02.\t\t\t\t<\/span>\n\t\t\t\t\t\t<\/span>\n\t\t<\/div>\n\t\t\t\t\t\t<\/div>\n\t\t\t\t<\/div>\n\t\t\t\t<div class=\"elementor-element elementor-element-1d35a3d elementor-widget elementor-widget-heading\" data-id=\"1d35a3d\" data-element_type=\"widget\" data-e-type=\"widget\" data-widget_type=\"heading.default\">\n\t\t\t\t<div class=\"elementor-widget-container\">\n\t\t\t\t\t<h4 class=\"elementor-heading-title elementor-size-default\">Tilslutning af enheder<\/h4>\t\t\t\t<\/div>\n\t\t\t\t<\/div>\n\t\t\t\t<div class=\"elementor-element elementor-element-e5c0692 elementor-widget elementor-widget-text-editor\" data-id=\"e5c0692\" data-element_type=\"widget\" data-e-type=\"widget\" data-widget_type=\"text-editor.default\">\n\t\t\t\t<div class=\"elementor-widget-container\">\n\t\t\t\t\t\t\t\t\tFor at forbinde moduler skal du begynde med at placere den f\u00f8rste EasyWall-enhed p\u00e5 plads. Vip den n\u00e6ste enhed lidt, juster de nederste stik, s\u00e6nk den derefter p\u00e5 plads, og fastg\u00f8r den \u00f8verste forbindelse. Selv om l\u00e5sedetaljerne kan variere en smule mellem modellerne, er den overordnede tilslutningsproces den samme.  \t\t\t\t\t\t\t\t<\/div>\n\t\t\t\t<\/div>\n\t\t\t\t<\/div>\n\t\t<div class=\"elementor-element elementor-element-f065185 e-con-full e-flex e-con e-child\" data-id=\"f065185\" data-element_type=\"container\" data-e-type=\"container\">\n\t\t\t\t<div class=\"elementor-element elementor-element-7293cba elementor-widget-divider--view-line_text elementor-widget-divider--element-align-left elementor-widget elementor-widget-divider\" data-id=\"7293cba\" data-element_type=\"widget\" data-e-type=\"widget\" data-widget_type=\"divider.default\">\n\t\t\t\t<div class=\"elementor-widget-container\">\n\t\t\t\t\t\t\t<div class=\"elementor-divider\">\n\t\t\t<span class=\"elementor-divider-separator\">\n\t\t\t\t\t\t\t<span class=\"elementor-divider__text elementor-divider__element\">\n\t\t\t\t03.\t\t\t\t<\/span>\n\t\t\t\t\t\t<\/span>\n\t\t<\/div>\n\t\t\t\t\t\t<\/div>\n\t\t\t\t<\/div>\n\t\t\t\t<div class=\"elementor-element elementor-element-b46d7a6 elementor-widget elementor-widget-heading\" data-id=\"b46d7a6\" data-element_type=\"widget\" data-e-type=\"widget\" data-widget_type=\"heading.default\">\n\t\t\t\t<div class=\"elementor-widget-container\">\n\t\t\t\t\t<h4 class=\"elementor-heading-title elementor-size-default\">Tilslutning og l\u00e5sning<\/h4>\t\t\t\t<\/div>\n\t\t\t\t<\/div>\n\t\t\t\t<div class=\"elementor-element elementor-element-08f9bf9 elementor-widget elementor-widget-text-editor\" data-id=\"08f9bf9\" data-element_type=\"widget\" data-e-type=\"widget\" data-widget_type=\"text-editor.default\">\n\t\t\t\t<div class=\"elementor-widget-container\">\n\t\t\t\t\t\t\t\t\tForts\u00e6t med at forbinde enhederne for at opn\u00e5 den \u00f8nskede l\u00e6ngde og konfiguration af barrieren. EasyWall-l\u00e5semekanismerne p\u00e5 NoFloods giver mulighed for nemme justeringer og sikrer en sikker og fleksibel ops\u00e6tning. Ved vendinger giver de indadg\u00e5ende og udadg\u00e5ende hj\u00f8rnemoduler en stabil og pr\u00e6cis l\u00f8sning, mens barrieren kan afsluttes p\u00e6nt med et slutmodul.  \t\t\t\t\t\t\t\t<\/div>\n\t\t\t\t<\/div>\n\t\t\t\t<\/div>\n\t\t<div class=\"elementor-element elementor-element-4a45c7e e-con-full e-flex e-con e-child\" data-id=\"4a45c7e\" data-element_type=\"container\" data-e-type=\"container\">\n\t\t\t\t<div class=\"elementor-element elementor-element-a8d29fd elementor-widget-divider--view-line_text elementor-widget-divider--element-align-left elementor-widget elementor-widget-divider\" data-id=\"a8d29fd\" data-element_type=\"widget\" data-e-type=\"widget\" data-widget_type=\"divider.default\">\n\t\t\t\t<div class=\"elementor-widget-container\">\n\t\t\t\t\t\t\t<div class=\"elementor-divider\">\n\t\t\t<span class=\"elementor-divider-separator\">\n\t\t\t\t\t\t\t<span class=\"elementor-divider__text elementor-divider__element\">\n\t\t\t\t04.\t\t\t\t<\/span>\n\t\t\t\t\t\t<\/span>\n\t\t<\/div>\n\t\t\t\t\t\t<\/div>\n\t\t\t\t<\/div>\n\t\t\t\t<div class=\"elementor-element elementor-element-f6c0b62 elementor-widget elementor-widget-heading\" data-id=\"f6c0b62\" data-element_type=\"widget\" data-e-type=\"widget\" data-widget_type=\"heading.default\">\n\t\t\t\t<div class=\"elementor-widget-container\">\n\t\t\t\t\t<h4 class=\"elementor-heading-title elementor-size-default\">Afmontering<\/h4>\t\t\t\t<\/div>\n\t\t\t\t<\/div>\n\t\t\t\t<div class=\"elementor-element elementor-element-8c197ba elementor-widget elementor-widget-text-editor\" data-id=\"8c197ba\" data-element_type=\"widget\" data-e-type=\"widget\" data-widget_type=\"text-editor.default\">\n\t\t\t\t<div class=\"elementor-widget-container\">\n\t\t\t\t\t\t\t\t\tFor at adskille NoFloods EasyWall skal du starte ved endeenheden. Afh\u00e6ngigt af modellen kan det v\u00e6re n\u00f8dvendigt at l\u00e5se den \u00f8verste forbindelse op f\u00f8rst. Derefter skal du blot l\u00f8fte og vippe hver enhed for at l\u00f8sne den fra den n\u00e6ste.  \t\t\t\t\t\t\t\t<\/div>\n\t\t\t\t<\/div>\n\t\t\t\t<\/div>\n\t\t\t\t\t<\/div>\n\t\t\t\t<\/div>\n\t\t\t\t<\/div>\n\t\t\t\t\t<\/div>\n\t\t\t\t<\/div>\n\t\t\t\t<\/div>\n\t\t","protected":false},"excerpt":{"rendered":"<p>Installationsvejledning Installation af NoFloods EasyWall indeb\u00e6rer omhyggelig placering og samling af de modul\u00e6re enheder for at sikre p\u00e5lidelig og effektiv [&hellip;]<\/p>\n","protected":false},"author":3,"featured_media":0,"parent":0,"menu_order":0,"comment_status":"closed","ping_status":"closed","template":"","meta":{"site-sidebar-layout":"no-sidebar","site-content-layout":"page-builder","ast-site-content-layout":"full-width-container","site-content-style":"unboxed","site-sidebar-style":"unboxed","ast-global-header-display":"","ast-banner-title-visibility":"","ast-main-header-display":"","ast-hfb-above-header-display":"","ast-hfb-below-header-display":"","ast-hfb-mobile-header-display":"","site-post-title":"disabled","ast-breadcrumbs-content":"","ast-featured-img":"disabled","footer-sml-layout":"","ast-disable-related-posts":"","theme-transparent-header-meta":"enabled","adv-header-id-meta":"","stick-header-meta":"","header-above-stick-meta":"","header-main-stick-meta":"","header-below-stick-meta":"","astra-migrate-meta-layouts":"default","ast-page-background-enabled":"default","ast-page-background-meta":{"desktop":{"background-color":"","background-image":"","background-repeat":"repeat","background-position":"center center","background-size":"auto","background-attachment":"scroll","background-type":"","background-media":"","overlay-type":"","overlay-color":"","overlay-opacity":"","overlay-gradient":""},"tablet":{"background-color":"","background-image":"","background-repeat":"repeat","background-position":"center center","background-size":"auto","background-attachment":"scroll","background-type":"","background-media":"","overlay-type":"","overlay-color":"","overlay-opacity":"","overlay-gradient":""},"mobile":{"background-color":"","background-image":"","background-repeat":"repeat","background-position":"center center","background-size":"auto","background-attachment":"scroll","background-type":"","background-media":"","overlay-type":"","overlay-color":"","overlay-opacity":"","overlay-gradient":""}},"ast-content-background-meta":{"desktop":{"background-color":"var(--ast-global-color-5)","background-image":"","background-repeat":"repeat","background-position":"center center","background-size":"auto","background-attachment":"scroll","background-type":"","background-media":"","overlay-type":"","overlay-color":"","overlay-opacity":"","overlay-gradient":""},"tablet":{"background-color":"var(--ast-global-color-5)","background-image":"","background-repeat":"repeat","background-position":"center center","background-size":"auto","background-attachment":"scroll","background-type":"","background-media":"","overlay-type":"","overlay-color":"","overlay-opacity":"","overlay-gradient":""},"mobile":{"background-color":"var(--ast-global-color-5)","background-image":"","background-repeat":"repeat","background-position":"center center","background-size":"auto","background-attachment":"scroll","background-type":"","background-media":"","overlay-type":"","overlay-color":"","overlay-opacity":"","overlay-gradient":""}},"footnotes":""},"class_list":["post-1850","page","type-page","status-publish","hentry"],"yoast_head":"<!-- This site is optimized with the Yoast SEO plugin v27.5 - https:\/\/yoast.com\/product\/yoast-seo-wordpress\/ -->\n<title>- Installationen af NoFloods BoxWall<\/title>\n<meta name=\"description\" content=\"NoFloods BoxWall-installation samler modul\u00e6re barrierer for at blokere oversv\u00f8mmelser, hvilket giver p\u00e5lidelig og effektiv beskyttelse af s\u00e5rbare omr\u00e5der\" \/>\n<meta name=\"robots\" content=\"index, follow, max-snippet:-1, max-image-preview:large, max-video-preview:-1\" \/>\n<link rel=\"canonical\" href=\"https:\/\/boxwall.com\/da\/installation-guide\/\" \/>\n<meta property=\"og:locale\" content=\"da_DK\" \/>\n<meta property=\"og:type\" content=\"article\" \/>\n<meta property=\"og:title\" content=\"- Installationen af NoFloods BoxWall\" \/>\n<meta property=\"og:description\" content=\"NoFloods BoxWall-installation samler modul\u00e6re barrierer for at blokere oversv\u00f8mmelser, hvilket giver p\u00e5lidelig og effektiv beskyttelse af s\u00e5rbare omr\u00e5der\" \/>\n<meta property=\"og:url\" content=\"https:\/\/boxwall.com\/da\/installation-guide\/\" \/>\n<meta property=\"og:site_name\" content=\"EasyWall Flood Barrier\" \/>\n<meta property=\"article:modified_time\" content=\"2025-04-16T15:05:33+00:00\" \/>\n<meta name=\"twitter:card\" content=\"summary_large_image\" \/>\n<meta name=\"twitter:label1\" content=\"Estimeret l\u00e6setid\" \/>\n\t<meta name=\"twitter:data1\" content=\"2 minutter\" \/>\n<script type=\"application\/ld+json\" class=\"yoast-schema-graph\">{\"@context\":\"https:\\\/\\\/schema.org\",\"@graph\":[{\"@type\":\"WebPage\",\"@id\":\"https:\\\/\\\/boxwall.com\\\/da\\\/installation-guide\\\/\",\"url\":\"https:\\\/\\\/boxwall.com\\\/da\\\/installation-guide\\\/\",\"name\":\"- Installationen af NoFloods BoxWall\",\"isPartOf\":{\"@id\":\"https:\\\/\\\/boxwall.com\\\/da\\\/#website\"},\"datePublished\":\"2024-08-24T05:43:04+00:00\",\"dateModified\":\"2025-04-16T15:05:33+00:00\",\"description\":\"NoFloods BoxWall-installation samler modul\u00e6re barrierer for at blokere oversv\u00f8mmelser, hvilket giver p\u00e5lidelig og effektiv beskyttelse af s\u00e5rbare omr\u00e5der\",\"breadcrumb\":{\"@id\":\"https:\\\/\\\/boxwall.com\\\/da\\\/installation-guide\\\/#breadcrumb\"},\"inLanguage\":\"da-DK\",\"potentialAction\":[{\"@type\":\"ReadAction\",\"target\":[\"https:\\\/\\\/boxwall.com\\\/da\\\/installation-guide\\\/\"]}]},{\"@type\":\"BreadcrumbList\",\"@id\":\"https:\\\/\\\/boxwall.com\\\/da\\\/installation-guide\\\/#breadcrumb\",\"itemListElement\":[{\"@type\":\"ListItem\",\"position\":1,\"name\":\"Hjem\",\"item\":\"https:\\\/\\\/boxwall.com\\\/da\\\/home\\\/\"},{\"@type\":\"ListItem\",\"position\":2,\"name\":\"Installationsvejledning\"}]},{\"@type\":\"WebSite\",\"@id\":\"https:\\\/\\\/boxwall.com\\\/da\\\/#website\",\"url\":\"https:\\\/\\\/boxwall.com\\\/da\\\/\",\"name\":\"EasyWall Flood Barrier\",\"description\":\"By Environment Solutions\",\"publisher\":{\"@id\":\"https:\\\/\\\/boxwall.com\\\/da\\\/#organization\"},\"potentialAction\":[{\"@type\":\"SearchAction\",\"target\":{\"@type\":\"EntryPoint\",\"urlTemplate\":\"https:\\\/\\\/boxwall.com\\\/da\\\/?s={search_term_string}\"},\"query-input\":{\"@type\":\"PropertyValueSpecification\",\"valueRequired\":true,\"valueName\":\"search_term_string\"}}],\"inLanguage\":\"da-DK\"},{\"@type\":\"Organization\",\"@id\":\"https:\\\/\\\/boxwall.com\\\/da\\\/#organization\",\"name\":\"EasyWall Flood Barrier\",\"url\":\"https:\\\/\\\/boxwall.com\\\/da\\\/\",\"logo\":{\"@type\":\"ImageObject\",\"inLanguage\":\"da-DK\",\"@id\":\"https:\\\/\\\/boxwall.com\\\/da\\\/#\\\/schema\\\/logo\\\/image\\\/\",\"url\":\"https:\\\/\\\/boxwall.com\\\/wp-content\\\/uploads\\\/2025\\\/04\\\/NoFloods-by-ES-New-TM-1.webp\",\"contentUrl\":\"https:\\\/\\\/boxwall.com\\\/wp-content\\\/uploads\\\/2025\\\/04\\\/NoFloods-by-ES-New-TM-1.webp\",\"width\":338,\"height\":70,\"caption\":\"EasyWall Flood Barrier\"},\"image\":{\"@id\":\"https:\\\/\\\/boxwall.com\\\/da\\\/#\\\/schema\\\/logo\\\/image\\\/\"}}]}<\/script>\n<!-- \/ Yoast SEO plugin. -->","yoast_head_json":{"title":"- Installationen af NoFloods BoxWall","description":"NoFloods BoxWall-installation samler modul\u00e6re barrierer for at blokere oversv\u00f8mmelser, hvilket giver p\u00e5lidelig og effektiv beskyttelse af s\u00e5rbare omr\u00e5der","robots":{"index":"index","follow":"follow","max-snippet":"max-snippet:-1","max-image-preview":"max-image-preview:large","max-video-preview":"max-video-preview:-1"},"canonical":"https:\/\/boxwall.com\/da\/installation-guide\/","og_locale":"da_DK","og_type":"article","og_title":"- Installationen af NoFloods BoxWall","og_description":"NoFloods BoxWall-installation samler modul\u00e6re barrierer for at blokere oversv\u00f8mmelser, hvilket giver p\u00e5lidelig og effektiv beskyttelse af s\u00e5rbare omr\u00e5der","og_url":"https:\/\/boxwall.com\/da\/installation-guide\/","og_site_name":"EasyWall Flood Barrier","article_modified_time":"2025-04-16T15:05:33+00:00","twitter_card":"summary_large_image","twitter_misc":{"Estimeret l\u00e6setid":"2 minutter"},"schema":{"@context":"https:\/\/schema.org","@graph":[{"@type":"WebPage","@id":"https:\/\/boxwall.com\/da\/installation-guide\/","url":"https:\/\/boxwall.com\/da\/installation-guide\/","name":"- Installationen af NoFloods BoxWall","isPartOf":{"@id":"https:\/\/boxwall.com\/da\/#website"},"datePublished":"2024-08-24T05:43:04+00:00","dateModified":"2025-04-16T15:05:33+00:00","description":"NoFloods BoxWall-installation samler modul\u00e6re barrierer for at blokere oversv\u00f8mmelser, hvilket giver p\u00e5lidelig og effektiv beskyttelse af s\u00e5rbare omr\u00e5der","breadcrumb":{"@id":"https:\/\/boxwall.com\/da\/installation-guide\/#breadcrumb"},"inLanguage":"da-DK","potentialAction":[{"@type":"ReadAction","target":["https:\/\/boxwall.com\/da\/installation-guide\/"]}]},{"@type":"BreadcrumbList","@id":"https:\/\/boxwall.com\/da\/installation-guide\/#breadcrumb","itemListElement":[{"@type":"ListItem","position":1,"name":"Hjem","item":"https:\/\/boxwall.com\/da\/home\/"},{"@type":"ListItem","position":2,"name":"Installationsvejledning"}]},{"@type":"WebSite","@id":"https:\/\/boxwall.com\/da\/#website","url":"https:\/\/boxwall.com\/da\/","name":"EasyWall Flood Barrier","description":"By Environment Solutions","publisher":{"@id":"https:\/\/boxwall.com\/da\/#organization"},"potentialAction":[{"@type":"SearchAction","target":{"@type":"EntryPoint","urlTemplate":"https:\/\/boxwall.com\/da\/?s={search_term_string}"},"query-input":{"@type":"PropertyValueSpecification","valueRequired":true,"valueName":"search_term_string"}}],"inLanguage":"da-DK"},{"@type":"Organization","@id":"https:\/\/boxwall.com\/da\/#organization","name":"EasyWall Flood Barrier","url":"https:\/\/boxwall.com\/da\/","logo":{"@type":"ImageObject","inLanguage":"da-DK","@id":"https:\/\/boxwall.com\/da\/#\/schema\/logo\/image\/","url":"https:\/\/boxwall.com\/wp-content\/uploads\/2025\/04\/NoFloods-by-ES-New-TM-1.webp","contentUrl":"https:\/\/boxwall.com\/wp-content\/uploads\/2025\/04\/NoFloods-by-ES-New-TM-1.webp","width":338,"height":70,"caption":"EasyWall Flood Barrier"},"image":{"@id":"https:\/\/boxwall.com\/da\/#\/schema\/logo\/image\/"}}]}},"_links":{"self":[{"href":"https:\/\/boxwall.com\/da\/wp-json\/wp\/v2\/pages\/1850","targetHints":{"allow":["GET"]}}],"collection":[{"href":"https:\/\/boxwall.com\/da\/wp-json\/wp\/v2\/pages"}],"about":[{"href":"https:\/\/boxwall.com\/da\/wp-json\/wp\/v2\/types\/page"}],"author":[{"embeddable":true,"href":"https:\/\/boxwall.com\/da\/wp-json\/wp\/v2\/users\/3"}],"replies":[{"embeddable":true,"href":"https:\/\/boxwall.com\/da\/wp-json\/wp\/v2\/comments?post=1850"}],"version-history":[{"count":20,"href":"https:\/\/boxwall.com\/da\/wp-json\/wp\/v2\/pages\/1850\/revisions"}],"predecessor-version":[{"id":4912,"href":"https:\/\/boxwall.com\/da\/wp-json\/wp\/v2\/pages\/1850\/revisions\/4912"}],"wp:attachment":[{"href":"https:\/\/boxwall.com\/da\/wp-json\/wp\/v2\/media?parent=1850"}],"curies":[{"name":"wp","href":"https:\/\/api.w.org\/{rel}","templated":true}]}}