{"id":1823,"date":"2024-08-24T05:43:04","date_gmt":"2024-08-24T05:43:04","guid":{"rendered":"https:\/\/boxwall.com\/om-os\/"},"modified":"2025-03-21T14:37:00","modified_gmt":"2025-03-21T14:37:00","slug":"about-us","status":"publish","type":"page","link":"https:\/\/boxwall.com\/da\/about-us\/","title":{"rendered":"Om os"},"content":{"rendered":"\t\t<div data-elementor-type=\"wp-page\" data-elementor-id=\"1823\" class=\"elementor elementor-1823 elementor-119\">\n\t\t\t\t<div class=\"elementor-element elementor-element-6293501 e-flex e-con-boxed e-con e-parent\" data-id=\"6293501\" data-element_type=\"container\" data-e-type=\"container\" data-settings=\"{&quot;background_background&quot;:&quot;classic&quot;}\">\n\t\t\t\t\t<div class=\"e-con-inner\">\n\t\t<div class=\"elementor-element elementor-element-60f23af e-con-full e-flex e-con e-child\" data-id=\"60f23af\" data-element_type=\"container\" data-e-type=\"container\">\n\t\t\t\t<div class=\"elementor-element elementor-element-8b67591 elementor-widget elementor-widget-heading\" data-id=\"8b67591\" data-element_type=\"widget\" data-e-type=\"widget\" data-widget_type=\"heading.default\">\n\t\t\t\t<div class=\"elementor-widget-container\">\n\t\t\t\t\t<h1 class=\"elementor-heading-title elementor-size-default\">Om os<\/h1>\t\t\t\t<\/div>\n\t\t\t\t<\/div>\n\t\t\t\t<div class=\"elementor-element elementor-element-8d29c6c elementor-widget elementor-widget-text-editor\" data-id=\"8d29c6c\" data-element_type=\"widget\" data-e-type=\"widget\" data-widget_type=\"text-editor.default\">\n\t\t\t\t<div class=\"elementor-widget-container\">\n\t\t\t\t\t\t\t\t\t<p>Vi har specialiseret os i at skabe innovative l\u00f8sninger til midlertidig beskyttelse mod oversv\u00f8mmelser, byggeprojekter i vandet og midlertidig opbevaring af v\u00e6sker.<\/p>\n\t\t\t\t\t\t\t\t<\/div>\n\t\t\t\t<\/div>\n\t\t\t\t<\/div>\n\t\t\t\t\t<\/div>\n\t\t\t\t<\/div>\n\t\t<div class=\"elementor-element elementor-element-1df73b1 e-flex e-con-boxed e-con e-parent\" data-id=\"1df73b1\" data-element_type=\"container\" data-e-type=\"container\" data-settings=\"{&quot;background_background&quot;:&quot;classic&quot;}\">\n\t\t\t\t\t<div class=\"e-con-inner\">\n\t\t<div class=\"elementor-element elementor-element-c002b61 e-con-full e-flex e-con e-child\" data-id=\"c002b61\" data-element_type=\"container\" data-e-type=\"container\" data-settings=\"{&quot;background_background&quot;:&quot;classic&quot;}\">\n\t\t\t\t<div class=\"elementor-element elementor-element-b97116c elementor-widget elementor-widget-image\" data-id=\"b97116c\" data-element_type=\"widget\" data-e-type=\"widget\" data-widget_type=\"image.default\">\n\t\t\t\t<div class=\"elementor-widget-container\">\n\t\t\t\t\t\t\t\t\t\t\t\t\t\t\t<img fetchpriority=\"high\" decoding=\"async\" width=\"640\" height=\"480\" src=\"https:\/\/boxwall.com\/wp-content\/uploads\/2025\/03\/image0-1.webp\" class=\"attachment-full size-full wp-image-4203\" alt=\"\" srcset=\"https:\/\/boxwall.com\/wp-content\/uploads\/2025\/03\/image0-1.webp 640w, https:\/\/boxwall.com\/wp-content\/uploads\/2025\/03\/image0-1-300x225.webp 300w\" sizes=\"(max-width: 640px) 100vw, 640px\" \/>\t\t\t\t\t\t\t\t\t\t\t\t\t\t\t<\/div>\n\t\t\t\t<\/div>\n\t\t\t\t<\/div>\n\t\t<div class=\"elementor-element elementor-element-eeb1dd2 e-con-full e-flex e-con e-child\" data-id=\"eeb1dd2\" data-element_type=\"container\" data-e-type=\"container\">\n\t\t\t\t<div class=\"elementor-element elementor-element-e703ad7 elementor-widget elementor-widget-text-editor\" data-id=\"e703ad7\" data-element_type=\"widget\" data-e-type=\"widget\" data-widget_type=\"text-editor.default\">\n\t\t\t\t<div class=\"elementor-widget-container\">\n\t\t\t\t\t\t\t\t\t<p><span style=\"font-size: 12pt; font-family: \"Calibri Light\", sans-serif; background-image: initial; background-position: initial; background-size: initial; background-repeat: initial; background-attachment: initial; background-origin: initial; background-clip: initial;\">Vi har specialiseret os i at udvikle og fremstille innovative l\u00f8sninger til midlertidig beskyttelse mod oversv\u00f8mmelser, byggeprojekter under vand og midlertidig opbevaring af v\u00e6sker. Med en st\u00e6rk dedikation til ekspertise og en forpligtelse til kvalitet tilbyder vi et bredt udvalg af barrierer, der er konstrueret til at opfylde vores kunders krav. Vores ekspertise ligger i at levere innovative l\u00f8sninger, der konsekvent overg\u00e5r forventningerne, uanset om det drejer sig om beskyttelse mod oversv\u00f8mmelser, midlertidig v\u00e6skeopbevaring eller st\u00f8tte til byggeprojekter under vand.    &nbsp;Hvert produkt er designet med pr\u00e6cision og p\u00e5lidelighed, hvilket sikrer en f\u00f8rsteklasses ydeevne under selv de mest udfordrende forhold.<\/span><span style=\"color: rgb(0, 0, 0); font-size: medium;\"><\/span><\/p>\n\t\t\t\t\t\t\t\t<\/div>\n\t\t\t\t<\/div>\n\t\t\t\t<\/div>\n\t\t\t\t\t<\/div>\n\t\t\t\t<\/div>\n\t\t<div class=\"elementor-element elementor-element-090c4cd e-flex e-con-boxed e-con e-parent\" data-id=\"090c4cd\" data-element_type=\"container\" data-e-type=\"container\" data-settings=\"{&quot;background_background&quot;:&quot;classic&quot;}\">\n\t\t\t\t\t<div class=\"e-con-inner\">\n\t\t<div class=\"elementor-element elementor-element-35cfc79 e-con-full e-flex e-con e-child\" data-id=\"35cfc79\" data-element_type=\"container\" data-e-type=\"container\">\n\t\t<div class=\"elementor-element elementor-element-649a74b e-flex e-con-boxed e-con e-child\" data-id=\"649a74b\" data-element_type=\"container\" data-e-type=\"container\">\n\t\t\t\t\t<div class=\"e-con-inner\">\n\t\t<div class=\"elementor-element elementor-element-22f442e e-con-full e-flex e-con e-child\" data-id=\"22f442e\" data-element_type=\"container\" data-e-type=\"container\">\n\t\t\t\t<div class=\"elementor-element elementor-element-a0263fc elementor-widget elementor-widget-heading\" data-id=\"a0263fc\" data-element_type=\"widget\" data-e-type=\"widget\" data-widget_type=\"heading.default\">\n\t\t\t\t<div class=\"elementor-widget-container\">\n\t\t\t\t\t<h3 class=\"elementor-heading-title elementor-size-default\">Hvad vi g\u00f8r<\/h3>\t\t\t\t<\/div>\n\t\t\t\t<\/div>\n\t\t\t\t<\/div>\n\t\t<div class=\"elementor-element elementor-element-f8f492f e-con-full e-flex e-con e-child\" data-id=\"f8f492f\" data-element_type=\"container\" data-e-type=\"container\">\n\t\t\t\t<div class=\"elementor-element elementor-element-297a0ce elementor-widget elementor-widget-text-editor\" data-id=\"297a0ce\" data-element_type=\"widget\" data-e-type=\"widget\" data-widget_type=\"text-editor.default\">\n\t\t\t\t<div class=\"elementor-widget-container\">\n\t\t\t\t\t\t\t\t\t<p>Med fokus p\u00e5 innovation og kundetilfredshed arbejder vi p\u00e5 at udvikle og markedsf\u00f8re nye l\u00f8sninger, der im\u00f8dekommer de skiftende udfordringer, som vores kunder st\u00e5r over for.<\/p>\n\t\t\t\t\t\t\t\t<\/div>\n\t\t\t\t<\/div>\n\t\t\t\t<\/div>\n\t\t\t\t\t<\/div>\n\t\t\t\t<\/div>\n\t\t<div class=\"elementor-element elementor-element-bcae62d e-flex e-con-boxed e-con e-child\" data-id=\"bcae62d\" data-element_type=\"container\" data-e-type=\"container\">\n\t\t\t\t\t<div class=\"e-con-inner\">\n\t\t<div class=\"elementor-element elementor-element-851ace2 e-con-full e-flex e-con e-child\" data-id=\"851ace2\" data-element_type=\"container\" data-e-type=\"container\">\n\t\t\t\t<div class=\"elementor-element elementor-element-ad63d72 elementor-widget elementor-widget-heading\" data-id=\"ad63d72\" data-element_type=\"widget\" data-e-type=\"widget\" data-widget_type=\"heading.default\">\n\t\t\t\t<div class=\"elementor-widget-container\">\n\t\t\t\t\t<h3 class=\"elementor-heading-title elementor-size-default\">Opdag fordelene<\/h3>\t\t\t\t<\/div>\n\t\t\t\t<\/div>\n\t\t\t\t<\/div>\n\t\t<div class=\"elementor-element elementor-element-d2d53df e-con-full e-flex e-con e-child\" data-id=\"d2d53df\" data-element_type=\"container\" data-e-type=\"container\">\n\t\t\t\t<div class=\"elementor-element elementor-element-bdb4298 elementor-widget elementor-widget-text-editor\" data-id=\"bdb4298\" data-element_type=\"widget\" data-e-type=\"widget\" data-widget_type=\"text-editor.default\">\n\t\t\t\t<div class=\"elementor-widget-container\">\n\t\t\t\t\t\t\t\t\t<p>Uanset omfanget eller kompleksiteten af dit projekt tilbyder vi skr\u00e6ddersyede l\u00f8sninger, der opfylder dine behov. Oplev de fordele, som NoFloods -l\u00f8sningerne kan give dit projekt. Kontakt os i dag for at f\u00e5 mere at vide om vores omfattende udvalg af barrierer, og hvordan vi kan tilbyde en skr\u00e6ddersyet tilgang, der passer til dine specifikke krav.  <\/p>\n\t\t\t\t\t\t\t\t<\/div>\n\t\t\t\t<\/div>\n\t\t\t\t<\/div>\n\t\t\t\t\t<\/div>\n\t\t\t\t<\/div>\n\t\t<div class=\"elementor-element elementor-element-7f7ef02 e-con-full e-flex e-con e-child\" data-id=\"7f7ef02\" data-element_type=\"container\" data-e-type=\"container\">\n\t\t<div class=\"elementor-element elementor-element-202a353 e-con-full e-flex e-con e-child\" data-id=\"202a353\" data-element_type=\"container\" data-e-type=\"container\">\n\t\t\t\t<div class=\"elementor-element elementor-element-aa0547e elementor-widget elementor-widget-heading\" data-id=\"aa0547e\" data-element_type=\"widget\" data-e-type=\"widget\" data-widget_type=\"heading.default\">\n\t\t\t\t<div class=\"elementor-widget-container\">\n\t\t\t\t\t<h3 class=\"elementor-heading-title elementor-size-default\">Udforsk<br> Vores l\u00f8sninger<\/h3>\t\t\t\t<\/div>\n\t\t\t\t<\/div>\n\t\t\t\t<\/div>\n\t\t<div class=\"elementor-element elementor-element-3eb3d36 e-con-full e-flex e-con e-child\" data-id=\"3eb3d36\" data-element_type=\"container\" data-e-type=\"container\">\n\t\t\t\t<div class=\"elementor-element elementor-element-cc0418b elementor-widget elementor-widget-text-editor\" data-id=\"cc0418b\" data-element_type=\"widget\" data-e-type=\"widget\" data-widget_type=\"text-editor.default\">\n\t\t\t\t<div class=\"elementor-widget-container\">\n\t\t\t\t\t\t\t\t\t<p>Bes\u00f8g vores hjemmeside p\u00e5 <a href=\"https:\/\/nofloods.com\/\" target=\"_blank\" rel=\"noopener\">nofloods.com<\/a> for at udforske hele vores produktsortiment og finde ud af, hvordan de kan underst\u00f8tte dine specifikke behov. Vores team er engageret i at hj\u00e6lpe dig med at beskytte det, der betyder mest. <\/p>\n\t\t\t\t\t\t\t\t<\/div>\n\t\t\t\t<\/div>\n\t\t\t\t<\/div>\n\t\t\t\t<\/div>\n\t\t\t\t<\/div>\n\t\t\t\t\t<\/div>\n\t\t\t\t<\/div>\n\t\t\t\t<\/div>\n\t\t","protected":false},"excerpt":{"rendered":"<p>Om os Vi har specialiseret os i at skabe innovative l\u00f8sninger til midlertidig beskyttelse mod oversv\u00f8mmelser, byggeprojekter i vandet og [&hellip;]<\/p>\n","protected":false},"author":3,"featured_media":0,"parent":0,"menu_order":0,"comment_status":"closed","ping_status":"closed","template":"","meta":{"site-sidebar-layout":"no-sidebar","site-content-layout":"page-builder","ast-site-content-layout":"full-width-container","site-content-style":"unboxed","site-sidebar-style":"default","ast-global-header-display":"","ast-banner-title-visibility":"","ast-main-header-display":"","ast-hfb-above-header-display":"","ast-hfb-below-header-display":"","ast-hfb-mobile-header-display":"","site-post-title":"disabled","ast-breadcrumbs-content":"","ast-featured-img":"disabled","footer-sml-layout":"","ast-disable-related-posts":"","theme-transparent-header-meta":"enabled","adv-header-id-meta":"","stick-header-meta":"","header-above-stick-meta":"","header-main-stick-meta":"","header-below-stick-meta":"","astra-migrate-meta-layouts":"default","ast-page-background-enabled":"default","ast-page-background-meta":{"desktop":{"background-color":"","background-image":"","background-repeat":"repeat","background-position":"center center","background-size":"auto","background-attachment":"scroll","background-type":"","background-media":"","overlay-type":"","overlay-color":"","overlay-opacity":"","overlay-gradient":""},"tablet":{"background-color":"","background-image":"","background-repeat":"repeat","background-position":"center center","background-size":"auto","background-attachment":"scroll","background-type":"","background-media":"","overlay-type":"","overlay-color":"","overlay-opacity":"","overlay-gradient":""},"mobile":{"background-color":"","background-image":"","background-repeat":"repeat","background-position":"center center","background-size":"auto","background-attachment":"scroll","background-type":"","background-media":"","overlay-type":"","overlay-color":"","overlay-opacity":"","overlay-gradient":""}},"ast-content-background-meta":{"desktop":{"background-color":"var(--ast-global-color-5)","background-image":"","background-repeat":"repeat","background-position":"center center","background-size":"auto","background-attachment":"scroll","background-type":"","background-media":"","overlay-type":"","overlay-color":"","overlay-opacity":"","overlay-gradient":""},"tablet":{"background-color":"var(--ast-global-color-5)","background-image":"","background-repeat":"repeat","background-position":"center center","background-size":"auto","background-attachment":"scroll","background-type":"","background-media":"","overlay-type":"","overlay-color":"","overlay-opacity":"","overlay-gradient":""},"mobile":{"background-color":"var(--ast-global-color-5)","background-image":"","background-repeat":"repeat","background-position":"center center","background-size":"auto","background-attachment":"scroll","background-type":"","background-media":"","overlay-type":"","overlay-color":"","overlay-opacity":"","overlay-gradient":""}},"footnotes":""},"class_list":["post-1823","page","type-page","status-publish","hentry"],"yoast_head":"<!-- This site is optimized with the Yoast SEO plugin v27.0 - https:\/\/yoast.com\/product\/yoast-seo-wordpress\/ -->\n<title>Om BoxWall - Innovative l\u00f8sninger til midlertidig beskyttelse mod oversv\u00f8mmelser<\/title>\n<meta name=\"description\" content=\"Om BoxWall - Vi har specialiseret os i innovative l\u00f8sninger til midlertidig beskyttelse mod oversv\u00f8mmelse, konstruktion i vand og v\u00e6skeopbevaringsprojekter.\" \/>\n<meta name=\"robots\" content=\"index, follow, max-snippet:-1, max-image-preview:large, max-video-preview:-1\" \/>\n<link rel=\"canonical\" href=\"https:\/\/boxwall.com\/da\/about-us\/\" \/>\n<meta property=\"og:locale\" content=\"da_DK\" \/>\n<meta property=\"og:type\" content=\"article\" \/>\n<meta property=\"og:title\" content=\"Om BoxWall - Innovative l\u00f8sninger til midlertidig beskyttelse mod oversv\u00f8mmelser\" \/>\n<meta property=\"og:description\" content=\"Om BoxWall - Vi har specialiseret os i innovative l\u00f8sninger til midlertidig beskyttelse mod oversv\u00f8mmelse, konstruktion i vand og v\u00e6skeopbevaringsprojekter.\" \/>\n<meta property=\"og:url\" content=\"https:\/\/boxwall.com\/da\/about-us\/\" \/>\n<meta property=\"og:site_name\" content=\"EasyWall Flood Barrier\" \/>\n<meta property=\"article:modified_time\" content=\"2025-03-21T14:37:00+00:00\" \/>\n<meta property=\"og:image\" content=\"https:\/\/boxwall.com\/wp-content\/uploads\/2025\/03\/image0-1.webp\" \/>\n\t<meta property=\"og:image:width\" content=\"640\" \/>\n\t<meta property=\"og:image:height\" content=\"480\" \/>\n\t<meta property=\"og:image:type\" content=\"image\/webp\" \/>\n<meta name=\"twitter:card\" content=\"summary_large_image\" \/>\n<meta name=\"twitter:label1\" content=\"Estimeret l\u00e6setid\" \/>\n\t<meta name=\"twitter:data1\" content=\"2 minutter\" \/>\n<script type=\"application\/ld+json\" class=\"yoast-schema-graph\">{\"@context\":\"https:\/\/schema.org\",\"@graph\":[{\"@type\":\"WebPage\",\"@id\":\"https:\/\/boxwall.com\/da\/about-us\/\",\"url\":\"https:\/\/boxwall.com\/da\/about-us\/\",\"name\":\"Om BoxWall - Innovative l\u00f8sninger til midlertidig beskyttelse mod oversv\u00f8mmelser\",\"isPartOf\":{\"@id\":\"https:\/\/boxwall.com\/da\/#website\"},\"primaryImageOfPage\":{\"@id\":\"https:\/\/boxwall.com\/da\/about-us\/#primaryimage\"},\"image\":{\"@id\":\"https:\/\/boxwall.com\/da\/about-us\/#primaryimage\"},\"thumbnailUrl\":\"https:\/\/boxwall.com\/wp-content\/uploads\/2025\/03\/image0-1.webp\",\"datePublished\":\"2024-08-24T05:43:04+00:00\",\"dateModified\":\"2025-03-21T14:37:00+00:00\",\"description\":\"Om BoxWall - Vi har specialiseret os i innovative l\u00f8sninger til midlertidig beskyttelse mod oversv\u00f8mmelse, konstruktion i vand og v\u00e6skeopbevaringsprojekter.\",\"breadcrumb\":{\"@id\":\"https:\/\/boxwall.com\/da\/about-us\/#breadcrumb\"},\"inLanguage\":\"da-DK\",\"potentialAction\":[{\"@type\":\"ReadAction\",\"target\":[\"https:\/\/boxwall.com\/da\/about-us\/\"]}]},{\"@type\":\"ImageObject\",\"inLanguage\":\"da-DK\",\"@id\":\"https:\/\/boxwall.com\/da\/about-us\/#primaryimage\",\"url\":\"https:\/\/boxwall.com\/wp-content\/uploads\/2025\/03\/image0-1.webp\",\"contentUrl\":\"https:\/\/boxwall.com\/wp-content\/uploads\/2025\/03\/image0-1.webp\"},{\"@type\":\"BreadcrumbList\",\"@id\":\"https:\/\/boxwall.com\/da\/about-us\/#breadcrumb\",\"itemListElement\":[{\"@type\":\"ListItem\",\"position\":1,\"name\":\"Hjem\",\"item\":\"https:\/\/boxwall.com\/da\/home\/\"},{\"@type\":\"ListItem\",\"position\":2,\"name\":\"Om os\"}]},{\"@type\":\"WebSite\",\"@id\":\"https:\/\/boxwall.com\/da\/#website\",\"url\":\"https:\/\/boxwall.com\/da\/\",\"name\":\"EasyWall Flood Barrier\",\"description\":\"By Environment Solutions\",\"publisher\":{\"@id\":\"https:\/\/boxwall.com\/da\/#organization\"},\"potentialAction\":[{\"@type\":\"SearchAction\",\"target\":{\"@type\":\"EntryPoint\",\"urlTemplate\":\"https:\/\/boxwall.com\/da\/?s={search_term_string}\"},\"query-input\":{\"@type\":\"PropertyValueSpecification\",\"valueRequired\":true,\"valueName\":\"search_term_string\"}}],\"inLanguage\":\"da-DK\"},{\"@type\":\"Organization\",\"@id\":\"https:\/\/boxwall.com\/da\/#organization\",\"name\":\"EasyWall Flood Barrier\",\"url\":\"https:\/\/boxwall.com\/da\/\",\"logo\":{\"@type\":\"ImageObject\",\"inLanguage\":\"da-DK\",\"@id\":\"https:\/\/boxwall.com\/da\/#\/schema\/logo\/image\/\",\"url\":\"https:\/\/boxwall.com\/wp-content\/uploads\/2025\/04\/NoFloods-by-ES-New-TM-1.webp\",\"contentUrl\":\"https:\/\/boxwall.com\/wp-content\/uploads\/2025\/04\/NoFloods-by-ES-New-TM-1.webp\",\"width\":338,\"height\":70,\"caption\":\"EasyWall Flood Barrier\"},\"image\":{\"@id\":\"https:\/\/boxwall.com\/da\/#\/schema\/logo\/image\/\"}}]}<\/script>\n<!-- \/ Yoast SEO plugin. -->","yoast_head_json":{"title":"Om BoxWall - Innovative l\u00f8sninger til midlertidig beskyttelse mod oversv\u00f8mmelser","description":"Om BoxWall - Vi har specialiseret os i innovative l\u00f8sninger til midlertidig beskyttelse mod oversv\u00f8mmelse, konstruktion i vand og v\u00e6skeopbevaringsprojekter.","robots":{"index":"index","follow":"follow","max-snippet":"max-snippet:-1","max-image-preview":"max-image-preview:large","max-video-preview":"max-video-preview:-1"},"canonical":"https:\/\/boxwall.com\/da\/about-us\/","og_locale":"da_DK","og_type":"article","og_title":"Om BoxWall - Innovative l\u00f8sninger til midlertidig beskyttelse mod oversv\u00f8mmelser","og_description":"Om BoxWall - Vi har specialiseret os i innovative l\u00f8sninger til midlertidig beskyttelse mod oversv\u00f8mmelse, konstruktion i vand og v\u00e6skeopbevaringsprojekter.","og_url":"https:\/\/boxwall.com\/da\/about-us\/","og_site_name":"EasyWall Flood Barrier","article_modified_time":"2025-03-21T14:37:00+00:00","og_image":[{"width":640,"height":480,"url":"https:\/\/boxwall.com\/wp-content\/uploads\/2025\/03\/image0-1.webp","type":"image\/webp"}],"twitter_card":"summary_large_image","twitter_misc":{"Estimeret l\u00e6setid":"2 minutter"},"schema":{"@context":"https:\/\/schema.org","@graph":[{"@type":"WebPage","@id":"https:\/\/boxwall.com\/da\/about-us\/","url":"https:\/\/boxwall.com\/da\/about-us\/","name":"Om BoxWall - Innovative l\u00f8sninger til midlertidig beskyttelse mod oversv\u00f8mmelser","isPartOf":{"@id":"https:\/\/boxwall.com\/da\/#website"},"primaryImageOfPage":{"@id":"https:\/\/boxwall.com\/da\/about-us\/#primaryimage"},"image":{"@id":"https:\/\/boxwall.com\/da\/about-us\/#primaryimage"},"thumbnailUrl":"https:\/\/boxwall.com\/wp-content\/uploads\/2025\/03\/image0-1.webp","datePublished":"2024-08-24T05:43:04+00:00","dateModified":"2025-03-21T14:37:00+00:00","description":"Om BoxWall - Vi har specialiseret os i innovative l\u00f8sninger til midlertidig beskyttelse mod oversv\u00f8mmelse, konstruktion i vand og v\u00e6skeopbevaringsprojekter.","breadcrumb":{"@id":"https:\/\/boxwall.com\/da\/about-us\/#breadcrumb"},"inLanguage":"da-DK","potentialAction":[{"@type":"ReadAction","target":["https:\/\/boxwall.com\/da\/about-us\/"]}]},{"@type":"ImageObject","inLanguage":"da-DK","@id":"https:\/\/boxwall.com\/da\/about-us\/#primaryimage","url":"https:\/\/boxwall.com\/wp-content\/uploads\/2025\/03\/image0-1.webp","contentUrl":"https:\/\/boxwall.com\/wp-content\/uploads\/2025\/03\/image0-1.webp"},{"@type":"BreadcrumbList","@id":"https:\/\/boxwall.com\/da\/about-us\/#breadcrumb","itemListElement":[{"@type":"ListItem","position":1,"name":"Hjem","item":"https:\/\/boxwall.com\/da\/home\/"},{"@type":"ListItem","position":2,"name":"Om os"}]},{"@type":"WebSite","@id":"https:\/\/boxwall.com\/da\/#website","url":"https:\/\/boxwall.com\/da\/","name":"EasyWall Flood Barrier","description":"By Environment Solutions","publisher":{"@id":"https:\/\/boxwall.com\/da\/#organization"},"potentialAction":[{"@type":"SearchAction","target":{"@type":"EntryPoint","urlTemplate":"https:\/\/boxwall.com\/da\/?s={search_term_string}"},"query-input":{"@type":"PropertyValueSpecification","valueRequired":true,"valueName":"search_term_string"}}],"inLanguage":"da-DK"},{"@type":"Organization","@id":"https:\/\/boxwall.com\/da\/#organization","name":"EasyWall Flood Barrier","url":"https:\/\/boxwall.com\/da\/","logo":{"@type":"ImageObject","inLanguage":"da-DK","@id":"https:\/\/boxwall.com\/da\/#\/schema\/logo\/image\/","url":"https:\/\/boxwall.com\/wp-content\/uploads\/2025\/04\/NoFloods-by-ES-New-TM-1.webp","contentUrl":"https:\/\/boxwall.com\/wp-content\/uploads\/2025\/04\/NoFloods-by-ES-New-TM-1.webp","width":338,"height":70,"caption":"EasyWall Flood Barrier"},"image":{"@id":"https:\/\/boxwall.com\/da\/#\/schema\/logo\/image\/"}}]}},"_links":{"self":[{"href":"https:\/\/boxwall.com\/da\/wp-json\/wp\/v2\/pages\/1823","targetHints":{"allow":["GET"]}}],"collection":[{"href":"https:\/\/boxwall.com\/da\/wp-json\/wp\/v2\/pages"}],"about":[{"href":"https:\/\/boxwall.com\/da\/wp-json\/wp\/v2\/types\/page"}],"author":[{"embeddable":true,"href":"https:\/\/boxwall.com\/da\/wp-json\/wp\/v2\/users\/3"}],"replies":[{"embeddable":true,"href":"https:\/\/boxwall.com\/da\/wp-json\/wp\/v2\/comments?post=1823"}],"version-history":[{"count":19,"href":"https:\/\/boxwall.com\/da\/wp-json\/wp\/v2\/pages\/1823\/revisions"}],"predecessor-version":[{"id":4229,"href":"https:\/\/boxwall.com\/da\/wp-json\/wp\/v2\/pages\/1823\/revisions\/4229"}],"wp:attachment":[{"href":"https:\/\/boxwall.com\/da\/wp-json\/wp\/v2\/media?parent=1823"}],"curies":[{"name":"wp","href":"https:\/\/api.w.org\/{rel}","templated":true}]}}