{"id":3855,"date":"2024-10-29T17:38:32","date_gmt":"2024-10-29T17:38:32","guid":{"rendered":"https:\/\/boxwall.com\/videa\/"},"modified":"2025-05-07T18:18:05","modified_gmt":"2025-05-07T18:18:05","slug":"videa","status":"publish","type":"page","link":"https:\/\/boxwall.com\/cs\/videa\/","title":{"rendered":"Videa"},"content":{"rendered":"\t\t<div data-elementor-type=\"wp-page\" data-elementor-id=\"3855\" class=\"elementor elementor-3855 elementor-2327\">\n\t\t\t\t<div class=\"elementor-element elementor-element-79530b3 e-flex e-con-boxed e-con e-parent\" data-id=\"79530b3\" data-element_type=\"container\" data-e-type=\"container\" data-settings=\"{&quot;background_background&quot;:&quot;classic&quot;}\">\n\t\t\t\t\t<div class=\"e-con-inner\">\n\t\t<div class=\"elementor-element elementor-element-e45038f e-con-full e-flex e-con e-child\" data-id=\"e45038f\" data-element_type=\"container\" data-e-type=\"container\">\n\t\t\t\t<div class=\"elementor-element elementor-element-b1ba545 elementor-widget elementor-widget-heading\" data-id=\"b1ba545\" data-element_type=\"widget\" data-e-type=\"widget\" data-widget_type=\"heading.default\">\n\t\t\t\t<div class=\"elementor-widget-container\">\n\t\t\t\t\t<h1 class=\"elementor-heading-title elementor-size-default\">Videa<\/h1>\t\t\t\t<\/div>\n\t\t\t\t<\/div>\n\t\t\t\t<div class=\"elementor-element elementor-element-6b76ee7 elementor-widget elementor-widget-text-editor\" data-id=\"6b76ee7\" data-element_type=\"widget\" data-e-type=\"widget\" data-widget_type=\"text-editor.default\">\n\t\t\t\t<div class=\"elementor-widget-container\">\n\t\t\t\t\t\t\t\t\t<p>Pod\u00edvejte se na na\u0161e podrobn\u00e9 uk\u00e1zky produkt\u016f a pr\u016fvodce instalac\u00ed, kter\u00e9 jsou navr\u017eeny tak, aby bylo nastaven\u00ed jednoduch\u00e9 a bezprobl\u00e9mov\u00e9. Prohl\u00e9dn\u011bte si videa p\u0159izp\u016fsoben\u00e1 va\u0161im zku\u0161enostem a \u00fasp\u011bchu. <\/p>\t\t\t\t\t\t\t\t<\/div>\n\t\t\t\t<\/div>\n\t\t\t\t<\/div>\n\t\t\t\t\t<\/div>\n\t\t\t\t<\/div>\n\t\t<div class=\"elementor-element elementor-element-6558073 e-flex e-con-boxed e-con e-parent\" data-id=\"6558073\" data-element_type=\"container\" data-e-type=\"container\">\n\t\t\t\t\t<div class=\"e-con-inner\">\n\t\t\t\t<div class=\"elementor-element elementor-element-ef7a8b7 elementor-widget elementor-widget-shortcode\" data-id=\"ef7a8b7\" data-element_type=\"widget\" data-e-type=\"widget\" data-widget_type=\"shortcode.default\">\n\t\t\t\t<div class=\"elementor-widget-container\">\n\t\t\t\t\t\t\t<div class=\"elementor-shortcode\">\n\t<div id=\"your-page-column\" class=\"not-a-part-of-youram-plugin\">\r\n\t<div id=\"yram\" class=\"youram-simple_5075\"><\/div>\r\n<\/div>\r\n<style>\r\n\t.youram-simple_5075 {\r\n\t\ttext-align: center;\r\n\t}\r\n\r\n\t.youram-simple_5075 .yl-load-more-button {\r\n\t\tbackground-color: #1e73be !important;\r\n\t\tcolor: #ffffff !important;\r\n\t}\r\n<\/style>\r\n\r\n<script>\r\n\tjQuery(document).ready(function () {\r\n\t\tjQuery(\".youram-simple_5075\").youramSimple({\r\n\t\t\tapiKey: \"AIzaSyCEIvQBe1GGywYuHQs11VohgRB8Ca3f6mo\",\r\n\t\t\tsourceLink: \"https:\/\/www.youtube.com\/channel\/UCd9WBr44hGhPl7RDSJNXqqQ\",\r\n\t\t\tmaxResults: \"8\",\r\n\t\t\tvideoDisplayMode: \"popup\",\r\n\t\t\tloadMoreText: 'Load More',\r\n\t\t\tthemeColor: \"rgb(255, 0, 0)\",\r\n\t\t});\r\n\r\n\t});\r\n<\/script><style>\n\t\t.single-image .vg-title {\n\t\tfont-size: 25px;\n\t\tfont-weight: bold;\n\t\ttext-align: center;\n\t\tpadding: 5px;\n\t\tline-height: 1.3;\n\t\tword-wrap: break-word;\n\t\toverflow-wrap: break-word;\n\t}\n\n\t.single-image .vg-desc {\n\t\tfont-size: 15px;\n\t\tpadding: 5px;\n\t}\n\n\t.single-image {\n\t\tpadding-top: 20px;\n\t\toverflow: visible !important;\n\t}\n\n\t<\/style>\n<script>\n\tjQuery(document).ready(function () {\n\t\t\/\/ isotope effect function\n\t\t\/\/ Method 1 - Initialize Isotope, then trigger layout after each image loads.\n\t\tvar $grid = jQuery('.all-images').isotope({\n\t\t\t\/\/ options...\n\t\t\titemSelector: '.single-image',\n\t\t});\n\t\t\/\/ layout Isotope after each image loads\n\t\t$grid.imagesLoaded().progress(function () {\n\t\t\t$grid.isotope('layout');\n\t\t});\n\t\t\/\/ Re-layout after fonts load AND text reflow so container height is correct\n\t\tdocument.fonts.ready.then(function () {\n\t\t\trequestAnimationFrame(function () {\n\t\t\t\t$grid.isotope('layout');\n\t\t\t});\n\t\t});\n\t\t\/\/ Ultimate fallback: re-layout after everything is fully loaded\n\t\tjQuery(window).on('load', function () {\n\t\t\t$grid.isotope('layout');\n\t\t});\n\n\t\t\/\/video lighting js\n\t\tvideoLightning({\n\t\t\telements: [\n\t\t\t\t{\n\t\t\t\t\t\".vid-5075\": {\n\t\t\t\t\t\twidth: '700',\n\t\t\t\t\t\theight: '480',\n\t\t\t\t\t\tautoplay: true,\n\t\t\t\t\t\tautoclose: true,\n\t\t\t\t\t\tzindex: '999999',\n\t\t\t\t\t\tautohide: 2,\n\t\t\t\t\t}\n\t\t\t\t}\n\t\t\t]\n\t\t});\n\n\t\t\/\/ Move video lightbox wrappers to <body> to escape\n\t\t\/\/ the post content stacking context (fixes sidebar\/header overlap)\n\t\tsetTimeout(function () {\n\t\t\tjQuery('.video-wrapper').each(function () {\n\t\t\t\tvar $wrapper = jQuery(this);\n\t\t\t\t\/\/ Save reference to the original target before moving\n\t\t\t\tvar target = $wrapper.closest('.video-target')[0];\n\t\t\t\t$wrapper.appendTo('body');\n\n\t\t\t\t\/\/ Proxy close button \/ backdrop clicks back to the original target\n\t\t\t\t\/\/ so VideoLightning's internal close handler still fires\n\t\t\t\t$wrapper.on('mouseup', function (e) {\n\t\t\t\t\tvar $clicked = jQuery(e.target);\n\t\t\t\t\tif ($clicked.hasClass('video-close') || $clicked.hasClass('video-wrapper')) {\n\t\t\t\t\t\tif (target) {\n\t\t\t\t\t\t\ttarget.dispatchEvent(new MouseEvent('mouseup', {\n\t\t\t\t\t\t\t\tbubbles: true, button: 0, which: 1\n\t\t\t\t\t\t\t}));\n\t\t\t\t\t\t}\n\t\t\t\t\t}\n\t\t\t\t});\n\t\t\t});\n\t\t}, 100);\n\t});\n<\/script><\/div>\n\t\t\t\t\t\t<\/div>\n\t\t\t\t<\/div>\n\t\t\t\t\t<\/div>\n\t\t\t\t<\/div>\n\t\t\t\t<\/div>\n\t\t","protected":false},"excerpt":{"rendered":"<p>Videa Pod\u00edvejte se na na\u0161e podrobn\u00e9 uk\u00e1zky produkt\u016f a pr\u016fvodce instalac\u00ed, kter\u00e9 jsou navr\u017eeny tak, aby bylo nastaven\u00ed jednoduch\u00e9 a [&hellip;]<\/p>\n","protected":false},"author":3,"featured_media":0,"parent":0,"menu_order":0,"comment_status":"closed","ping_status":"closed","template":"","meta":{"site-sidebar-layout":"no-sidebar","site-content-layout":"page-builder","ast-site-content-layout":"full-width-container","site-content-style":"default","site-sidebar-style":"default","ast-global-header-display":"","ast-banner-title-visibility":"","ast-main-header-display":"","ast-hfb-above-header-display":"","ast-hfb-below-header-display":"","ast-hfb-mobile-header-display":"","site-post-title":"disabled","ast-breadcrumbs-content":"","ast-featured-img":"disabled","footer-sml-layout":"","ast-disable-related-posts":"","theme-transparent-header-meta":"enabled","adv-header-id-meta":"","stick-header-meta":"","header-above-stick-meta":"","header-main-stick-meta":"","header-below-stick-meta":"","astra-migrate-meta-layouts":"default","ast-page-background-enabled":"default","ast-page-background-meta":{"desktop":{"background-color":"","background-image":"","background-repeat":"repeat","background-position":"center center","background-size":"auto","background-attachment":"scroll","background-type":"","background-media":"","overlay-type":"","overlay-color":"","overlay-opacity":"","overlay-gradient":""},"tablet":{"background-color":"","background-image":"","background-repeat":"repeat","background-position":"center center","background-size":"auto","background-attachment":"scroll","background-type":"","background-media":"","overlay-type":"","overlay-color":"","overlay-opacity":"","overlay-gradient":""},"mobile":{"background-color":"","background-image":"","background-repeat":"repeat","background-position":"center center","background-size":"auto","background-attachment":"scroll","background-type":"","background-media":"","overlay-type":"","overlay-color":"","overlay-opacity":"","overlay-gradient":""}},"ast-content-background-meta":{"desktop":{"background-color":"var(--ast-global-color-5)","background-image":"","background-repeat":"repeat","background-position":"center center","background-size":"auto","background-attachment":"scroll","background-type":"","background-media":"","overlay-type":"","overlay-color":"","overlay-opacity":"","overlay-gradient":""},"tablet":{"background-color":"var(--ast-global-color-5)","background-image":"","background-repeat":"repeat","background-position":"center center","background-size":"auto","background-attachment":"scroll","background-type":"","background-media":"","overlay-type":"","overlay-color":"","overlay-opacity":"","overlay-gradient":""},"mobile":{"background-color":"var(--ast-global-color-5)","background-image":"","background-repeat":"repeat","background-position":"center center","background-size":"auto","background-attachment":"scroll","background-type":"","background-media":"","overlay-type":"","overlay-color":"","overlay-opacity":"","overlay-gradient":""}},"footnotes":""},"class_list":["post-3855","page","type-page","status-publish","hentry"],"yoast_head":"<!-- This site is optimized with the Yoast SEO plugin v27.0 - https:\/\/yoast.com\/product\/yoast-seo-wordpress\/ -->\n<title>Pod\u00edvejte se na nejnov\u011bj\u0161\u00ed videa s uk\u00e1zkami a instalac\u00ed - EasyWall Flood Barrier<\/title>\n<meta name=\"description\" content=\"&quot;Pod\u00edvejte se na nejnov\u011bj\u0161\u00ed demonstra\u010dn\u00ed a instala\u010dn\u00ed videa. Z\u00edskejte pr\u016fvodce krok za krokem a odborn\u00e9 tipy pro bezprobl\u00e9movou instalaci.&quot;\" \/>\n<meta name=\"robots\" content=\"index, follow, max-snippet:-1, max-image-preview:large, max-video-preview:-1\" \/>\n<link rel=\"canonical\" href=\"https:\/\/boxwall.com\/cs\/videa\/\" \/>\n<meta property=\"og:locale\" content=\"cs_CZ\" \/>\n<meta property=\"og:type\" content=\"article\" \/>\n<meta property=\"og:title\" content=\"Pod\u00edvejte se na nejnov\u011bj\u0161\u00ed videa s uk\u00e1zkami a instalac\u00ed - EasyWall Flood Barrier\" \/>\n<meta property=\"og:description\" content=\"&quot;Pod\u00edvejte se na nejnov\u011bj\u0161\u00ed demonstra\u010dn\u00ed a instala\u010dn\u00ed videa. Z\u00edskejte pr\u016fvodce krok za krokem a odborn\u00e9 tipy pro bezprobl\u00e9movou instalaci.&quot;\" \/>\n<meta property=\"og:url\" content=\"https:\/\/boxwall.com\/cs\/videa\/\" \/>\n<meta property=\"og:site_name\" content=\"EasyWall Flood Barrier\" \/>\n<meta property=\"article:modified_time\" content=\"2025-05-07T18:18:05+00:00\" \/>\n<meta name=\"twitter:card\" content=\"summary_large_image\" \/>\n<script type=\"application\/ld+json\" class=\"yoast-schema-graph\">{\"@context\":\"https:\/\/schema.org\",\"@graph\":[{\"@type\":\"WebPage\",\"@id\":\"https:\/\/boxwall.com\/cs\/videa\/\",\"url\":\"https:\/\/boxwall.com\/cs\/videa\/\",\"name\":\"Pod\u00edvejte se na nejnov\u011bj\u0161\u00ed videa s uk\u00e1zkami a instalac\u00ed - EasyWall Flood Barrier\",\"isPartOf\":{\"@id\":\"https:\/\/boxwall.com\/cs\/#website\"},\"datePublished\":\"2024-10-29T17:38:32+00:00\",\"dateModified\":\"2025-05-07T18:18:05+00:00\",\"description\":\"\\\"Pod\u00edvejte se na nejnov\u011bj\u0161\u00ed demonstra\u010dn\u00ed a instala\u010dn\u00ed videa. Z\u00edskejte pr\u016fvodce krok za krokem a odborn\u00e9 tipy pro bezprobl\u00e9movou instalaci.\\\"\",\"breadcrumb\":{\"@id\":\"https:\/\/boxwall.com\/cs\/videa\/#breadcrumb\"},\"inLanguage\":\"cs\",\"potentialAction\":[{\"@type\":\"ReadAction\",\"target\":[\"https:\/\/boxwall.com\/cs\/videa\/\"]}]},{\"@type\":\"BreadcrumbList\",\"@id\":\"https:\/\/boxwall.com\/cs\/videa\/#breadcrumb\",\"itemListElement\":[{\"@type\":\"ListItem\",\"position\":1,\"name\":\"Home\",\"item\":\"https:\/\/boxwall.com\/cs\/home\/\"},{\"@type\":\"ListItem\",\"position\":2,\"name\":\"Videa\"}]},{\"@type\":\"WebSite\",\"@id\":\"https:\/\/boxwall.com\/cs\/#website\",\"url\":\"https:\/\/boxwall.com\/cs\/\",\"name\":\"EasyWall Flood Barrier\",\"description\":\"By Environment Solutions\",\"publisher\":{\"@id\":\"https:\/\/boxwall.com\/cs\/#organization\"},\"potentialAction\":[{\"@type\":\"SearchAction\",\"target\":{\"@type\":\"EntryPoint\",\"urlTemplate\":\"https:\/\/boxwall.com\/cs\/?s={search_term_string}\"},\"query-input\":{\"@type\":\"PropertyValueSpecification\",\"valueRequired\":true,\"valueName\":\"search_term_string\"}}],\"inLanguage\":\"cs\"},{\"@type\":\"Organization\",\"@id\":\"https:\/\/boxwall.com\/cs\/#organization\",\"name\":\"EasyWall Flood Barrier\",\"url\":\"https:\/\/boxwall.com\/cs\/\",\"logo\":{\"@type\":\"ImageObject\",\"inLanguage\":\"cs\",\"@id\":\"https:\/\/boxwall.com\/cs\/#\/schema\/logo\/image\/\",\"url\":\"https:\/\/boxwall.com\/wp-content\/uploads\/2025\/04\/NoFloods-by-ES-New-TM-1.webp\",\"contentUrl\":\"https:\/\/boxwall.com\/wp-content\/uploads\/2025\/04\/NoFloods-by-ES-New-TM-1.webp\",\"width\":338,\"height\":70,\"caption\":\"EasyWall Flood Barrier\"},\"image\":{\"@id\":\"https:\/\/boxwall.com\/cs\/#\/schema\/logo\/image\/\"}}]}<\/script>\n<!-- \/ Yoast SEO plugin. -->","yoast_head_json":{"title":"Pod\u00edvejte se na nejnov\u011bj\u0161\u00ed videa s uk\u00e1zkami a instalac\u00ed - EasyWall Flood Barrier","description":"\"Pod\u00edvejte se na nejnov\u011bj\u0161\u00ed demonstra\u010dn\u00ed a instala\u010dn\u00ed videa. Z\u00edskejte pr\u016fvodce krok za krokem a odborn\u00e9 tipy pro bezprobl\u00e9movou instalaci.\"","robots":{"index":"index","follow":"follow","max-snippet":"max-snippet:-1","max-image-preview":"max-image-preview:large","max-video-preview":"max-video-preview:-1"},"canonical":"https:\/\/boxwall.com\/cs\/videa\/","og_locale":"cs_CZ","og_type":"article","og_title":"Pod\u00edvejte se na nejnov\u011bj\u0161\u00ed videa s uk\u00e1zkami a instalac\u00ed - EasyWall Flood Barrier","og_description":"\"Pod\u00edvejte se na nejnov\u011bj\u0161\u00ed demonstra\u010dn\u00ed a instala\u010dn\u00ed videa. Z\u00edskejte pr\u016fvodce krok za krokem a odborn\u00e9 tipy pro bezprobl\u00e9movou instalaci.\"","og_url":"https:\/\/boxwall.com\/cs\/videa\/","og_site_name":"EasyWall Flood Barrier","article_modified_time":"2025-05-07T18:18:05+00:00","twitter_card":"summary_large_image","schema":{"@context":"https:\/\/schema.org","@graph":[{"@type":"WebPage","@id":"https:\/\/boxwall.com\/cs\/videa\/","url":"https:\/\/boxwall.com\/cs\/videa\/","name":"Pod\u00edvejte se na nejnov\u011bj\u0161\u00ed videa s uk\u00e1zkami a instalac\u00ed - EasyWall Flood Barrier","isPartOf":{"@id":"https:\/\/boxwall.com\/cs\/#website"},"datePublished":"2024-10-29T17:38:32+00:00","dateModified":"2025-05-07T18:18:05+00:00","description":"\"Pod\u00edvejte se na nejnov\u011bj\u0161\u00ed demonstra\u010dn\u00ed a instala\u010dn\u00ed videa. Z\u00edskejte pr\u016fvodce krok za krokem a odborn\u00e9 tipy pro bezprobl\u00e9movou instalaci.\"","breadcrumb":{"@id":"https:\/\/boxwall.com\/cs\/videa\/#breadcrumb"},"inLanguage":"cs","potentialAction":[{"@type":"ReadAction","target":["https:\/\/boxwall.com\/cs\/videa\/"]}]},{"@type":"BreadcrumbList","@id":"https:\/\/boxwall.com\/cs\/videa\/#breadcrumb","itemListElement":[{"@type":"ListItem","position":1,"name":"Home","item":"https:\/\/boxwall.com\/cs\/home\/"},{"@type":"ListItem","position":2,"name":"Videa"}]},{"@type":"WebSite","@id":"https:\/\/boxwall.com\/cs\/#website","url":"https:\/\/boxwall.com\/cs\/","name":"EasyWall Flood Barrier","description":"By Environment Solutions","publisher":{"@id":"https:\/\/boxwall.com\/cs\/#organization"},"potentialAction":[{"@type":"SearchAction","target":{"@type":"EntryPoint","urlTemplate":"https:\/\/boxwall.com\/cs\/?s={search_term_string}"},"query-input":{"@type":"PropertyValueSpecification","valueRequired":true,"valueName":"search_term_string"}}],"inLanguage":"cs"},{"@type":"Organization","@id":"https:\/\/boxwall.com\/cs\/#organization","name":"EasyWall Flood Barrier","url":"https:\/\/boxwall.com\/cs\/","logo":{"@type":"ImageObject","inLanguage":"cs","@id":"https:\/\/boxwall.com\/cs\/#\/schema\/logo\/image\/","url":"https:\/\/boxwall.com\/wp-content\/uploads\/2025\/04\/NoFloods-by-ES-New-TM-1.webp","contentUrl":"https:\/\/boxwall.com\/wp-content\/uploads\/2025\/04\/NoFloods-by-ES-New-TM-1.webp","width":338,"height":70,"caption":"EasyWall Flood Barrier"},"image":{"@id":"https:\/\/boxwall.com\/cs\/#\/schema\/logo\/image\/"}}]}},"_links":{"self":[{"href":"https:\/\/boxwall.com\/cs\/wp-json\/wp\/v2\/pages\/3855","targetHints":{"allow":["GET"]}}],"collection":[{"href":"https:\/\/boxwall.com\/cs\/wp-json\/wp\/v2\/pages"}],"about":[{"href":"https:\/\/boxwall.com\/cs\/wp-json\/wp\/v2\/types\/page"}],"author":[{"embeddable":true,"href":"https:\/\/boxwall.com\/cs\/wp-json\/wp\/v2\/users\/3"}],"replies":[{"embeddable":true,"href":"https:\/\/boxwall.com\/cs\/wp-json\/wp\/v2\/comments?post=3855"}],"version-history":[{"count":8,"href":"https:\/\/boxwall.com\/cs\/wp-json\/wp\/v2\/pages\/3855\/revisions"}],"predecessor-version":[{"id":5199,"href":"https:\/\/boxwall.com\/cs\/wp-json\/wp\/v2\/pages\/3855\/revisions\/5199"}],"wp:attachment":[{"href":"https:\/\/boxwall.com\/cs\/wp-json\/wp\/v2\/media?parent=3855"}],"curies":[{"name":"wp","href":"https:\/\/api.w.org\/{rel}","templated":true}]}}