{"id":3574,"date":"2024-08-24T05:43:04","date_gmt":"2024-08-24T05:43:04","guid":{"rendered":"https:\/\/boxwall.com\/instalacni-prirucka\/"},"modified":"2025-04-16T15:05:34","modified_gmt":"2025-04-16T15:05:34","slug":"instalacni-prirucka","status":"publish","type":"page","link":"https:\/\/boxwall.com\/cs\/instalacni-prirucka\/","title":{"rendered":"Instala\u010dn\u00ed p\u0159\u00edru\u010dka"},"content":{"rendered":"\t\t<div data-elementor-type=\"wp-page\" data-elementor-id=\"3574\" class=\"elementor elementor-3574 elementor-147\">\n\t\t\t\t<div class=\"elementor-element elementor-element-90f8eb1 e-flex e-con-boxed e-con e-parent\" data-id=\"90f8eb1\" data-element_type=\"container\" data-e-type=\"container\" data-settings=\"{&quot;background_background&quot;:&quot;video&quot;,&quot;background_video_link&quot;:&quot;https:\\\/\\\/boxwall.com\\\/wp-content\\\/uploads\\\/2025\\\/04\\\/Edited_with_sound-1.mp4&quot;,&quot;background_video_start&quot;:0,&quot;background_play_on_mobile&quot;:&quot;yes&quot;}\">\n\t\t\t\t\t<div class=\"e-con-inner\">\n\t\t<div class=\"elementor-background-video-container\">\n\t\t\t\t\t\t\t<video class=\"elementor-background-video-hosted\" role=\"presentation\" autoplay muted playsinline loop><\/video>\n\t\t\t\t\t<\/div><div class=\"elementor-element elementor-element-856adab e-con-full e-flex e-con e-child\" data-id=\"856adab\" data-element_type=\"container\" data-e-type=\"container\">\n\t\t\t\t<div class=\"elementor-element elementor-element-99936b1 elementor-widget elementor-widget-heading\" data-id=\"99936b1\" data-element_type=\"widget\" data-e-type=\"widget\" data-widget_type=\"heading.default\">\n\t\t\t\t<div class=\"elementor-widget-container\">\n\t\t\t\t\t<h1 class=\"elementor-heading-title elementor-size-default\">Instala\u010dn\u00ed p\u0159\u00edru\u010dka<\/h1>\t\t\t\t<\/div>\n\t\t\t\t<\/div>\n\t\t\t\t<div class=\"elementor-element elementor-element-324a8a5 elementor-widget__width-initial elementor-widget-tablet__width-inherit elementor-widget-mobile__width-inherit elementor-widget elementor-widget-text-editor\" data-id=\"324a8a5\" data-element_type=\"widget\" data-e-type=\"widget\" data-widget_type=\"text-editor.default\">\n\t\t\t\t<div class=\"elementor-widget-container\">\n\t\t\t\t\t\t\t\t\tInstalace syst\u00e9mu NoFloods EasyWall zahrnuje pe\u010dliv\u00e9 um\u00edst\u011bn\u00ed a mont\u00e1\u017e modul\u00e1rn\u00edch jednotek, aby byla zaji\u0161t\u011bna spolehliv\u00e1 a \u00fa\u010dinn\u00e1 ochrana p\u0159ed povodn\u011bmi.\t\t\t\t\t\t\t\t<\/div>\n\t\t\t\t<\/div>\n\t\t\t\t<\/div>\n\t\t\t\t\t<\/div>\n\t\t\t\t<\/div>\n\t\t<div class=\"elementor-element elementor-element-913a746 e-con-full e-flex e-con e-parent\" data-id=\"913a746\" data-element_type=\"container\" data-e-type=\"container\">\n\t\t\t\t<div class=\"elementor-element elementor-element-4184985 elementor-widget elementor-widget-heading\" data-id=\"4184985\" data-element_type=\"widget\" data-e-type=\"widget\" data-widget_type=\"heading.default\">\n\t\t\t\t<div class=\"elementor-widget-container\">\n\t\t\t\t\t<h4 class=\"elementor-heading-title elementor-size-default\">P\u0159\u00edklad uzamykac\u00edho mechanismu z\u00e1vory.<\/h4>\t\t\t\t<\/div>\n\t\t\t\t<\/div>\n\t\t\t\t<\/div>\n\t\t<div class=\"elementor-element elementor-element-719f4ed e-flex e-con-boxed e-con e-parent\" data-id=\"719f4ed\" data-element_type=\"container\" data-e-type=\"container\" data-settings=\"{&quot;background_background&quot;:&quot;classic&quot;}\">\n\t\t\t\t\t<div class=\"e-con-inner\">\n\t\t<div class=\"elementor-element elementor-element-3c8a6b2 e-con-full e-flex e-con e-child\" data-id=\"3c8a6b2\" data-element_type=\"container\" data-e-type=\"container\">\n\t\t\t\t<div class=\"elementor-element elementor-element-f74eb61 elementor-widget elementor-widget-heading\" data-id=\"f74eb61\" data-element_type=\"widget\" data-e-type=\"widget\" data-widget_type=\"heading.default\">\n\t\t\t\t<div class=\"elementor-widget-container\">\n\t\t\t\t\t<h2 class=\"elementor-heading-title elementor-size-default\">Jak instalovat bari\u00e9ru EasyWall<\/h2>\t\t\t\t<\/div>\n\t\t\t\t<\/div>\n\t\t\t\t<div class=\"elementor-element elementor-element-819d67c elementor-widget elementor-widget-text-editor\" data-id=\"819d67c\" data-element_type=\"widget\" data-e-type=\"widget\" data-widget_type=\"text-editor.default\">\n\t\t\t\t<div class=\"elementor-widget-container\">\n\t\t\t\t\t\t\t\t\t<p>Ka\u017ed\u00e1 z\u00e1brana v\u00e1\u017e\u00ed p\u0159ibli\u017en\u011b 3-13 kg, co\u017e umo\u017e\u0148uje snadn\u00e9 um\u00edst\u011bn\u00ed z\u00e1bran. Zamykac\u00ed mechanismus je snadn\u00fd a intuitivn\u00ed, co\u017e umo\u017e\u0148uje rychlou instalaci. Po instalaci v\u017edy z\u00e1branu d\u016fkladn\u011b zkontrolujte, abyste se ujistili, \u017ee je ka\u017ed\u00fd modul spr\u00e1vn\u011b.  <\/p>\t\t\t\t\t\t\t\t<\/div>\n\t\t\t\t<\/div>\n\t\t<div class=\"elementor-element elementor-element-0676d34 e-flex e-con-boxed e-con e-child\" data-id=\"0676d34\" data-element_type=\"container\" data-e-type=\"container\">\n\t\t\t\t\t<div class=\"e-con-inner\">\n\t\t<div class=\"elementor-element elementor-element-de2d6e8 e-con-full e-flex e-con e-child\" data-id=\"de2d6e8\" data-element_type=\"container\" data-e-type=\"container\">\n\t\t\t\t<div class=\"elementor-element elementor-element-425ed33 elementor-widget-divider--view-line_text elementor-widget-divider--element-align-left elementor-widget elementor-widget-divider\" data-id=\"425ed33\" data-element_type=\"widget\" data-e-type=\"widget\" data-widget_type=\"divider.default\">\n\t\t\t\t<div class=\"elementor-widget-container\">\n\t\t\t\t\t\t\t<div class=\"elementor-divider\">\n\t\t\t<span class=\"elementor-divider-separator\">\n\t\t\t\t\t\t\t<span class=\"elementor-divider__text elementor-divider__element\">\n\t\t\t\t01.\t\t\t\t<\/span>\n\t\t\t\t\t\t<\/span>\n\t\t<\/div>\n\t\t\t\t\t\t<\/div>\n\t\t\t\t<\/div>\n\t\t\t\t<div class=\"elementor-element elementor-element-04e1b73 elementor-widget elementor-widget-heading\" data-id=\"04e1b73\" data-element_type=\"widget\" data-e-type=\"widget\" data-widget_type=\"heading.default\">\n\t\t\t\t<div class=\"elementor-widget-container\">\n\t\t\t\t\t<h4 class=\"elementor-heading-title elementor-size-default\">Orientace bari\u00e9ry<\/h4>\t\t\t\t<\/div>\n\t\t\t\t<\/div>\n\t\t\t\t<div class=\"elementor-element elementor-element-cede211 elementor-widget elementor-widget-text-editor\" data-id=\"cede211\" data-element_type=\"widget\" data-e-type=\"widget\" data-widget_type=\"text-editor.default\">\n\t\t\t\t<div class=\"elementor-widget-container\">\n\t\t\t\t\t\t\t\t\tKa\u017ed\u00fd modul NoFloods EasyWall m\u00e1 definovanou horn\u00ed a spodn\u00ed \u010d\u00e1st, aby bylo zaji\u0161t\u011bno spr\u00e1vn\u00e9 nastaven\u00ed. Vizu\u00e1ln\u00ed ukazatele, jako je tvar, zna\u010den\u00ed nebo ozna\u010den\u00ed, pom\u00e1haj\u00ed ur\u010dit vzp\u0159\u00edmenou polohu. Zaji\u0161t\u011bn\u00ed spr\u00e1vn\u00e9 orientace je nezbytn\u00e9 pro stabilitu a bezprobl\u00e9mov\u00e9 spojen\u00ed se sousedn\u00edmi moduly.  \t\t\t\t\t\t\t\t<\/div>\n\t\t\t\t<\/div>\n\t\t\t\t<\/div>\n\t\t<div class=\"elementor-element elementor-element-98c696a e-con-full e-flex e-con e-child\" data-id=\"98c696a\" data-element_type=\"container\" data-e-type=\"container\">\n\t\t\t\t<div class=\"elementor-element elementor-element-6b8b6a7 elementor-widget-divider--view-line_text elementor-widget-divider--element-align-left elementor-widget elementor-widget-divider\" data-id=\"6b8b6a7\" data-element_type=\"widget\" data-e-type=\"widget\" data-widget_type=\"divider.default\">\n\t\t\t\t<div class=\"elementor-widget-container\">\n\t\t\t\t\t\t\t<div class=\"elementor-divider\">\n\t\t\t<span class=\"elementor-divider-separator\">\n\t\t\t\t\t\t\t<span class=\"elementor-divider__text elementor-divider__element\">\n\t\t\t\t02.\t\t\t\t<\/span>\n\t\t\t\t\t\t<\/span>\n\t\t<\/div>\n\t\t\t\t\t\t<\/div>\n\t\t\t\t<\/div>\n\t\t\t\t<div class=\"elementor-element elementor-element-1d35a3d elementor-widget elementor-widget-heading\" data-id=\"1d35a3d\" data-element_type=\"widget\" data-e-type=\"widget\" data-widget_type=\"heading.default\">\n\t\t\t\t<div class=\"elementor-widget-container\">\n\t\t\t\t\t<h4 class=\"elementor-heading-title elementor-size-default\">P\u0159ipojen\u00ed jednotek<\/h4>\t\t\t\t<\/div>\n\t\t\t\t<\/div>\n\t\t\t\t<div class=\"elementor-element elementor-element-e5c0692 elementor-widget elementor-widget-text-editor\" data-id=\"e5c0692\" data-element_type=\"widget\" data-e-type=\"widget\" data-widget_type=\"text-editor.default\">\n\t\t\t\t<div class=\"elementor-widget-container\">\n\t\t\t\t\t\t\t\t\tP\u0159ipojen\u00ed modul\u016f za\u010dn\u011bte um\u00edst\u011bn\u00edm prvn\u00ed jednotky EasyWall na m\u00edsto. Dal\u0161\u00ed jednotku m\u00edrn\u011b naklon\u011bte, vyrovnejte spodn\u00ed konektory, pot\u00e9 ji spus\u0165te na m\u00edsto a zajist\u011bte horn\u00ed p\u0159ipojen\u00ed. I kdy\u017e se detaily zaji\u0161t\u011bn\u00ed mohou u jednotliv\u00fdch model\u016f m\u00edrn\u011b li\u0161it, celkov\u00fd postup p\u0159ipojen\u00ed z\u016fst\u00e1v\u00e1 stejn\u00fd.  \t\t\t\t\t\t\t\t<\/div>\n\t\t\t\t<\/div>\n\t\t\t\t<\/div>\n\t\t<div class=\"elementor-element elementor-element-f065185 e-con-full e-flex e-con e-child\" data-id=\"f065185\" data-element_type=\"container\" data-e-type=\"container\">\n\t\t\t\t<div class=\"elementor-element elementor-element-7293cba elementor-widget-divider--view-line_text elementor-widget-divider--element-align-left elementor-widget elementor-widget-divider\" data-id=\"7293cba\" data-element_type=\"widget\" data-e-type=\"widget\" data-widget_type=\"divider.default\">\n\t\t\t\t<div class=\"elementor-widget-container\">\n\t\t\t\t\t\t\t<div class=\"elementor-divider\">\n\t\t\t<span class=\"elementor-divider-separator\">\n\t\t\t\t\t\t\t<span class=\"elementor-divider__text elementor-divider__element\">\n\t\t\t\t03.\t\t\t\t<\/span>\n\t\t\t\t\t\t<\/span>\n\t\t<\/div>\n\t\t\t\t\t\t<\/div>\n\t\t\t\t<\/div>\n\t\t\t\t<div class=\"elementor-element elementor-element-b46d7a6 elementor-widget elementor-widget-heading\" data-id=\"b46d7a6\" data-element_type=\"widget\" data-e-type=\"widget\" data-widget_type=\"heading.default\">\n\t\t\t\t<div class=\"elementor-widget-container\">\n\t\t\t\t\t<h4 class=\"elementor-heading-title elementor-size-default\">P\u0159ipojen\u00ed a uzam\u010den\u00ed<\/h4>\t\t\t\t<\/div>\n\t\t\t\t<\/div>\n\t\t\t\t<div class=\"elementor-element elementor-element-08f9bf9 elementor-widget elementor-widget-text-editor\" data-id=\"08f9bf9\" data-element_type=\"widget\" data-e-type=\"widget\" data-widget_type=\"text-editor.default\">\n\t\t\t\t<div class=\"elementor-widget-container\">\n\t\t\t\t\t\t\t\t\tPokra\u010dujte ve spojov\u00e1n\u00ed jednotek, abyste dos\u00e1hli po\u017eadovan\u00e9 d\u00e9lky a konfigurace bari\u00e9ry. Zamykac\u00ed mechanismy NoFloods EasyWall umo\u017e\u0148uj\u00ed snadn\u00e9 nastaven\u00ed a zaji\u0161\u0165uj\u00ed bezpe\u010dn\u00e9 a flexibiln\u00ed nastaven\u00ed. Pro oto\u010den\u00ed poskytuj\u00ed rohov\u00e9 moduly dovnit\u0159 a ven stabiln\u00ed a p\u0159esn\u00e9 \u0159e\u0161en\u00ed, zat\u00edmco bari\u00e9ru lze elegantn\u011b zakon\u010dit koncov\u00fdm modulem.  \t\t\t\t\t\t\t\t<\/div>\n\t\t\t\t<\/div>\n\t\t\t\t<\/div>\n\t\t<div class=\"elementor-element elementor-element-4a45c7e e-con-full e-flex e-con e-child\" data-id=\"4a45c7e\" data-element_type=\"container\" data-e-type=\"container\">\n\t\t\t\t<div class=\"elementor-element elementor-element-a8d29fd elementor-widget-divider--view-line_text elementor-widget-divider--element-align-left elementor-widget elementor-widget-divider\" data-id=\"a8d29fd\" data-element_type=\"widget\" data-e-type=\"widget\" data-widget_type=\"divider.default\">\n\t\t\t\t<div class=\"elementor-widget-container\">\n\t\t\t\t\t\t\t<div class=\"elementor-divider\">\n\t\t\t<span class=\"elementor-divider-separator\">\n\t\t\t\t\t\t\t<span class=\"elementor-divider__text elementor-divider__element\">\n\t\t\t\t04.\t\t\t\t<\/span>\n\t\t\t\t\t\t<\/span>\n\t\t<\/div>\n\t\t\t\t\t\t<\/div>\n\t\t\t\t<\/div>\n\t\t\t\t<div class=\"elementor-element elementor-element-f6c0b62 elementor-widget elementor-widget-heading\" data-id=\"f6c0b62\" data-element_type=\"widget\" data-e-type=\"widget\" data-widget_type=\"heading.default\">\n\t\t\t\t<div class=\"elementor-widget-container\">\n\t\t\t\t\t<h4 class=\"elementor-heading-title elementor-size-default\">Demont\u00e1\u017e<\/h4>\t\t\t\t<\/div>\n\t\t\t\t<\/div>\n\t\t\t\t<div class=\"elementor-element elementor-element-8c197ba elementor-widget elementor-widget-text-editor\" data-id=\"8c197ba\" data-element_type=\"widget\" data-e-type=\"widget\" data-widget_type=\"text-editor.default\">\n\t\t\t\t<div class=\"elementor-widget-container\">\n\t\t\t\t\t\t\t\t\tP\u0159i demont\u00e1\u017ei st\u011bny NoFloods EasyWall za\u010dn\u011bte u koncov\u00e9 jednotky. V z\u00e1vislosti na modelu m\u016f\u017ee b\u00fdt nutn\u00e9 nejprve odblokovat horn\u00ed p\u0159\u00edpojku. Pot\u00e9 jednodu\u0161e zvedn\u011bte a vyklopte ka\u017edou jednotku a odd\u011blte ji od dal\u0161\u00ed.  \t\t\t\t\t\t\t\t<\/div>\n\t\t\t\t<\/div>\n\t\t\t\t<\/div>\n\t\t\t\t\t<\/div>\n\t\t\t\t<\/div>\n\t\t\t\t<\/div>\n\t\t\t\t\t<\/div>\n\t\t\t\t<\/div>\n\t\t\t\t<\/div>\n\t\t","protected":false},"excerpt":{"rendered":"<p>Instala\u010dn\u00ed p\u0159\u00edru\u010dka Instalace syst\u00e9mu NoFloods EasyWall zahrnuje pe\u010dliv\u00e9 um\u00edst\u011bn\u00ed a mont\u00e1\u017e modul\u00e1rn\u00edch jednotek, aby byla zaji\u0161t\u011bna spolehliv\u00e1 a \u00fa\u010dinn\u00e1 ochrana [&hellip;]<\/p>\n","protected":false},"author":3,"featured_media":0,"parent":0,"menu_order":0,"comment_status":"closed","ping_status":"closed","template":"","meta":{"site-sidebar-layout":"no-sidebar","site-content-layout":"page-builder","ast-site-content-layout":"full-width-container","site-content-style":"unboxed","site-sidebar-style":"unboxed","ast-global-header-display":"","ast-banner-title-visibility":"","ast-main-header-display":"","ast-hfb-above-header-display":"","ast-hfb-below-header-display":"","ast-hfb-mobile-header-display":"","site-post-title":"disabled","ast-breadcrumbs-content":"","ast-featured-img":"disabled","footer-sml-layout":"","ast-disable-related-posts":"","theme-transparent-header-meta":"enabled","adv-header-id-meta":"","stick-header-meta":"","header-above-stick-meta":"","header-main-stick-meta":"","header-below-stick-meta":"","astra-migrate-meta-layouts":"default","ast-page-background-enabled":"default","ast-page-background-meta":{"desktop":{"background-color":"","background-image":"","background-repeat":"repeat","background-position":"center center","background-size":"auto","background-attachment":"scroll","background-type":"","background-media":"","overlay-type":"","overlay-color":"","overlay-opacity":"","overlay-gradient":""},"tablet":{"background-color":"","background-image":"","background-repeat":"repeat","background-position":"center center","background-size":"auto","background-attachment":"scroll","background-type":"","background-media":"","overlay-type":"","overlay-color":"","overlay-opacity":"","overlay-gradient":""},"mobile":{"background-color":"","background-image":"","background-repeat":"repeat","background-position":"center center","background-size":"auto","background-attachment":"scroll","background-type":"","background-media":"","overlay-type":"","overlay-color":"","overlay-opacity":"","overlay-gradient":""}},"ast-content-background-meta":{"desktop":{"background-color":"var(--ast-global-color-5)","background-image":"","background-repeat":"repeat","background-position":"center center","background-size":"auto","background-attachment":"scroll","background-type":"","background-media":"","overlay-type":"","overlay-color":"","overlay-opacity":"","overlay-gradient":""},"tablet":{"background-color":"var(--ast-global-color-5)","background-image":"","background-repeat":"repeat","background-position":"center center","background-size":"auto","background-attachment":"scroll","background-type":"","background-media":"","overlay-type":"","overlay-color":"","overlay-opacity":"","overlay-gradient":""},"mobile":{"background-color":"var(--ast-global-color-5)","background-image":"","background-repeat":"repeat","background-position":"center center","background-size":"auto","background-attachment":"scroll","background-type":"","background-media":"","overlay-type":"","overlay-color":"","overlay-opacity":"","overlay-gradient":""}},"footnotes":""},"class_list":["post-3574","page","type-page","status-publish","hentry"],"yoast_head":"<!-- This site is optimized with the Yoast SEO plugin v27.0 - https:\/\/yoast.com\/product\/yoast-seo-wordpress\/ -->\n<title>Instala\u010dn\u00ed p\u0159\u00edru\u010dka - Instalace syst\u00e9mu NoFloods BoxWall<\/title>\n<meta name=\"description\" content=\"Instalace NoFloods BoxWall skl\u00e1d\u00e1 modul\u00e1rn\u00ed bari\u00e9ry, kter\u00e9 blokuj\u00ed povod\u0148ov\u00e9 vody a nab\u00edzej\u00ed spolehlivou a \u00fa\u010dinnou ochranu ohro\u017een\u00fdch oblast\u00ed.\" \/>\n<meta name=\"robots\" content=\"index, follow, max-snippet:-1, max-image-preview:large, max-video-preview:-1\" \/>\n<link rel=\"canonical\" href=\"https:\/\/boxwall.com\/cs\/instalacni-prirucka\/\" \/>\n<meta property=\"og:locale\" content=\"cs_CZ\" \/>\n<meta property=\"og:type\" content=\"article\" \/>\n<meta property=\"og:title\" content=\"Instala\u010dn\u00ed p\u0159\u00edru\u010dka - Instalace syst\u00e9mu NoFloods BoxWall\" \/>\n<meta property=\"og:description\" content=\"Instalace NoFloods BoxWall skl\u00e1d\u00e1 modul\u00e1rn\u00ed bari\u00e9ry, kter\u00e9 blokuj\u00ed povod\u0148ov\u00e9 vody a nab\u00edzej\u00ed spolehlivou a \u00fa\u010dinnou ochranu ohro\u017een\u00fdch oblast\u00ed.\" \/>\n<meta property=\"og:url\" content=\"https:\/\/boxwall.com\/cs\/instalacni-prirucka\/\" \/>\n<meta property=\"og:site_name\" content=\"EasyWall Flood Barrier\" \/>\n<meta property=\"article:modified_time\" content=\"2025-04-16T15:05:34+00:00\" \/>\n<meta name=\"twitter:card\" content=\"summary_large_image\" \/>\n<meta name=\"twitter:label1\" content=\"Odhadovan\u00e1 doba \u010dten\u00ed\" \/>\n\t<meta name=\"twitter:data1\" content=\"2 minut\" \/>\n<script type=\"application\/ld+json\" class=\"yoast-schema-graph\">{\"@context\":\"https:\/\/schema.org\",\"@graph\":[{\"@type\":\"WebPage\",\"@id\":\"https:\/\/boxwall.com\/cs\/instalacni-prirucka\/\",\"url\":\"https:\/\/boxwall.com\/cs\/instalacni-prirucka\/\",\"name\":\"Instala\u010dn\u00ed p\u0159\u00edru\u010dka - Instalace syst\u00e9mu NoFloods BoxWall\",\"isPartOf\":{\"@id\":\"https:\/\/boxwall.com\/cs\/#website\"},\"datePublished\":\"2024-08-24T05:43:04+00:00\",\"dateModified\":\"2025-04-16T15:05:34+00:00\",\"description\":\"Instalace NoFloods BoxWall skl\u00e1d\u00e1 modul\u00e1rn\u00ed bari\u00e9ry, kter\u00e9 blokuj\u00ed povod\u0148ov\u00e9 vody a nab\u00edzej\u00ed spolehlivou a \u00fa\u010dinnou ochranu ohro\u017een\u00fdch oblast\u00ed.\",\"breadcrumb\":{\"@id\":\"https:\/\/boxwall.com\/cs\/instalacni-prirucka\/#breadcrumb\"},\"inLanguage\":\"cs\",\"potentialAction\":[{\"@type\":\"ReadAction\",\"target\":[\"https:\/\/boxwall.com\/cs\/instalacni-prirucka\/\"]}]},{\"@type\":\"BreadcrumbList\",\"@id\":\"https:\/\/boxwall.com\/cs\/instalacni-prirucka\/#breadcrumb\",\"itemListElement\":[{\"@type\":\"ListItem\",\"position\":1,\"name\":\"Home\",\"item\":\"https:\/\/boxwall.com\/cs\/home\/\"},{\"@type\":\"ListItem\",\"position\":2,\"name\":\"Instala\u010dn\u00ed p\u0159\u00edru\u010dka\"}]},{\"@type\":\"WebSite\",\"@id\":\"https:\/\/boxwall.com\/cs\/#website\",\"url\":\"https:\/\/boxwall.com\/cs\/\",\"name\":\"EasyWall Flood Barrier\",\"description\":\"By Environment Solutions\",\"publisher\":{\"@id\":\"https:\/\/boxwall.com\/cs\/#organization\"},\"potentialAction\":[{\"@type\":\"SearchAction\",\"target\":{\"@type\":\"EntryPoint\",\"urlTemplate\":\"https:\/\/boxwall.com\/cs\/?s={search_term_string}\"},\"query-input\":{\"@type\":\"PropertyValueSpecification\",\"valueRequired\":true,\"valueName\":\"search_term_string\"}}],\"inLanguage\":\"cs\"},{\"@type\":\"Organization\",\"@id\":\"https:\/\/boxwall.com\/cs\/#organization\",\"name\":\"EasyWall Flood Barrier\",\"url\":\"https:\/\/boxwall.com\/cs\/\",\"logo\":{\"@type\":\"ImageObject\",\"inLanguage\":\"cs\",\"@id\":\"https:\/\/boxwall.com\/cs\/#\/schema\/logo\/image\/\",\"url\":\"https:\/\/boxwall.com\/wp-content\/uploads\/2025\/04\/NoFloods-by-ES-New-TM-1.webp\",\"contentUrl\":\"https:\/\/boxwall.com\/wp-content\/uploads\/2025\/04\/NoFloods-by-ES-New-TM-1.webp\",\"width\":338,\"height\":70,\"caption\":\"EasyWall Flood Barrier\"},\"image\":{\"@id\":\"https:\/\/boxwall.com\/cs\/#\/schema\/logo\/image\/\"}}]}<\/script>\n<!-- \/ Yoast SEO plugin. -->","yoast_head_json":{"title":"Instala\u010dn\u00ed p\u0159\u00edru\u010dka - Instalace syst\u00e9mu NoFloods BoxWall","description":"Instalace NoFloods BoxWall skl\u00e1d\u00e1 modul\u00e1rn\u00ed bari\u00e9ry, kter\u00e9 blokuj\u00ed povod\u0148ov\u00e9 vody a nab\u00edzej\u00ed spolehlivou a \u00fa\u010dinnou ochranu ohro\u017een\u00fdch oblast\u00ed.","robots":{"index":"index","follow":"follow","max-snippet":"max-snippet:-1","max-image-preview":"max-image-preview:large","max-video-preview":"max-video-preview:-1"},"canonical":"https:\/\/boxwall.com\/cs\/instalacni-prirucka\/","og_locale":"cs_CZ","og_type":"article","og_title":"Instala\u010dn\u00ed p\u0159\u00edru\u010dka - Instalace syst\u00e9mu NoFloods BoxWall","og_description":"Instalace NoFloods BoxWall skl\u00e1d\u00e1 modul\u00e1rn\u00ed bari\u00e9ry, kter\u00e9 blokuj\u00ed povod\u0148ov\u00e9 vody a nab\u00edzej\u00ed spolehlivou a \u00fa\u010dinnou ochranu ohro\u017een\u00fdch oblast\u00ed.","og_url":"https:\/\/boxwall.com\/cs\/instalacni-prirucka\/","og_site_name":"EasyWall Flood Barrier","article_modified_time":"2025-04-16T15:05:34+00:00","twitter_card":"summary_large_image","twitter_misc":{"Odhadovan\u00e1 doba \u010dten\u00ed":"2 minut"},"schema":{"@context":"https:\/\/schema.org","@graph":[{"@type":"WebPage","@id":"https:\/\/boxwall.com\/cs\/instalacni-prirucka\/","url":"https:\/\/boxwall.com\/cs\/instalacni-prirucka\/","name":"Instala\u010dn\u00ed p\u0159\u00edru\u010dka - Instalace syst\u00e9mu NoFloods BoxWall","isPartOf":{"@id":"https:\/\/boxwall.com\/cs\/#website"},"datePublished":"2024-08-24T05:43:04+00:00","dateModified":"2025-04-16T15:05:34+00:00","description":"Instalace NoFloods BoxWall skl\u00e1d\u00e1 modul\u00e1rn\u00ed bari\u00e9ry, kter\u00e9 blokuj\u00ed povod\u0148ov\u00e9 vody a nab\u00edzej\u00ed spolehlivou a \u00fa\u010dinnou ochranu ohro\u017een\u00fdch oblast\u00ed.","breadcrumb":{"@id":"https:\/\/boxwall.com\/cs\/instalacni-prirucka\/#breadcrumb"},"inLanguage":"cs","potentialAction":[{"@type":"ReadAction","target":["https:\/\/boxwall.com\/cs\/instalacni-prirucka\/"]}]},{"@type":"BreadcrumbList","@id":"https:\/\/boxwall.com\/cs\/instalacni-prirucka\/#breadcrumb","itemListElement":[{"@type":"ListItem","position":1,"name":"Home","item":"https:\/\/boxwall.com\/cs\/home\/"},{"@type":"ListItem","position":2,"name":"Instala\u010dn\u00ed p\u0159\u00edru\u010dka"}]},{"@type":"WebSite","@id":"https:\/\/boxwall.com\/cs\/#website","url":"https:\/\/boxwall.com\/cs\/","name":"EasyWall Flood Barrier","description":"By Environment Solutions","publisher":{"@id":"https:\/\/boxwall.com\/cs\/#organization"},"potentialAction":[{"@type":"SearchAction","target":{"@type":"EntryPoint","urlTemplate":"https:\/\/boxwall.com\/cs\/?s={search_term_string}"},"query-input":{"@type":"PropertyValueSpecification","valueRequired":true,"valueName":"search_term_string"}}],"inLanguage":"cs"},{"@type":"Organization","@id":"https:\/\/boxwall.com\/cs\/#organization","name":"EasyWall Flood Barrier","url":"https:\/\/boxwall.com\/cs\/","logo":{"@type":"ImageObject","inLanguage":"cs","@id":"https:\/\/boxwall.com\/cs\/#\/schema\/logo\/image\/","url":"https:\/\/boxwall.com\/wp-content\/uploads\/2025\/04\/NoFloods-by-ES-New-TM-1.webp","contentUrl":"https:\/\/boxwall.com\/wp-content\/uploads\/2025\/04\/NoFloods-by-ES-New-TM-1.webp","width":338,"height":70,"caption":"EasyWall Flood Barrier"},"image":{"@id":"https:\/\/boxwall.com\/cs\/#\/schema\/logo\/image\/"}}]}},"_links":{"self":[{"href":"https:\/\/boxwall.com\/cs\/wp-json\/wp\/v2\/pages\/3574","targetHints":{"allow":["GET"]}}],"collection":[{"href":"https:\/\/boxwall.com\/cs\/wp-json\/wp\/v2\/pages"}],"about":[{"href":"https:\/\/boxwall.com\/cs\/wp-json\/wp\/v2\/types\/page"}],"author":[{"embeddable":true,"href":"https:\/\/boxwall.com\/cs\/wp-json\/wp\/v2\/users\/3"}],"replies":[{"embeddable":true,"href":"https:\/\/boxwall.com\/cs\/wp-json\/wp\/v2\/comments?post=3574"}],"version-history":[{"count":10,"href":"https:\/\/boxwall.com\/cs\/wp-json\/wp\/v2\/pages\/3574\/revisions"}],"predecessor-version":[{"id":4913,"href":"https:\/\/boxwall.com\/cs\/wp-json\/wp\/v2\/pages\/3574\/revisions\/4913"}],"wp:attachment":[{"href":"https:\/\/boxwall.com\/cs\/wp-json\/wp\/v2\/media?parent=3574"}],"curies":[{"name":"wp","href":"https:\/\/api.w.org\/{rel}","templated":true}]}}