{"id":3224,"date":"2024-10-04T18:26:42","date_gmt":"2024-10-04T18:26:42","guid":{"rendered":"https:\/\/boxwall.com\/dekujeme\/"},"modified":"2024-12-27T17:21:09","modified_gmt":"2024-12-27T17:21:09","slug":"dekujeme","status":"publish","type":"page","link":"https:\/\/boxwall.com\/cs\/dekujeme\/","title":{"rendered":"D\u011bkujeme"},"content":{"rendered":"\t\t<div data-elementor-type=\"wp-page\" data-elementor-id=\"3224\" class=\"elementor elementor-3224 elementor-2254\">\n\t\t\t\t<div class=\"elementor-element elementor-element-2ac32b78 e-flex e-con-boxed e-con e-parent\" data-id=\"2ac32b78\" data-element_type=\"container\" data-e-type=\"container\" data-settings=\"{&quot;background_background&quot;:&quot;classic&quot;}\">\n\t\t\t\t\t<div class=\"e-con-inner\">\n\t\t<div class=\"elementor-element elementor-element-7ed55107 e-con-full e-flex e-con e-child\" data-id=\"7ed55107\" data-element_type=\"container\" data-e-type=\"container\">\n\t\t\t\t<div class=\"elementor-element elementor-element-1f510dc6 elementor-widget elementor-widget-heading\" data-id=\"1f510dc6\" data-element_type=\"widget\" data-e-type=\"widget\" data-widget_type=\"heading.default\">\n\t\t\t\t<div class=\"elementor-widget-container\">\n\t\t\t\t\t<h1 class=\"elementor-heading-title elementor-size-default\">D\u011bkujeme<\/h1>\t\t\t\t<\/div>\n\t\t\t\t<\/div>\n\t\t\t\t<\/div>\n\t\t\t\t\t<\/div>\n\t\t\t\t<\/div>\n\t\t<div class=\"elementor-element elementor-element-e59e581 e-flex e-con-boxed e-con e-parent\" data-id=\"e59e581\" data-element_type=\"container\" data-e-type=\"container\" data-settings=\"{&quot;background_background&quot;:&quot;classic&quot;}\">\n\t\t\t\t\t<div class=\"e-con-inner\">\n\t\t\t\t<div class=\"elementor-element elementor-element-e9fa078 elementor-widget elementor-widget-text-editor\" data-id=\"e9fa078\" data-element_type=\"widget\" data-e-type=\"widget\" data-widget_type=\"text-editor.default\">\n\t\t\t\t<div class=\"elementor-widget-container\">\n\t\t\t\t\t\t\t\t\t<p>Va\u0161i zpr\u00e1vu jsme obdr\u017eeli a co nejd\u0159\u00edve se v\u00e1m ozveme. Pokud je v\u00e1\u0161 dotaz nal\u00e9hav\u00fd, nev\u00e1hejte n\u00e1s kontaktovat na <a class=\"menu-link\" href=\"tel:+4570707482\"> adrese +4570707482<\/a>. V opa\u010dn\u00e9m p\u0159\u00edpad\u011b na va\u0161i zpr\u00e1vu brzy odpov\u00edme.  <\/p>\n<p>D\u011bkujeme za v\u00e1\u0161 z\u00e1jem!  <\/p>\n\t\t\t\t\t\t\t\t<\/div>\n\t\t\t\t<\/div>\n\t\t\t\t\t<\/div>\n\t\t\t\t<\/div>\n\t\t\t\t<\/div>\n\t\t","protected":false},"excerpt":{"rendered":"<p>D\u011bkujeme Va\u0161i zpr\u00e1vu jsme obdr\u017eeli a co nejd\u0159\u00edve se v\u00e1m ozveme. Pokud je v\u00e1\u0161 dotaz nal\u00e9hav\u00fd, nev\u00e1hejte n\u00e1s kontaktovat na [&hellip;]<\/p>\n","protected":false},"author":3,"featured_media":0,"parent":0,"menu_order":0,"comment_status":"closed","ping_status":"closed","template":"elementor_header_footer","meta":{"site-sidebar-layout":"no-sidebar","site-content-layout":"page-builder","ast-site-content-layout":"full-width-container","site-content-style":"default","site-sidebar-style":"default","ast-global-header-display":"","ast-banner-title-visibility":"","ast-main-header-display":"","ast-hfb-above-header-display":"","ast-hfb-below-header-display":"","ast-hfb-mobile-header-display":"","site-post-title":"disabled","ast-breadcrumbs-content":"","ast-featured-img":"disabled","footer-sml-layout":"","ast-disable-related-posts":"","theme-transparent-header-meta":"enabled","adv-header-id-meta":"","stick-header-meta":"","header-above-stick-meta":"","header-main-stick-meta":"","header-below-stick-meta":"","astra-migrate-meta-layouts":"default","ast-page-background-enabled":"default","ast-page-background-meta":{"desktop":{"background-color":"","background-image":"","background-repeat":"repeat","background-position":"center center","background-size":"auto","background-attachment":"scroll","background-type":"","background-media":"","overlay-type":"","overlay-color":"","overlay-opacity":"","overlay-gradient":""},"tablet":{"background-color":"","background-image":"","background-repeat":"repeat","background-position":"center center","background-size":"auto","background-attachment":"scroll","background-type":"","background-media":"","overlay-type":"","overlay-color":"","overlay-opacity":"","overlay-gradient":""},"mobile":{"background-color":"","background-image":"","background-repeat":"repeat","background-position":"center center","background-size":"auto","background-attachment":"scroll","background-type":"","background-media":"","overlay-type":"","overlay-color":"","overlay-opacity":"","overlay-gradient":""}},"ast-content-background-meta":{"desktop":{"background-color":"var(--ast-global-color-5)","background-image":"","background-repeat":"repeat","background-position":"center center","background-size":"auto","background-attachment":"scroll","background-type":"","background-media":"","overlay-type":"","overlay-color":"","overlay-opacity":"","overlay-gradient":""},"tablet":{"background-color":"var(--ast-global-color-5)","background-image":"","background-repeat":"repeat","background-position":"center center","background-size":"auto","background-attachment":"scroll","background-type":"","background-media":"","overlay-type":"","overlay-color":"","overlay-opacity":"","overlay-gradient":""},"mobile":{"background-color":"var(--ast-global-color-5)","background-image":"","background-repeat":"repeat","background-position":"center center","background-size":"auto","background-attachment":"scroll","background-type":"","background-media":"","overlay-type":"","overlay-color":"","overlay-opacity":"","overlay-gradient":""}},"footnotes":""},"class_list":["post-3224","page","type-page","status-publish","hentry"],"yoast_head":"<!-- This site is optimized with the Yoast SEO plugin v27.0 - https:\/\/yoast.com\/product\/yoast-seo-wordpress\/ -->\n<title>D\u011bkujeme - EasyWall Flood Barrier<\/title>\n<meta name=\"robots\" content=\"index, follow, max-snippet:-1, max-image-preview:large, max-video-preview:-1\" \/>\n<link rel=\"canonical\" href=\"https:\/\/boxwall.com\/cs\/dekujeme\/\" \/>\n<meta property=\"og:locale\" content=\"cs_CZ\" \/>\n<meta property=\"og:type\" content=\"article\" \/>\n<meta property=\"og:title\" content=\"D\u011bkujeme - EasyWall Flood Barrier\" \/>\n<meta property=\"og:description\" content=\"D\u011bkujeme Va\u0161i zpr\u00e1vu jsme obdr\u017eeli a co nejd\u0159\u00edve se v\u00e1m ozveme. Pokud je v\u00e1\u0161 dotaz nal\u00e9hav\u00fd, nev\u00e1hejte n\u00e1s kontaktovat na [&hellip;]\" \/>\n<meta property=\"og:url\" content=\"https:\/\/boxwall.com\/cs\/dekujeme\/\" \/>\n<meta property=\"og:site_name\" content=\"EasyWall Flood Barrier\" \/>\n<meta property=\"article:modified_time\" content=\"2024-12-27T17:21:09+00:00\" \/>\n<meta name=\"twitter:card\" content=\"summary_large_image\" \/>\n<script type=\"application\/ld+json\" class=\"yoast-schema-graph\">{\"@context\":\"https:\/\/schema.org\",\"@graph\":[{\"@type\":\"WebPage\",\"@id\":\"https:\/\/boxwall.com\/cs\/dekujeme\/\",\"url\":\"https:\/\/boxwall.com\/cs\/dekujeme\/\",\"name\":\"D\u011bkujeme - EasyWall Flood Barrier\",\"isPartOf\":{\"@id\":\"https:\/\/boxwall.com\/cs\/#website\"},\"datePublished\":\"2024-10-04T18:26:42+00:00\",\"dateModified\":\"2024-12-27T17:21:09+00:00\",\"breadcrumb\":{\"@id\":\"https:\/\/boxwall.com\/cs\/dekujeme\/#breadcrumb\"},\"inLanguage\":\"cs\",\"potentialAction\":[{\"@type\":\"ReadAction\",\"target\":[\"https:\/\/boxwall.com\/cs\/dekujeme\/\"]}]},{\"@type\":\"BreadcrumbList\",\"@id\":\"https:\/\/boxwall.com\/cs\/dekujeme\/#breadcrumb\",\"itemListElement\":[{\"@type\":\"ListItem\",\"position\":1,\"name\":\"Home\",\"item\":\"https:\/\/boxwall.com\/cs\/home\/\"},{\"@type\":\"ListItem\",\"position\":2,\"name\":\"D\u011bkujeme\"}]},{\"@type\":\"WebSite\",\"@id\":\"https:\/\/boxwall.com\/cs\/#website\",\"url\":\"https:\/\/boxwall.com\/cs\/\",\"name\":\"EasyWall Flood Barrier\",\"description\":\"By Environment Solutions\",\"publisher\":{\"@id\":\"https:\/\/boxwall.com\/cs\/#organization\"},\"potentialAction\":[{\"@type\":\"SearchAction\",\"target\":{\"@type\":\"EntryPoint\",\"urlTemplate\":\"https:\/\/boxwall.com\/cs\/?s={search_term_string}\"},\"query-input\":{\"@type\":\"PropertyValueSpecification\",\"valueRequired\":true,\"valueName\":\"search_term_string\"}}],\"inLanguage\":\"cs\"},{\"@type\":\"Organization\",\"@id\":\"https:\/\/boxwall.com\/cs\/#organization\",\"name\":\"EasyWall Flood Barrier\",\"url\":\"https:\/\/boxwall.com\/cs\/\",\"logo\":{\"@type\":\"ImageObject\",\"inLanguage\":\"cs\",\"@id\":\"https:\/\/boxwall.com\/cs\/#\/schema\/logo\/image\/\",\"url\":\"https:\/\/boxwall.com\/wp-content\/uploads\/2025\/04\/NoFloods-by-ES-New-TM-1.webp\",\"contentUrl\":\"https:\/\/boxwall.com\/wp-content\/uploads\/2025\/04\/NoFloods-by-ES-New-TM-1.webp\",\"width\":338,\"height\":70,\"caption\":\"EasyWall Flood Barrier\"},\"image\":{\"@id\":\"https:\/\/boxwall.com\/cs\/#\/schema\/logo\/image\/\"}}]}<\/script>\n<!-- \/ Yoast SEO plugin. -->","yoast_head_json":{"title":"D\u011bkujeme - EasyWall Flood Barrier","robots":{"index":"index","follow":"follow","max-snippet":"max-snippet:-1","max-image-preview":"max-image-preview:large","max-video-preview":"max-video-preview:-1"},"canonical":"https:\/\/boxwall.com\/cs\/dekujeme\/","og_locale":"cs_CZ","og_type":"article","og_title":"D\u011bkujeme - EasyWall Flood Barrier","og_description":"D\u011bkujeme Va\u0161i zpr\u00e1vu jsme obdr\u017eeli a co nejd\u0159\u00edve se v\u00e1m ozveme. Pokud je v\u00e1\u0161 dotaz nal\u00e9hav\u00fd, nev\u00e1hejte n\u00e1s kontaktovat na [&hellip;]","og_url":"https:\/\/boxwall.com\/cs\/dekujeme\/","og_site_name":"EasyWall Flood Barrier","article_modified_time":"2024-12-27T17:21:09+00:00","twitter_card":"summary_large_image","schema":{"@context":"https:\/\/schema.org","@graph":[{"@type":"WebPage","@id":"https:\/\/boxwall.com\/cs\/dekujeme\/","url":"https:\/\/boxwall.com\/cs\/dekujeme\/","name":"D\u011bkujeme - EasyWall Flood Barrier","isPartOf":{"@id":"https:\/\/boxwall.com\/cs\/#website"},"datePublished":"2024-10-04T18:26:42+00:00","dateModified":"2024-12-27T17:21:09+00:00","breadcrumb":{"@id":"https:\/\/boxwall.com\/cs\/dekujeme\/#breadcrumb"},"inLanguage":"cs","potentialAction":[{"@type":"ReadAction","target":["https:\/\/boxwall.com\/cs\/dekujeme\/"]}]},{"@type":"BreadcrumbList","@id":"https:\/\/boxwall.com\/cs\/dekujeme\/#breadcrumb","itemListElement":[{"@type":"ListItem","position":1,"name":"Home","item":"https:\/\/boxwall.com\/cs\/home\/"},{"@type":"ListItem","position":2,"name":"D\u011bkujeme"}]},{"@type":"WebSite","@id":"https:\/\/boxwall.com\/cs\/#website","url":"https:\/\/boxwall.com\/cs\/","name":"EasyWall Flood Barrier","description":"By Environment Solutions","publisher":{"@id":"https:\/\/boxwall.com\/cs\/#organization"},"potentialAction":[{"@type":"SearchAction","target":{"@type":"EntryPoint","urlTemplate":"https:\/\/boxwall.com\/cs\/?s={search_term_string}"},"query-input":{"@type":"PropertyValueSpecification","valueRequired":true,"valueName":"search_term_string"}}],"inLanguage":"cs"},{"@type":"Organization","@id":"https:\/\/boxwall.com\/cs\/#organization","name":"EasyWall Flood Barrier","url":"https:\/\/boxwall.com\/cs\/","logo":{"@type":"ImageObject","inLanguage":"cs","@id":"https:\/\/boxwall.com\/cs\/#\/schema\/logo\/image\/","url":"https:\/\/boxwall.com\/wp-content\/uploads\/2025\/04\/NoFloods-by-ES-New-TM-1.webp","contentUrl":"https:\/\/boxwall.com\/wp-content\/uploads\/2025\/04\/NoFloods-by-ES-New-TM-1.webp","width":338,"height":70,"caption":"EasyWall Flood Barrier"},"image":{"@id":"https:\/\/boxwall.com\/cs\/#\/schema\/logo\/image\/"}}]}},"_links":{"self":[{"href":"https:\/\/boxwall.com\/cs\/wp-json\/wp\/v2\/pages\/3224","targetHints":{"allow":["GET"]}}],"collection":[{"href":"https:\/\/boxwall.com\/cs\/wp-json\/wp\/v2\/pages"}],"about":[{"href":"https:\/\/boxwall.com\/cs\/wp-json\/wp\/v2\/types\/page"}],"author":[{"embeddable":true,"href":"https:\/\/boxwall.com\/cs\/wp-json\/wp\/v2\/users\/3"}],"replies":[{"embeddable":true,"href":"https:\/\/boxwall.com\/cs\/wp-json\/wp\/v2\/comments?post=3224"}],"version-history":[{"count":1,"href":"https:\/\/boxwall.com\/cs\/wp-json\/wp\/v2\/pages\/3224\/revisions"}],"predecessor-version":[{"id":3227,"href":"https:\/\/boxwall.com\/cs\/wp-json\/wp\/v2\/pages\/3224\/revisions\/3227"}],"wp:attachment":[{"href":"https:\/\/boxwall.com\/cs\/wp-json\/wp\/v2\/media?parent=3224"}],"curies":[{"name":"wp","href":"https:\/\/api.w.org\/{rel}","templated":true}]}}