{"id":3021,"date":"2024-08-24T05:43:04","date_gmt":"2024-08-24T05:43:04","guid":{"rendered":"https:\/\/boxwall.com\/o-nas\/"},"modified":"2025-03-21T14:37:00","modified_gmt":"2025-03-21T14:37:00","slug":"o-nas","status":"publish","type":"page","link":"https:\/\/boxwall.com\/cs\/o-nas\/","title":{"rendered":"O n\u00e1s"},"content":{"rendered":"\t\t<div data-elementor-type=\"wp-page\" data-elementor-id=\"3021\" class=\"elementor elementor-3021 elementor-119\">\n\t\t\t\t<div class=\"elementor-element elementor-element-6293501 e-flex e-con-boxed e-con e-parent\" data-id=\"6293501\" data-element_type=\"container\" data-e-type=\"container\" data-settings=\"{&quot;background_background&quot;:&quot;classic&quot;}\">\n\t\t\t\t\t<div class=\"e-con-inner\">\n\t\t<div class=\"elementor-element elementor-element-60f23af e-con-full e-flex e-con e-child\" data-id=\"60f23af\" data-element_type=\"container\" data-e-type=\"container\">\n\t\t\t\t<div class=\"elementor-element elementor-element-8b67591 elementor-widget elementor-widget-heading\" data-id=\"8b67591\" data-element_type=\"widget\" data-e-type=\"widget\" data-widget_type=\"heading.default\">\n\t\t\t\t<div class=\"elementor-widget-container\">\n\t\t\t\t\t<h1 class=\"elementor-heading-title elementor-size-default\">O n\u00e1s<\/h1>\t\t\t\t<\/div>\n\t\t\t\t<\/div>\n\t\t\t\t<div class=\"elementor-element elementor-element-8d29c6c elementor-widget elementor-widget-text-editor\" data-id=\"8d29c6c\" data-element_type=\"widget\" data-e-type=\"widget\" data-widget_type=\"text-editor.default\">\n\t\t\t\t<div class=\"elementor-widget-container\">\n\t\t\t\t\t\t\t\t\t<p>Specializujeme se na vytv\u00e1\u0159en\u00ed inovativn\u00edch \u0159e\u0161en\u00ed pro do\u010dasnou ochranu p\u0159ed povodn\u011bmi, stavebn\u00ed projekty ve vod\u011b a do\u010dasn\u00e9 skladov\u00e1n\u00ed kapalin.<\/p>\n\t\t\t\t\t\t\t\t<\/div>\n\t\t\t\t<\/div>\n\t\t\t\t<\/div>\n\t\t\t\t\t<\/div>\n\t\t\t\t<\/div>\n\t\t<div class=\"elementor-element elementor-element-1df73b1 e-flex e-con-boxed e-con e-parent\" data-id=\"1df73b1\" data-element_type=\"container\" data-e-type=\"container\" data-settings=\"{&quot;background_background&quot;:&quot;classic&quot;}\">\n\t\t\t\t\t<div class=\"e-con-inner\">\n\t\t<div class=\"elementor-element elementor-element-c002b61 e-con-full e-flex e-con e-child\" data-id=\"c002b61\" data-element_type=\"container\" data-e-type=\"container\" data-settings=\"{&quot;background_background&quot;:&quot;classic&quot;}\">\n\t\t\t\t<div class=\"elementor-element elementor-element-b97116c elementor-widget elementor-widget-image\" data-id=\"b97116c\" data-element_type=\"widget\" data-e-type=\"widget\" data-widget_type=\"image.default\">\n\t\t\t\t<div class=\"elementor-widget-container\">\n\t\t\t\t\t\t\t\t\t\t\t\t\t\t\t<img fetchpriority=\"high\" decoding=\"async\" width=\"640\" height=\"480\" src=\"https:\/\/boxwall.com\/wp-content\/uploads\/2025\/03\/image0-1.webp\" class=\"attachment-full size-full wp-image-4202\" alt=\"\" srcset=\"https:\/\/boxwall.com\/wp-content\/uploads\/2025\/03\/image0-1.webp 640w, https:\/\/boxwall.com\/wp-content\/uploads\/2025\/03\/image0-1-300x225.webp 300w\" sizes=\"(max-width: 640px) 100vw, 640px\" \/>\t\t\t\t\t\t\t\t\t\t\t\t\t\t\t<\/div>\n\t\t\t\t<\/div>\n\t\t\t\t<\/div>\n\t\t<div class=\"elementor-element elementor-element-eeb1dd2 e-con-full e-flex e-con e-child\" data-id=\"eeb1dd2\" data-element_type=\"container\" data-e-type=\"container\">\n\t\t\t\t<div class=\"elementor-element elementor-element-e703ad7 elementor-widget elementor-widget-text-editor\" data-id=\"e703ad7\" data-element_type=\"widget\" data-e-type=\"widget\" data-widget_type=\"text-editor.default\">\n\t\t\t\t<div class=\"elementor-widget-container\">\n\t\t\t\t\t\t\t\t\t<p><span style=\"font-size: 12pt; font-family: \"Calibri Light\", sans-serif; background-image: initial; background-position: initial; background-size: initial; background-repeat: initial; background-attachment: initial; background-origin: initial; background-clip: initial;\">Specializujeme se na v\u00fdvoj a v\u00fdrobu inovativn\u00edch \u0159e\u0161en\u00ed pro do\u010dasnou ochranu p\u0159ed povodn\u011bmi, stavebn\u00ed projekty ve vod\u011b a do\u010dasn\u00e9 skladov\u00e1n\u00ed kapalin. S velk\u00fdm odhodl\u00e1n\u00edm k dokonalosti a z\u00e1vazkem ke kvalit\u011b nab\u00edz\u00edme rozmanitou \u0161k\u00e1lu bari\u00e9r navr\u017een\u00fdch tak, aby spl\u0148ovaly po\u017eadavky na\u0161ich klient\u016f. Na\u0161e odbornost spo\u010d\u00edv\u00e1 v poskytov\u00e1n\u00ed inovativn\u00edch \u0159e\u0161en\u00ed, kter\u00e1 trvale p\u0159ekon\u00e1vaj\u00ed o\u010dek\u00e1v\u00e1n\u00ed, a\u0165 u\u017e jde o ochranu p\u0159ed povodn\u011bmi, do\u010dasn\u00e9 skladov\u00e1n\u00ed kapalin nebo podporu stavebn\u00edch projekt\u016f ve vod\u011b.    &nbsp;Ka\u017ed\u00fd v\u00fdrobek je navr\u017een s p\u0159esnost\u00ed a spolehlivost\u00ed, co\u017e zaru\u010duje \u0161pi\u010dkov\u00fd v\u00fdkon i v t\u011bch nejn\u00e1ro\u010dn\u011bj\u0161\u00edch podm\u00ednk\u00e1ch.<\/span><span style=\"color: rgb(0, 0, 0); font-size: medium;\"><\/span><\/p>\n\t\t\t\t\t\t\t\t<\/div>\n\t\t\t\t<\/div>\n\t\t\t\t<\/div>\n\t\t\t\t\t<\/div>\n\t\t\t\t<\/div>\n\t\t<div class=\"elementor-element elementor-element-090c4cd e-flex e-con-boxed e-con e-parent\" data-id=\"090c4cd\" data-element_type=\"container\" data-e-type=\"container\" data-settings=\"{&quot;background_background&quot;:&quot;classic&quot;}\">\n\t\t\t\t\t<div class=\"e-con-inner\">\n\t\t<div class=\"elementor-element elementor-element-35cfc79 e-con-full e-flex e-con e-child\" data-id=\"35cfc79\" data-element_type=\"container\" data-e-type=\"container\">\n\t\t<div class=\"elementor-element elementor-element-649a74b e-flex e-con-boxed e-con e-child\" data-id=\"649a74b\" data-element_type=\"container\" data-e-type=\"container\">\n\t\t\t\t\t<div class=\"e-con-inner\">\n\t\t<div class=\"elementor-element elementor-element-22f442e e-con-full e-flex e-con e-child\" data-id=\"22f442e\" data-element_type=\"container\" data-e-type=\"container\">\n\t\t\t\t<div class=\"elementor-element elementor-element-a0263fc elementor-widget elementor-widget-heading\" data-id=\"a0263fc\" data-element_type=\"widget\" data-e-type=\"widget\" data-widget_type=\"heading.default\">\n\t\t\t\t<div class=\"elementor-widget-container\">\n\t\t\t\t\t<h3 class=\"elementor-heading-title elementor-size-default\">Co d\u011bl\u00e1me<\/h3>\t\t\t\t<\/div>\n\t\t\t\t<\/div>\n\t\t\t\t<\/div>\n\t\t<div class=\"elementor-element elementor-element-f8f492f e-con-full e-flex e-con e-child\" data-id=\"f8f492f\" data-element_type=\"container\" data-e-type=\"container\">\n\t\t\t\t<div class=\"elementor-element elementor-element-297a0ce elementor-widget elementor-widget-text-editor\" data-id=\"297a0ce\" data-element_type=\"widget\" data-e-type=\"widget\" data-widget_type=\"text-editor.default\">\n\t\t\t\t<div class=\"elementor-widget-container\">\n\t\t\t\t\t\t\t\t\t<p>Zam\u011b\u0159ujeme se na inovace a spokojenost z\u00e1kazn\u00edk\u016f a sna\u017e\u00edme se vyv\u00edjet a uv\u00e1d\u011bt na trh nov\u00e1 \u0159e\u0161en\u00ed, kter\u00e1 \u0159e\u0161\u00ed m\u011bn\u00edc\u00ed se probl\u00e9my na\u0161ich klient\u016f.<\/p>\n\t\t\t\t\t\t\t\t<\/div>\n\t\t\t\t<\/div>\n\t\t\t\t<\/div>\n\t\t\t\t\t<\/div>\n\t\t\t\t<\/div>\n\t\t<div class=\"elementor-element elementor-element-bcae62d e-flex e-con-boxed e-con e-child\" data-id=\"bcae62d\" data-element_type=\"container\" data-e-type=\"container\">\n\t\t\t\t\t<div class=\"e-con-inner\">\n\t\t<div class=\"elementor-element elementor-element-851ace2 e-con-full e-flex e-con e-child\" data-id=\"851ace2\" data-element_type=\"container\" data-e-type=\"container\">\n\t\t\t\t<div class=\"elementor-element elementor-element-ad63d72 elementor-widget elementor-widget-heading\" data-id=\"ad63d72\" data-element_type=\"widget\" data-e-type=\"widget\" data-widget_type=\"heading.default\">\n\t\t\t\t<div class=\"elementor-widget-container\">\n\t\t\t\t\t<h3 class=\"elementor-heading-title elementor-size-default\">Objevte v\u00fdhody<\/h3>\t\t\t\t<\/div>\n\t\t\t\t<\/div>\n\t\t\t\t<\/div>\n\t\t<div class=\"elementor-element elementor-element-d2d53df e-con-full e-flex e-con e-child\" data-id=\"d2d53df\" data-element_type=\"container\" data-e-type=\"container\">\n\t\t\t\t<div class=\"elementor-element elementor-element-bdb4298 elementor-widget elementor-widget-text-editor\" data-id=\"bdb4298\" data-element_type=\"widget\" data-e-type=\"widget\" data-widget_type=\"text-editor.default\">\n\t\t\t\t<div class=\"elementor-widget-container\">\n\t\t\t\t\t\t\t\t\t<p>Bez ohledu na rozsah nebo slo\u017eitost va\u0161eho projektu nab\u00edz\u00edme \u0159e\u0161en\u00ed na m\u00edru va\u0161im pot\u0159eb\u00e1m. Objevte v\u00fdhody, kter\u00e9 mohou \u0159e\u0161en\u00ed NoFloods p\u0159in\u00e9st va\u0161emu projektu. Kontaktujte n\u00e1s je\u0161t\u011b dnes a dozv\u00edte se v\u00edce o na\u0161\u00ed rozs\u00e1hl\u00e9 nab\u00eddce bari\u00e9r a o tom, jak v\u00e1m m\u016f\u017eeme poskytnout p\u0159\u00edstup na m\u00edru, kter\u00fd bude vyhovovat va\u0161im konkr\u00e9tn\u00edm po\u017eadavk\u016fm.  <\/p>\n\t\t\t\t\t\t\t\t<\/div>\n\t\t\t\t<\/div>\n\t\t\t\t<\/div>\n\t\t\t\t\t<\/div>\n\t\t\t\t<\/div>\n\t\t<div class=\"elementor-element elementor-element-7f7ef02 e-con-full e-flex e-con e-child\" data-id=\"7f7ef02\" data-element_type=\"container\" data-e-type=\"container\">\n\t\t<div class=\"elementor-element elementor-element-202a353 e-con-full e-flex e-con e-child\" data-id=\"202a353\" data-element_type=\"container\" data-e-type=\"container\">\n\t\t\t\t<div class=\"elementor-element elementor-element-aa0547e elementor-widget elementor-widget-heading\" data-id=\"aa0547e\" data-element_type=\"widget\" data-e-type=\"widget\" data-widget_type=\"heading.default\">\n\t\t\t\t<div class=\"elementor-widget-container\">\n\t\t\t\t\t<h3 class=\"elementor-heading-title elementor-size-default\">Prozkoumejte<br> Na\u0161e \u0159e\u0161en\u00ed<\/h3>\t\t\t\t<\/div>\n\t\t\t\t<\/div>\n\t\t\t\t<\/div>\n\t\t<div class=\"elementor-element elementor-element-3eb3d36 e-con-full e-flex e-con e-child\" data-id=\"3eb3d36\" data-element_type=\"container\" data-e-type=\"container\">\n\t\t\t\t<div class=\"elementor-element elementor-element-cc0418b elementor-widget elementor-widget-text-editor\" data-id=\"cc0418b\" data-element_type=\"widget\" data-e-type=\"widget\" data-widget_type=\"text-editor.default\">\n\t\t\t\t<div class=\"elementor-widget-container\">\n\t\t\t\t\t\t\t\t\t<p>Chcete-li si prohl\u00e9dnout na\u0161i kompletn\u00ed nab\u00eddku produkt\u016f a zjistit, jak mohou podpo\u0159it va\u0161e specifick\u00e9 po\u017eadavky, nav\u0161tivte na\u0161e webov\u00e9 str\u00e1nky <a href=\"https:\/\/nofloods.com\/\" target=\"_blank\" rel=\"noopener\">nofloods.com.<\/a> N\u00e1\u0161 t\u00fdm se zav\u00e1zal, \u017ee v\u00e1m pom\u016f\u017ee ochr\u00e1nit to nejd\u016fle\u017eit\u011bj\u0161\u00ed. <\/p>\n\t\t\t\t\t\t\t\t<\/div>\n\t\t\t\t<\/div>\n\t\t\t\t<\/div>\n\t\t\t\t<\/div>\n\t\t\t\t<\/div>\n\t\t\t\t\t<\/div>\n\t\t\t\t<\/div>\n\t\t\t\t<\/div>\n\t\t","protected":false},"excerpt":{"rendered":"<p>O n\u00e1s Specializujeme se na vytv\u00e1\u0159en\u00ed inovativn\u00edch \u0159e\u0161en\u00ed pro do\u010dasnou ochranu p\u0159ed povodn\u011bmi, stavebn\u00ed projekty ve vod\u011b a do\u010dasn\u00e9 skladov\u00e1n\u00ed [&hellip;]<\/p>\n","protected":false},"author":3,"featured_media":0,"parent":0,"menu_order":0,"comment_status":"closed","ping_status":"closed","template":"","meta":{"site-sidebar-layout":"no-sidebar","site-content-layout":"page-builder","ast-site-content-layout":"full-width-container","site-content-style":"unboxed","site-sidebar-style":"default","ast-global-header-display":"","ast-banner-title-visibility":"","ast-main-header-display":"","ast-hfb-above-header-display":"","ast-hfb-below-header-display":"","ast-hfb-mobile-header-display":"","site-post-title":"disabled","ast-breadcrumbs-content":"","ast-featured-img":"disabled","footer-sml-layout":"","ast-disable-related-posts":"","theme-transparent-header-meta":"enabled","adv-header-id-meta":"","stick-header-meta":"","header-above-stick-meta":"","header-main-stick-meta":"","header-below-stick-meta":"","astra-migrate-meta-layouts":"default","ast-page-background-enabled":"default","ast-page-background-meta":{"desktop":{"background-color":"","background-image":"","background-repeat":"repeat","background-position":"center center","background-size":"auto","background-attachment":"scroll","background-type":"","background-media":"","overlay-type":"","overlay-color":"","overlay-opacity":"","overlay-gradient":""},"tablet":{"background-color":"","background-image":"","background-repeat":"repeat","background-position":"center center","background-size":"auto","background-attachment":"scroll","background-type":"","background-media":"","overlay-type":"","overlay-color":"","overlay-opacity":"","overlay-gradient":""},"mobile":{"background-color":"","background-image":"","background-repeat":"repeat","background-position":"center center","background-size":"auto","background-attachment":"scroll","background-type":"","background-media":"","overlay-type":"","overlay-color":"","overlay-opacity":"","overlay-gradient":""}},"ast-content-background-meta":{"desktop":{"background-color":"var(--ast-global-color-5)","background-image":"","background-repeat":"repeat","background-position":"center center","background-size":"auto","background-attachment":"scroll","background-type":"","background-media":"","overlay-type":"","overlay-color":"","overlay-opacity":"","overlay-gradient":""},"tablet":{"background-color":"var(--ast-global-color-5)","background-image":"","background-repeat":"repeat","background-position":"center center","background-size":"auto","background-attachment":"scroll","background-type":"","background-media":"","overlay-type":"","overlay-color":"","overlay-opacity":"","overlay-gradient":""},"mobile":{"background-color":"var(--ast-global-color-5)","background-image":"","background-repeat":"repeat","background-position":"center center","background-size":"auto","background-attachment":"scroll","background-type":"","background-media":"","overlay-type":"","overlay-color":"","overlay-opacity":"","overlay-gradient":""}},"footnotes":""},"class_list":["post-3021","page","type-page","status-publish","hentry"],"yoast_head":"<!-- This site is optimized with the Yoast SEO plugin v27.0 - https:\/\/yoast.com\/product\/yoast-seo-wordpress\/ -->\n<title>O spole\u010dnosti BoxWall - Inovativn\u00ed \u0159e\u0161en\u00ed pro do\u010dasnou ochranu p\u0159ed povodn\u011bmi<\/title>\n<meta name=\"description\" content=\"O spole\u010dnosti BoxWall - Specializujeme se na inovativn\u00ed \u0159e\u0161en\u00ed pro do\u010dasnou ochranu p\u0159ed povodn\u011bmi, v\u00fdstavbu ve vod\u011b a projekty skladov\u00e1n\u00ed kapalin.\" \/>\n<meta name=\"robots\" content=\"index, follow, max-snippet:-1, max-image-preview:large, max-video-preview:-1\" \/>\n<link rel=\"canonical\" href=\"https:\/\/boxwall.com\/cs\/o-nas\/\" \/>\n<meta property=\"og:locale\" content=\"cs_CZ\" \/>\n<meta property=\"og:type\" content=\"article\" \/>\n<meta property=\"og:title\" content=\"O spole\u010dnosti BoxWall - Inovativn\u00ed \u0159e\u0161en\u00ed pro do\u010dasnou ochranu p\u0159ed povodn\u011bmi\" \/>\n<meta property=\"og:description\" content=\"O spole\u010dnosti BoxWall - Specializujeme se na inovativn\u00ed \u0159e\u0161en\u00ed pro do\u010dasnou ochranu p\u0159ed povodn\u011bmi, v\u00fdstavbu ve vod\u011b a projekty skladov\u00e1n\u00ed kapalin.\" \/>\n<meta property=\"og:url\" content=\"https:\/\/boxwall.com\/cs\/o-nas\/\" \/>\n<meta property=\"og:site_name\" content=\"EasyWall Flood Barrier\" \/>\n<meta property=\"article:modified_time\" content=\"2025-03-21T14:37:00+00:00\" \/>\n<meta property=\"og:image\" content=\"https:\/\/boxwall.com\/wp-content\/uploads\/2025\/03\/image0-1.webp\" \/>\n\t<meta property=\"og:image:width\" content=\"640\" \/>\n\t<meta property=\"og:image:height\" content=\"480\" \/>\n\t<meta property=\"og:image:type\" content=\"image\/webp\" \/>\n<meta name=\"twitter:card\" content=\"summary_large_image\" \/>\n<meta name=\"twitter:label1\" content=\"Odhadovan\u00e1 doba \u010dten\u00ed\" \/>\n\t<meta name=\"twitter:data1\" content=\"2 minut\" \/>\n<script type=\"application\/ld+json\" class=\"yoast-schema-graph\">{\"@context\":\"https:\/\/schema.org\",\"@graph\":[{\"@type\":\"WebPage\",\"@id\":\"https:\/\/boxwall.com\/cs\/o-nas\/\",\"url\":\"https:\/\/boxwall.com\/cs\/o-nas\/\",\"name\":\"O spole\u010dnosti BoxWall - Inovativn\u00ed \u0159e\u0161en\u00ed pro do\u010dasnou ochranu p\u0159ed povodn\u011bmi\",\"isPartOf\":{\"@id\":\"https:\/\/boxwall.com\/cs\/#website\"},\"primaryImageOfPage\":{\"@id\":\"https:\/\/boxwall.com\/cs\/o-nas\/#primaryimage\"},\"image\":{\"@id\":\"https:\/\/boxwall.com\/cs\/o-nas\/#primaryimage\"},\"thumbnailUrl\":\"https:\/\/boxwall.com\/wp-content\/uploads\/2025\/03\/image0-1.webp\",\"datePublished\":\"2024-08-24T05:43:04+00:00\",\"dateModified\":\"2025-03-21T14:37:00+00:00\",\"description\":\"O spole\u010dnosti BoxWall - Specializujeme se na inovativn\u00ed \u0159e\u0161en\u00ed pro do\u010dasnou ochranu p\u0159ed povodn\u011bmi, v\u00fdstavbu ve vod\u011b a projekty skladov\u00e1n\u00ed kapalin.\",\"breadcrumb\":{\"@id\":\"https:\/\/boxwall.com\/cs\/o-nas\/#breadcrumb\"},\"inLanguage\":\"cs\",\"potentialAction\":[{\"@type\":\"ReadAction\",\"target\":[\"https:\/\/boxwall.com\/cs\/o-nas\/\"]}]},{\"@type\":\"ImageObject\",\"inLanguage\":\"cs\",\"@id\":\"https:\/\/boxwall.com\/cs\/o-nas\/#primaryimage\",\"url\":\"https:\/\/boxwall.com\/wp-content\/uploads\/2025\/03\/image0-1.webp\",\"contentUrl\":\"https:\/\/boxwall.com\/wp-content\/uploads\/2025\/03\/image0-1.webp\"},{\"@type\":\"BreadcrumbList\",\"@id\":\"https:\/\/boxwall.com\/cs\/o-nas\/#breadcrumb\",\"itemListElement\":[{\"@type\":\"ListItem\",\"position\":1,\"name\":\"Home\",\"item\":\"https:\/\/boxwall.com\/cs\/home\/\"},{\"@type\":\"ListItem\",\"position\":2,\"name\":\"O n\u00e1s\"}]},{\"@type\":\"WebSite\",\"@id\":\"https:\/\/boxwall.com\/cs\/#website\",\"url\":\"https:\/\/boxwall.com\/cs\/\",\"name\":\"EasyWall Flood Barrier\",\"description\":\"By Environment Solutions\",\"publisher\":{\"@id\":\"https:\/\/boxwall.com\/cs\/#organization\"},\"potentialAction\":[{\"@type\":\"SearchAction\",\"target\":{\"@type\":\"EntryPoint\",\"urlTemplate\":\"https:\/\/boxwall.com\/cs\/?s={search_term_string}\"},\"query-input\":{\"@type\":\"PropertyValueSpecification\",\"valueRequired\":true,\"valueName\":\"search_term_string\"}}],\"inLanguage\":\"cs\"},{\"@type\":\"Organization\",\"@id\":\"https:\/\/boxwall.com\/cs\/#organization\",\"name\":\"EasyWall Flood Barrier\",\"url\":\"https:\/\/boxwall.com\/cs\/\",\"logo\":{\"@type\":\"ImageObject\",\"inLanguage\":\"cs\",\"@id\":\"https:\/\/boxwall.com\/cs\/#\/schema\/logo\/image\/\",\"url\":\"https:\/\/boxwall.com\/wp-content\/uploads\/2025\/04\/NoFloods-by-ES-New-TM-1.webp\",\"contentUrl\":\"https:\/\/boxwall.com\/wp-content\/uploads\/2025\/04\/NoFloods-by-ES-New-TM-1.webp\",\"width\":338,\"height\":70,\"caption\":\"EasyWall Flood Barrier\"},\"image\":{\"@id\":\"https:\/\/boxwall.com\/cs\/#\/schema\/logo\/image\/\"}}]}<\/script>\n<!-- \/ Yoast SEO plugin. -->","yoast_head_json":{"title":"O spole\u010dnosti BoxWall - Inovativn\u00ed \u0159e\u0161en\u00ed pro do\u010dasnou ochranu p\u0159ed povodn\u011bmi","description":"O spole\u010dnosti BoxWall - Specializujeme se na inovativn\u00ed \u0159e\u0161en\u00ed pro do\u010dasnou ochranu p\u0159ed povodn\u011bmi, v\u00fdstavbu ve vod\u011b a projekty skladov\u00e1n\u00ed kapalin.","robots":{"index":"index","follow":"follow","max-snippet":"max-snippet:-1","max-image-preview":"max-image-preview:large","max-video-preview":"max-video-preview:-1"},"canonical":"https:\/\/boxwall.com\/cs\/o-nas\/","og_locale":"cs_CZ","og_type":"article","og_title":"O spole\u010dnosti BoxWall - Inovativn\u00ed \u0159e\u0161en\u00ed pro do\u010dasnou ochranu p\u0159ed povodn\u011bmi","og_description":"O spole\u010dnosti BoxWall - Specializujeme se na inovativn\u00ed \u0159e\u0161en\u00ed pro do\u010dasnou ochranu p\u0159ed povodn\u011bmi, v\u00fdstavbu ve vod\u011b a projekty skladov\u00e1n\u00ed kapalin.","og_url":"https:\/\/boxwall.com\/cs\/o-nas\/","og_site_name":"EasyWall Flood Barrier","article_modified_time":"2025-03-21T14:37:00+00:00","og_image":[{"width":640,"height":480,"url":"https:\/\/boxwall.com\/wp-content\/uploads\/2025\/03\/image0-1.webp","type":"image\/webp"}],"twitter_card":"summary_large_image","twitter_misc":{"Odhadovan\u00e1 doba \u010dten\u00ed":"2 minut"},"schema":{"@context":"https:\/\/schema.org","@graph":[{"@type":"WebPage","@id":"https:\/\/boxwall.com\/cs\/o-nas\/","url":"https:\/\/boxwall.com\/cs\/o-nas\/","name":"O spole\u010dnosti BoxWall - Inovativn\u00ed \u0159e\u0161en\u00ed pro do\u010dasnou ochranu p\u0159ed povodn\u011bmi","isPartOf":{"@id":"https:\/\/boxwall.com\/cs\/#website"},"primaryImageOfPage":{"@id":"https:\/\/boxwall.com\/cs\/o-nas\/#primaryimage"},"image":{"@id":"https:\/\/boxwall.com\/cs\/o-nas\/#primaryimage"},"thumbnailUrl":"https:\/\/boxwall.com\/wp-content\/uploads\/2025\/03\/image0-1.webp","datePublished":"2024-08-24T05:43:04+00:00","dateModified":"2025-03-21T14:37:00+00:00","description":"O spole\u010dnosti BoxWall - Specializujeme se na inovativn\u00ed \u0159e\u0161en\u00ed pro do\u010dasnou ochranu p\u0159ed povodn\u011bmi, v\u00fdstavbu ve vod\u011b a projekty skladov\u00e1n\u00ed kapalin.","breadcrumb":{"@id":"https:\/\/boxwall.com\/cs\/o-nas\/#breadcrumb"},"inLanguage":"cs","potentialAction":[{"@type":"ReadAction","target":["https:\/\/boxwall.com\/cs\/o-nas\/"]}]},{"@type":"ImageObject","inLanguage":"cs","@id":"https:\/\/boxwall.com\/cs\/o-nas\/#primaryimage","url":"https:\/\/boxwall.com\/wp-content\/uploads\/2025\/03\/image0-1.webp","contentUrl":"https:\/\/boxwall.com\/wp-content\/uploads\/2025\/03\/image0-1.webp"},{"@type":"BreadcrumbList","@id":"https:\/\/boxwall.com\/cs\/o-nas\/#breadcrumb","itemListElement":[{"@type":"ListItem","position":1,"name":"Home","item":"https:\/\/boxwall.com\/cs\/home\/"},{"@type":"ListItem","position":2,"name":"O n\u00e1s"}]},{"@type":"WebSite","@id":"https:\/\/boxwall.com\/cs\/#website","url":"https:\/\/boxwall.com\/cs\/","name":"EasyWall Flood Barrier","description":"By Environment Solutions","publisher":{"@id":"https:\/\/boxwall.com\/cs\/#organization"},"potentialAction":[{"@type":"SearchAction","target":{"@type":"EntryPoint","urlTemplate":"https:\/\/boxwall.com\/cs\/?s={search_term_string}"},"query-input":{"@type":"PropertyValueSpecification","valueRequired":true,"valueName":"search_term_string"}}],"inLanguage":"cs"},{"@type":"Organization","@id":"https:\/\/boxwall.com\/cs\/#organization","name":"EasyWall Flood Barrier","url":"https:\/\/boxwall.com\/cs\/","logo":{"@type":"ImageObject","inLanguage":"cs","@id":"https:\/\/boxwall.com\/cs\/#\/schema\/logo\/image\/","url":"https:\/\/boxwall.com\/wp-content\/uploads\/2025\/04\/NoFloods-by-ES-New-TM-1.webp","contentUrl":"https:\/\/boxwall.com\/wp-content\/uploads\/2025\/04\/NoFloods-by-ES-New-TM-1.webp","width":338,"height":70,"caption":"EasyWall Flood Barrier"},"image":{"@id":"https:\/\/boxwall.com\/cs\/#\/schema\/logo\/image\/"}}]}},"_links":{"self":[{"href":"https:\/\/boxwall.com\/cs\/wp-json\/wp\/v2\/pages\/3021","targetHints":{"allow":["GET"]}}],"collection":[{"href":"https:\/\/boxwall.com\/cs\/wp-json\/wp\/v2\/pages"}],"about":[{"href":"https:\/\/boxwall.com\/cs\/wp-json\/wp\/v2\/types\/page"}],"author":[{"embeddable":true,"href":"https:\/\/boxwall.com\/cs\/wp-json\/wp\/v2\/users\/3"}],"replies":[{"embeddable":true,"href":"https:\/\/boxwall.com\/cs\/wp-json\/wp\/v2\/comments?post=3021"}],"version-history":[{"count":2,"href":"https:\/\/boxwall.com\/cs\/wp-json\/wp\/v2\/pages\/3021\/revisions"}],"predecessor-version":[{"id":4230,"href":"https:\/\/boxwall.com\/cs\/wp-json\/wp\/v2\/pages\/3021\/revisions\/4230"}],"wp:attachment":[{"href":"https:\/\/boxwall.com\/cs\/wp-json\/wp\/v2\/media?parent=3021"}],"curies":[{"name":"wp","href":"https:\/\/api.w.org\/{rel}","templated":true}]}}